{"id":235786,"date":"2023-12-08T10:43:02","date_gmt":"2023-12-08T10:43:02","guid":{"rendered":"https:\/\/groenecampingindepolder.nl\/tarifs\/"},"modified":"2024-03-01T14:07:07","modified_gmt":"2024-03-01T14:07:07","slug":"tarifs","status":"publish","type":"page","link":"https:\/\/groenecampingindepolder.nl\/fr\/tarifs\/","title":{"rendered":"Tarifs"},"content":{"rendered":"<p>[et_pb_section fb_built=\u00a0\u00bb1&Prime; custom_padding_last_edited=\u00a0\u00bbon|desktop\u00a0\u00bb admin_label=\u00a0\u00bbHeader\u00a0\u00bb _builder_version=\u00a0\u00bb4.23.1&Prime; _module_preset=\u00a0\u00bbdefault\u00a0\u00bb background_enable_color=\u00a0\u00bboff\u00a0\u00bb use_background_color_gradient=\u00a0\u00bbon\u00a0\u00bb background_color_gradient_direction=\u00a0\u00bb90deg\u00a0\u00bb background_color_gradient_stops=\u00a0\u00bbrgba(33,64,28,0) 75%|#689b2f 75%\u00a0\u00bb background_color_gradient_overlays_image=\u00a0\u00bbon\u00a0\u00bb background_color_gradient_start=\u00a0\u00bb#21401c\u00a0\u00bb background_color_gradient_start_position=\u00a0\u00bb64%\u00a0\u00bb background_color_gradient_end=\u00a0\u00bbrgba(33,64,28,0)\u00a0\u00bb background_color_gradient_end_position=\u00a0\u00bb64%\u00a0\u00bb background_image=\u00a0\u00bbhttps:\/\/groenecampingindepolder.nl\/wp-content\/uploads\/2023\/06\/Groene-Camping-in-de-polder-Putter-.jpg\u00a0\u00bb background_position=\u00a0\u00bbbottom_center\u00a0\u00bb background_vertical_offset=\u00a0\u00bb66%\u00a0\u00bb background_repeat=\u00a0\u00bbrepeat\u00a0\u00bb background_blend=\u00a0\u00bbmultiply\u00a0\u00bb overflow-y=\u00a0\u00bbhidden\u00a0\u00bb custom_margin=\u00a0\u00bb||||false|false\u00a0\u00bb custom_padding=\u00a0\u00bb139px||211px||false|false\u00a0\u00bb custom_padding_tablet=\u00a0\u00bb139px||211px|0px|false|false\u00a0\u00bb custom_padding_phone=\u00a0\u00bb139px||211px||false|false\u00a0\u00bb background_last_edited=\u00a0\u00bbon|phone\u00a0\u00bb use_background_color_gradient_tablet=\u00a0\u00bbon\u00a0\u00bb use_background_color_gradient_phone=\u00a0\u00bbon\u00a0\u00bb background_color_gradient_stops_tablet=\u00a0\u00bb#21401c 26%|rgba(33,64,28,0) 26%\u00a0\u00bb background_color_gradient_stops_phone=\u00a0\u00bb#21401c 26%|rgba(255,255,255,0) 26%\u00a0\u00bb background_color_gradient_start_position_tablet=\u00a0\u00bb88%\u00a0\u00bb background_color_gradient_end_position_tablet=\u00a0\u00bb88%\u00a0\u00bb parallax_phone=\u00a0\u00bbon\u00a0\u00bb background_position_phone=\u00a0\u00bbbottom_right\u00a0\u00bb background_horizontal_offset_tablet=\u00a0\u00bb58%\u00a0\u00bb background_horizontal_offset_phone=\u00a0\u00bb41%\u00a0\u00bb background_vertical_offset_tablet=\u00a0\u00bb66%\u00a0\u00bb background_vertical_offset_phone=\u00a0\u00bb13%\u00a0\u00bb locked=\u00a0\u00bboff\u00a0\u00bb global_colors_info=\u00a0\u00bb{}\u00a0\u00bb][et_pb_row column_structure=\u00a0\u00bb3_5,2_5&Prime; _builder_version=\u00a0\u00bb4.22.1&Prime; _module_preset=\u00a0\u00bbdefault\u00a0\u00bb background_color=\u00a0\u00bbRGBA(255,255,255,0)\u00a0\u00bb collapsed=\u00a0\u00bboff\u00a0\u00bb global_colors_info=\u00a0\u00bb{}\u00a0\u00bb][et_pb_column type=\u00a0\u00bb3_5&Prime; _builder_version=\u00a0\u00bb4.22.1&Prime; _module_preset=\u00a0\u00bbdefault\u00a0\u00bb background_enable_color=\u00a0\u00bboff\u00a0\u00bb custom_padding=\u00a0\u00bb80px||||false|false\u00a0\u00bb custom_padding_tablet=\u00a0\u00bb0px||||false|false\u00a0\u00bb custom_padding_phone=\u00a0\u00bb\u00a0\u00bb custom_padding_last_edited=\u00a0\u00bbon|tablet\u00a0\u00bb global_colors_info=\u00a0\u00bb{}\u00a0\u00bb][et_pb_heading title=\u00a0\u00bbTARIFS\u00a0\u00bb _builder_version=\u00a0\u00bb4.22.2&Prime; _module_preset=\u00a0\u00bbdefault\u00a0\u00bb title_font=\u00a0\u00bbMontserrat|800|||||||\u00a0\u00bb title_text_color=\u00a0\u00bb#FFFFFF\u00a0\u00bb title_font_size=\u00a0\u00bb64px\u00a0\u00bb global_colors_info=\u00a0\u00bb{}\u00a0\u00bb][\/et_pb_heading][et_pb_text _builder_version=\u00a0\u00bb4.23.1&Prime; _module_preset=\u00a0\u00bbdefault\u00a0\u00bb header_3_text_color=\u00a0\u00bb#FFFFFF\u00a0\u00bb global_colors_info=\u00a0\u00bb{}\u00a0\u00bb]<\/p>\n<h3>Retrouvez ici les tarifs, p\u00e9riodes d&rsquo;ouverture et le calendrier saisonnier pour 2024.<\/h3>\n<p>&nbsp;<\/p>\n<p>[\/et_pb_text][\/et_pb_column][et_pb_column type=\u00a0\u00bb2_5&Prime; _builder_version=\u00a0\u00bb4.16&Prime; _module_preset=\u00a0\u00bbdefault\u00a0\u00bb global_colors_info=\u00a0\u00bb{}\u00a0\u00bb][et_pb_blurb image_icon_background_color=\u00a0\u00bbRGBA(255,255,255,0)\u00a0\u00bb _builder_version=\u00a0\u00bb4.22.2&Prime; _module_preset=\u00a0\u00bb225d0675-a2b0-4307-9039-8cffccd1968a\u00a0\u00bb header_level=\u00a0\u00bbh2&Prime; header_font=\u00a0\u00bbMontserrat|700|||||||\u00a0\u00bb header_text_color=\u00a0\u00bb#FFFFFF\u00a0\u00bb header_line_height=\u00a0\u00bb1.6em\u00a0\u00bb body_font=\u00a0\u00bb|700|||||||\u00a0\u00bb body_text_color=\u00a0\u00bb#FFFFFF\u00a0\u00bb body_font_size=\u00a0\u00bb25px\u00a0\u00bb body_line_height=\u00a0\u00bb1.6em\u00a0\u00bb background_color=\u00a0\u00bb#689B2F\u00a0\u00bb text_orientation=\u00a0\u00bbcenter\u00a0\u00bb custom_padding=\u00a0\u00bb30px|20px|30px|20px|true|true\u00a0\u00bb animation=\u00a0\u00bboff\u00a0\u00bb header_font_size_tablet=\u00a0\u00bb16px\u00a0\u00bb header_font_size_phone=\u00a0\u00bb14px\u00a0\u00bb header_font_size_last_edited=\u00a0\u00bbon|phone\u00a0\u00bb body_font_size_tablet=\u00a0\u00bb15px\u00a0\u00bb body_font_size_phone=\u00a0\u00bb14px\u00a0\u00bb body_font_size_last_edited=\u00a0\u00bboff|desktop\u00a0\u00bb border_radii=\u00a0\u00bbon|20px|20px|20px|20px\u00a0\u00bb border_color_all_image=\u00a0\u00bbRGBA(255,255,255,0)\u00a0\u00bb box_shadow_style=\u00a0\u00bbpreset2&Prime; box_shadow_horizontal=\u00a0\u00bb0px\u00a0\u00bb box_shadow_vertical=\u00a0\u00bb25px\u00a0\u00bb box_shadow_blur=\u00a0\u00bb70px\u00a0\u00bb locked=\u00a0\u00bboff\u00a0\u00bb global_colors_info=\u00a0\u00bb{}\u00a0\u00bb]<\/p>\n<p>Horaires d&rsquo;ouverture du camping :<br \/>Du 29 mars au 22 septembre<\/p>\n<p>G\u00eetes :<br \/>Ouvert toute l&rsquo;ann\u00e9e pour les s\u00e9jours r\u00e9cr\u00e9atifs<\/p>\n<p>[\/et_pb_blurb][\/et_pb_column][\/et_pb_row][\/et_pb_section][et_pb_section fb_built=\u00a0\u00bb1&Prime; admin_label=\u00a0\u00bbProducts\u00a0\u00bb _builder_version=\u00a0\u00bb4.22.2&Prime; _module_preset=\u00a0\u00bbdefault\u00a0\u00bb background_color=\u00a0\u00bb#689B2F\u00a0\u00bb background_size=\u00a0\u00bbcontain\u00a0\u00bb background_position=\u00a0\u00bbbottom_right\u00a0\u00bb custom_margin=\u00a0\u00bb||-3px|||\u00a0\u00bb locked=\u00a0\u00bboff\u00a0\u00bb global_colors_info=\u00a0\u00bb{}\u00a0\u00bb][et_pb_row disabled_on=\u00a0\u00bboff|off|off\u00a0\u00bb module_id=\u00a0\u00bbga-naar-tarieven-camping\u00a0\u00bb _builder_version=\u00a0\u00bb4.23.1&Prime; _module_preset=\u00a0\u00bbdefault\u00a0\u00bb z_index=\u00a0\u00bb9&Prime; width=\u00a0\u00bb100%\u00a0\u00bb max_width=\u00a0\u00bb700px\u00a0\u00bb module_alignment=\u00a0\u00bbcenter\u00a0\u00bb custom_margin=\u00a0\u00bb-120px||||false|false\u00a0\u00bb custom_padding=\u00a0\u00bb0px||||false|false\u00a0\u00bb module_alignment_tablet=\u00a0\u00bbcenter\u00a0\u00bb module_alignment_phone=\u00a0\u00bbcenter\u00a0\u00bb module_alignment_last_edited=\u00a0\u00bbon|desktop\u00a0\u00bb locked=\u00a0\u00bboff\u00a0\u00bb global_colors_info=\u00a0\u00bb{}\u00a0\u00bb][et_pb_column type=\u00a0\u00bb4_4&Prime; _builder_version=\u00a0\u00bb4.22.2&Prime; _module_preset=\u00a0\u00bbdefault\u00a0\u00bb background_color=\u00a0\u00bb#FFFFFF\u00a0\u00bb custom_padding=\u00a0\u00bb40px|30px|40px|30px|true|true\u00a0\u00bb link_option_url=\u00a0\u00bb#\u00a0\u00bb border_radii=\u00a0\u00bbon|20px|20px|20px|20px\u00a0\u00bb box_shadow_style=\u00a0\u00bbpreset2&Prime; box_shadow_horizontal=\u00a0\u00bb0px\u00a0\u00bb box_shadow_vertical=\u00a0\u00bb25px\u00a0\u00bb box_shadow_blur=\u00a0\u00bb70px\u00a0\u00bb global_colors_info=\u00a0\u00bb{}\u00a0\u00bb][et_pb_text _builder_version=\u00a0\u00bb4.23.1&Prime; _module_preset=\u00a0\u00bbdefault\u00a0\u00bb global_colors_info=\u00a0\u00bb{}\u00a0\u00bb]<\/p>\n<h1>Camping<\/h1>\n<p>&nbsp;<\/p>\n<table border=\"1\" style=\"border-collapse: collapse; width: 100%; height: 408px;\">\n<tbody>\n<tr style=\"height: 48px;\">\n<td style=\"width: 65%; height: 48px;\">Enfants de 0 \u00e0 12 ans<\/td>\n<td style=\"width: 35%; text-align: right; height: 48px;\">5,00 \u20ac*<\/td>\n<\/tr>\n<tr style=\"height: 24px;\">\n<td style=\"width: 65%; height: 24px;\">Personnes de 12 ans et plus<\/td>\n<td style=\"width: 35%; text-align: right; height: 24px;\">6,50 \u20ac*<\/td>\n<\/tr>\n<tr style=\"height: 24px;\">\n<td style=\"width: 65%; height: 24px;\"><strong>Juillet &#8211; Ao\u00fbt<\/strong><\/td>\n<td style=\"width: 35%; text-align: right; height: 24px;\"><\/td>\n<\/tr>\n<tr style=\"height: 24px;\">\n<td style=\"width: 65%; height: 24px;\">Enfants de 0 \u00e0 12 ans<\/td>\n<td style=\"width: 35%; text-align: right; height: 24px;\">5,50 \u20ac*<\/td>\n<\/tr>\n<tr style=\"height: 24px;\">\n<td style=\"width: 65%; height: 24px;\"><strong>Juillet &#8211; Ao\u00fbt<\/strong><\/td>\n<td style=\"width: 35%; text-align: right; height: 24px;\"><\/td>\n<\/tr>\n<tr style=\"height: 24px;\">\n<td style=\"width: 65%; height: 24px;\">Personnes de 12 ans et plus<\/td>\n<td style=\"width: 35%; text-align: right; height: 24px;\">7,00 \u20ac*<\/td>\n<\/tr>\n<tr style=\"height: 24px;\">\n<td style=\"width: 65%; height: 24px;\">Tente<\/td>\n<td style=\"width: 35%; text-align: right; height: 24px;\">7,00 \u20ac<\/td>\n<\/tr>\n<tr style=\"height: 24px;\">\n<td style=\"width: 65%; height: 24px;\">Tente d&rsquo;appoint \/ Chapiteau<\/td>\n<td style=\"width: 35%; text-align: right; height: 24px;\">5,25 \u20ac<\/td>\n<\/tr>\n<tr style=\"height: 24px;\">\n<td style=\"width: 65%; height: 24px;\">Caravane \/ caravane pliante<\/td>\n<td style=\"width: 35%; text-align: right; height: 24px;\">7,00 \u20ac<\/td>\n<\/tr>\n<tr style=\"height: 24px;\">\n<td style=\"width: 65%; height: 24px;\">Camping-car<\/td>\n<td style=\"width: 35%; text-align: right; height: 24px;\">7,00 \u20ac<\/td>\n<\/tr>\n<tr style=\"height: 24px;\">\n<td style=\"width: 65%; height: 24px;\">Chien<\/td>\n<td style=\"width: 35%; text-align: right; height: 24px;\">3,25 \u20ac<\/td>\n<\/tr>\n<tr style=\"height: 24px;\">\n<td style=\"width: 65%; height: 24px;\">\u00c9lectricit\u00e9 16A<\/td>\n<td style=\"width: 35%; text-align: right; height: 24px;\">3,50 \u20ac<\/td>\n<\/tr>\n<tr style=\"height: 24px;\">\n<td style=\"width: 65%; height: 24px;\">Douches<\/td>\n<td style=\"width: 35%; text-align: right; height: 24px;\">Gratuit<\/td>\n<\/tr>\n<tr style=\"height: 24px;\">\n<td style=\"width: 65%; height: 24px;\">Taxe de s\u00e9jour par personne<\/td>\n<td style=\"width: 35%; text-align: right; height: 24px;\">1,75 \u20ac<\/td>\n<\/tr>\n<tr style=\"height: 24px;\">\n<td style=\"width: 65%; height: 24px;\">D\u00e9part apr\u00e8s 12h00, par personne<\/td>\n<td style=\"width: 35%; text-align: right; height: 24px;\">5,50 \u20ac<\/td>\n<\/tr>\n<tr style=\"height: 24px;\">\n<td style=\"width: 65%; height: 24px;\">* par personne et par nuit<\/td>\n<td style=\"width: 35%; text-align: right; height: 24px;\"><\/td>\n<\/tr>\n<\/tbody>\n<\/table>\n<p>&nbsp;<\/p>\n<p>[\/et_pb_text][\/et_pb_column][\/et_pb_row][\/et_pb_section][et_pb_section fb_built=\u00a0\u00bb1&Prime; admin_label=\u00a0\u00bbProducts\u00a0\u00bb _builder_version=\u00a0\u00bb4.22.1&Prime; _module_preset=\u00a0\u00bbdefault\u00a0\u00bb background_color=\u00a0\u00bbRGBA(255,255,255,0)\u00a0\u00bb background_size=\u00a0\u00bbcontain\u00a0\u00bb background_position=\u00a0\u00bbbottom_right\u00a0\u00bb custom_margin=\u00a0\u00bb||-3px|||\u00a0\u00bb locked=\u00a0\u00bboff\u00a0\u00bb global_colors_info=\u00a0\u00bb{}\u00a0\u00bb][et_pb_row make_equal=\u00a0\u00bbon\u00a0\u00bb module_id=\u00a0\u00bbga-naar-tarieven-beverburcht\u00a0\u00bb _builder_version=\u00a0\u00bb4.23.1&Prime; _module_preset=\u00a0\u00bbdefault\u00a0\u00bb z_index=\u00a0\u00bb9&Prime; width=\u00a0\u00bb100%\u00a0\u00bb max_width=\u00a0\u00bb700px\u00a0\u00bb min_height=\u00a0\u00bb250px\u00a0\u00bb custom_margin=\u00a0\u00bb20px||||false|false\u00a0\u00bb custom_padding=\u00a0\u00bb0px||||false|false\u00a0\u00bb locked=\u00a0\u00bboff\u00a0\u00bb global_colors_info=\u00a0\u00bb{}\u00a0\u00bb][et_pb_column type=\u00a0\u00bb4_4&Prime; _builder_version=\u00a0\u00bb4.22.2&Prime; _module_preset=\u00a0\u00bbdefault\u00a0\u00bb background_color=\u00a0\u00bb#FFFFFF\u00a0\u00bb background_enable_image=\u00a0\u00bboff\u00a0\u00bb parallax=\u00a0\u00bbon\u00a0\u00bb custom_padding=\u00a0\u00bb40px|30px|40px|30px|true|true\u00a0\u00bb link_option_url=\u00a0\u00bb#\u00a0\u00bb border_radii=\u00a0\u00bbon|20px|20px|20px|20px\u00a0\u00bb box_shadow_style=\u00a0\u00bbpreset2&Prime; box_shadow_horizontal=\u00a0\u00bb0px\u00a0\u00bb box_shadow_vertical=\u00a0\u00bb25px\u00a0\u00bb box_shadow_blur=\u00a0\u00bb70px\u00a0\u00bb global_colors_info=\u00a0\u00bb{}\u00a0\u00bb][et_pb_text _builder_version=\u00a0\u00bb4.23.1&Prime; _module_preset=\u00a0\u00bbdefault\u00a0\u00bb global_colors_info=\u00a0\u00bb{}\u00a0\u00bb]<\/p>\n<h1>Le nid du castor<\/h1>\n<p>&nbsp;<\/p>\n<table border=\"1\" style=\"border-collapse: collapse; width: 100%; height: 100%px;\">\n<tbody>\n<tr style=\"height: 48px;\">\n<td style=\"width: 65%; height: 48px;\">Enfants de 0 \u00e0 12 ans<\/td>\n<td style=\"width: 35%; text-align: right; height: 48px;\">12,00 \u20ac*<\/td>\n<\/tr>\n<tr style=\"height: 24px;\">\n<td style=\"width: 65%; height: 24px;\">Personnes de 12 ans et plus<\/td>\n<td style=\"width: 35%; text-align: right; height: 24px;\">27,00 \u20ac*<\/td>\n<\/tr>\n<tr style=\"height: 24px;\">\n<td style=\"width: 65%; height: 24px;\"><span>Parure de lit par personne<\/span><\/td>\n<td style=\"width: 35%; text-align: right; height: 24px;\">12,50 \u20ac*\/**<\/td>\n<\/tr>\n<tr style=\"height: 24px;\">\n<td style=\"width: 65%; height: 24px;\">Taxe de s\u00e9jour par personne<\/td>\n<td style=\"width: 35%; text-align: right; height: 24px;\">1,75 \u20ac*<\/td>\n<\/tr>\n<tr style=\"height: 24px;\">\n<td style=\"width: 65%; height: 24px;\">* par personne et par nuit<br \/>** location des draps obligatoire<br \/>Les chiens ne sont pas accept\u00e9s dans le nid du castor<\/td>\n<td style=\"width: 35%; text-align: right; height: 24px;\"><\/td>\n<\/tr>\n<\/tbody>\n<\/table>\n<p>&nbsp;<\/p>\n<p>[\/et_pb_text][\/et_pb_column][\/et_pb_row][\/et_pb_section][et_pb_section fb_built=\u00a0\u00bb1&Prime; admin_label=\u00a0\u00bbProducts\u00a0\u00bb _builder_version=\u00a0\u00bb4.23.1&Prime; _module_preset=\u00a0\u00bbdefault\u00a0\u00bb background_color=\u00a0\u00bb#F3EFEC\u00a0\u00bb background_size=\u00a0\u00bbcontain\u00a0\u00bb background_position=\u00a0\u00bbbottom_right\u00a0\u00bb custom_margin=\u00a0\u00bb||-3px|||\u00a0\u00bb locked=\u00a0\u00bboff\u00a0\u00bb global_colors_info=\u00a0\u00bb{}\u00a0\u00bb][et_pb_row column_structure=\u00a0\u00bb1_2,1_2&Prime; make_equal=\u00a0\u00bbon\u00a0\u00bb _builder_version=\u00a0\u00bb4.23.1&Prime; _module_preset=\u00a0\u00bbdefault\u00a0\u00bb z_index=\u00a0\u00bb9&Prime; width=\u00a0\u00bb90%\u00a0\u00bb min_height=\u00a0\u00bb250px\u00a0\u00bb custom_margin=\u00a0\u00bb20px||||false|false\u00a0\u00bb custom_padding=\u00a0\u00bb0px||||false|false\u00a0\u00bb locked=\u00a0\u00bboff\u00a0\u00bb global_colors_info=\u00a0\u00bb{}\u00a0\u00bb][et_pb_column type=\u00a0\u00bb1_2&Prime; module_id=\u00a0\u00bbga-naar-tarieven-vakantiehuisjes\u00a0\u00bb _builder_version=\u00a0\u00bb4.23.1&Prime; _dynamic_attributes=\u00a0\u00bblink_option_url\u00a0\u00bb _module_preset=\u00a0\u00bbdefault\u00a0\u00bb background_color=\u00a0\u00bb#FFFFFF\u00a0\u00bb background_enable_image=\u00a0\u00bboff\u00a0\u00bb parallax=\u00a0\u00bbon\u00a0\u00bb custom_padding=\u00a0\u00bb40px|30px|40px|30px|true|true\u00a0\u00bb link_option_url=\u00a0\u00bb@ET-DC@eyJkeW5hbWljIjp0cnVlLCJjb250ZW50IjoicG9zdF9saW5rX3VybF9wcm9qZWN0Iiwic2V0dGluZ3MiOnsicG9zdF9pZCI6IjMwNDIyIiwiZW5hYmxlX2h0bWwiOiJvZmYifX0=@\u00a0\u00bb border_radii=\u00a0\u00bbon|20px|20px|20px|20px\u00a0\u00bb box_shadow_style=\u00a0\u00bbpreset2&Prime; box_shadow_horizontal=\u00a0\u00bb0px\u00a0\u00bb box_shadow_vertical=\u00a0\u00bb25px\u00a0\u00bb box_shadow_blur=\u00a0\u00bb70px\u00a0\u00bb global_colors_info=\u00a0\u00bb{}\u00a0\u00bb][et_pb_text _builder_version=\u00a0\u00bb4.23.1&Prime; _module_preset=\u00a0\u00bbdefault\u00a0\u00bb global_colors_info=\u00a0\u00bb{}\u00a0\u00bb]<\/p>\n<h1>Les g\u00eetes<\/h1>\n<p>&nbsp;<\/p>\n<p>Consultez les tarifs sur :<\/p>\n<p><a href=\"https:\/\/groenecampingindepolder.nl\/fr\/project\/gites-de-vacances\/\">Les g\u00eetes<\/a> **<\/p>\n<p>** Les g\u00eetes sont lou\u00e9s en partenariat avec <a href=\"https:\/\/www.belvilla.nl\/nl\/100025757\/\" target=\"_blank\" rel=\"noopener\">Belvilla<\/a>.<\/p>\n<p>&nbsp;<\/p>\n<p>[\/et_pb_text][et_pb_image src=\u00a0\u00bbhttps:\/\/groenecampingindepolder.nl\/wp-content\/uploads\/2023\/12\/Belvilla.png\u00a0\u00bb title_text=\u00a0\u00bbBelvilla\u00a0\u00bb url=\u00a0\u00bbhttps:\/\/www.belvilla.nl\/nl\/100025757\/\u00a0\u00bb url_new_window=\u00a0\u00bbon\u00a0\u00bb align=\u00a0\u00bbcenter\u00a0\u00bb _builder_version=\u00a0\u00bb4.23.1&Prime; _module_preset=\u00a0\u00bbdefault\u00a0\u00bb global_colors_info=\u00a0\u00bb{}\u00a0\u00bb][\/et_pb_image][\/et_pb_column][et_pb_column type=\u00a0\u00bb1_2&Prime; module_id=\u00a0\u00bbga-naar-tarieven-leavv\u00a0\u00bb _builder_version=\u00a0\u00bb4.23.1&Prime; _module_preset=\u00a0\u00bbdefault\u00a0\u00bb background_color=\u00a0\u00bb#FFFFFF\u00a0\u00bb background_enable_image=\u00a0\u00bboff\u00a0\u00bb parallax=\u00a0\u00bbon\u00a0\u00bb custom_padding=\u00a0\u00bb40px|30px|40px|30px|true|true\u00a0\u00bb link_option_url=\u00a0\u00bbhttps:\/\/leavv.com\/elektrische-camper-huren-brabant-nl\/\u00a0\u00bb link_option_url_new_window=\u00a0\u00bbon\u00a0\u00bb border_radii=\u00a0\u00bbon|20px|20px|20px|20px\u00a0\u00bb box_shadow_style=\u00a0\u00bbpreset2&Prime; box_shadow_horizontal=\u00a0\u00bb0px\u00a0\u00bb box_shadow_vertical=\u00a0\u00bb25px\u00a0\u00bb box_shadow_blur=\u00a0\u00bb70px\u00a0\u00bb global_colors_info=\u00a0\u00bb{}\u00a0\u00bb][et_pb_text _builder_version=\u00a0\u00bb4.23.1&Prime; _module_preset=\u00a0\u00bbdefault\u00a0\u00bb global_colors_info=\u00a0\u00bb{}\u00a0\u00bb]<\/p>\n<h1>Camping-car \u00e9lectrique<\/h1>\n<p>&nbsp;<\/p>\n<p>Nous sommes fiers de vous proposer le service LEAVV. Louez votre camping-car enti\u00e8rement \u00e9lectrique et venez le r\u00e9cup\u00e9rer sur notre camping.<\/p>\n<p>Consultez les tarifs sur <a href=\"https:\/\/leavv.com\/elektrische-camper-huren-brabant-nl\/\" target=\"_blank\" rel=\"noopener\">LEAVV<\/a><\/p>\n<p>&nbsp;<\/p>\n<p>[\/et_pb_text][et_pb_image src=\u00a0\u00bbhttps:\/\/groenecampingindepolder.nl\/wp-content\/uploads\/2023\/12\/electrische-camper-huren-brabant-lage-zwaluwe-lets-leavv.png\u00a0\u00bb title_text=\u00a0\u00bblocation de camping-cars \u00e9lectriques-brabant-lage-zwaluwe-lets-leavv\u00a0\u00bb url=\u00a0\u00bbhttps:\/\/leavv.com\/elektrische-camper-huren-brabant-nl\/\u00a0\u00bb url_new_window=\u00a0\u00bbon\u00a0\u00bb align=\u00a0\u00bbcenter\u00a0\u00bb _builder_version=\u00a0\u00bb4.23.1&Prime; _module_preset=\u00a0\u00bbdefault\u00a0\u00bb global_colors_info=\u00a0\u00bb{}\u00a0\u00bb][\/et_pb_image][\/et_pb_column][\/et_pb_row][\/et_pb_section][et_pb_section fb_built=\u00a0\u00bb1&Prime; admin_label=\u00a0\u00bbProducts\u00a0\u00bb _builder_version=\u00a0\u00bb4.22.1&Prime; _module_preset=\u00a0\u00bbdefault\u00a0\u00bb background_color=\u00a0\u00bb#FF9900&Prime; background_size=\u00a0\u00bbcontain\u00a0\u00bb background_position=\u00a0\u00bbbottom_right\u00a0\u00bb custom_margin=\u00a0\u00bb||-3px|||\u00a0\u00bb locked=\u00a0\u00bboff\u00a0\u00bb global_colors_info=\u00a0\u00bb{}\u00a0\u00bb][et_pb_row column_structure=\u00a0\u00bb1_2,1_2&Prime; make_equal=\u00a0\u00bbon\u00a0\u00bb module_id=\u00a0\u00bbga-naar-op-de-fiets\u00a0\u00bb _builder_version=\u00a0\u00bb4.22.2&Prime; _module_preset=\u00a0\u00bbdefault\u00a0\u00bb z_index=\u00a0\u00bb9&Prime; width=\u00a0\u00bb90%\u00a0\u00bb min_height=\u00a0\u00bb250px\u00a0\u00bb custom_margin=\u00a0\u00bb20px||||false|false\u00a0\u00bb custom_padding=\u00a0\u00bb0px||||false|false\u00a0\u00bb locked=\u00a0\u00bboff\u00a0\u00bb global_colors_info=\u00a0\u00bb{}\u00a0\u00bb][et_pb_column type=\u00a0\u00bb1_2&Prime; _builder_version=\u00a0\u00bb4.22.2&Prime; _module_preset=\u00a0\u00bbdefault\u00a0\u00bb background_color=\u00a0\u00bb#FFFFFF\u00a0\u00bb background_enable_image=\u00a0\u00bboff\u00a0\u00bb background_position=\u00a0\u00bbcenter_left\u00a0\u00bb background_horizontal_offset=\u00a0\u00bb0%\u00a0\u00bb custom_padding=\u00a0\u00bb40px|30px|40px|30px|true|true\u00a0\u00bb link_option_url=\u00a0\u00bb#\u00a0\u00bb border_radii=\u00a0\u00bbon|20px|20px|20px|20px\u00a0\u00bb box_shadow_style=\u00a0\u00bbpreset2&Prime; box_shadow_horizontal=\u00a0\u00bb0px\u00a0\u00bb box_shadow_vertical=\u00a0\u00bb25px\u00a0\u00bb box_shadow_blur=\u00a0\u00bb70px\u00a0\u00bb global_colors_info=\u00a0\u00bb{}\u00a0\u00bb][et_pb_code _builder_version=\u00a0\u00bb4.22.2&Prime; _module_preset=\u00a0\u00bbdefault\u00a0\u00bb global_colors_info=\u00a0\u00bb{}\u00a0\u00bb]<iframe loading=\"lazy\" src=\"https:\/\/www.google.com\/maps\/embed?pb=!1m18!1m12!1m3!1d19782.324585130882!2d4.6901781401367195!3d51.70027745527649!2m3!1f0!2f0!3f0!3m2!1i1024!2i768!4f13.1!3m3!1m2!1s0x47c4271fde286e23%3A0xef4565c20ce194db!2sGroenendijk+35%2C+4926+RE+Lage+Zwaluwe!5e0!3m2!1sen!2snl!4v1421176938306\" width=\"100%\" height=\"400PX\" frameborder=\"0\" style=\"border:0\"><\/iframe>[\/et_pb_code][\/et_pb_column][et_pb_column type=\u00a0\u00bb1_2&Prime; _builder_version=\u00a0\u00bb4.22.2&Prime; _module_preset=\u00a0\u00bbdefault\u00a0\u00bb background_color=\u00a0\u00bb#FFFFFF\u00a0\u00bb custom_padding=\u00a0\u00bb40px|30px|40px|30px|true|true\u00a0\u00bb link_option_url=\u00a0\u00bb#\u00a0\u00bb border_radii=\u00a0\u00bbon|20px|20px|20px|20px\u00a0\u00bb box_shadow_style=\u00a0\u00bbpreset2&Prime; box_shadow_horizontal=\u00a0\u00bb0px\u00a0\u00bb box_shadow_vertical=\u00a0\u00bb25px\u00a0\u00bb box_shadow_blur=\u00a0\u00bb70px\u00a0\u00bb global_colors_info=\u00a0\u00bb{}\u00a0\u00bb][et_pb_heading title=\u00a0\u00bbCONTACT\u00a0\u00bb _builder_version=\u00a0\u00bb4.23.1&Prime; _module_preset=\u00a0\u00bbdefault\u00a0\u00bb title_font=\u00a0\u00bbMontserrat|800|||||||\u00a0\u00bb title_text_color=\u00a0\u00bb#689B2F\u00a0\u00bb title_font_size=\u00a0\u00bb64px\u00a0\u00bb hover_enabled=\u00a0\u00bb0&Prime; global_colors_info=\u00a0\u00bb{}\u00a0\u00bb title_font_size_last_edited=\u00a0\u00bbon|phone\u00a0\u00bb sticky_enabled=\u00a0\u00bb0&Prime; title_font_size_tablet=\u00a0\u00bb40px\u00a0\u00bb title_font_size_phone=\u00a0\u00bb40px\u00a0\u00bb][\/et_pb_heading][et_pb_text _builder_version=\u00a0\u00bb4.23.1&Prime; _module_preset=\u00a0\u00bbdefault\u00a0\u00bb hover_enabled=\u00a0\u00bb0&Prime; global_colors_info=\u00a0\u00bb{}\u00a0\u00bb sticky_enabled=\u00a0\u00bb0&Prime;]<\/p>\n<p><strong><span style=\"font-size: 18.72px;\">E-<\/span><span style=\"font-size: 16px;\">mail : <\/span><a href=\"mailto:info@groenecampingindepolder.nl\" target=\"_blank\" rel=\"noopener\" style=\"font-size: 16px;\">info@groenecampingindepolder.nl<\/a><\/strong><\/p>\n<p><strong>T\u00e9l\u00e9phone :<a href=\"tel:+31642156125\" target=\"_blank\" rel=\"noopener\"> +31 6 42156125<\/a><\/strong><\/p>\n<h4>ADRESSE | GROENE CAMPING IN DE POLDER<\/h4>\n<p>Groenendijk <strong>35<\/strong><br \/>4926 RE Lage Zwaluwe<br \/>Pays-Bas<\/p>\n<h4>ADRESSE | B &amp; B<\/h4>\n<p>Groenendijk <strong>33A<\/strong><br \/>4926 RE Lage Zwaluwe<br \/>T\u00e9l\u00e9phone : +31 6 488 559 86<a href=\"tel:+31642156125\" target=\"_blank\" rel=\"noopener\"><strong><\/strong><\/a><br \/>Voir : <strong><a href=\"https:\/\/www.bnbindepolder.nl\/\" target=\"_blank\" rel=\"noopener\" title=\"B&amp;B\">B&amp;B <\/a><\/strong> <\/p>\n<p>[\/et_pb_text][et_pb_code admin_label=\u00a0\u00bbCode tommy\u00a0\u00bb _builder_version=\u00a0\u00bb4.22.2&Prime; _module_preset=\u00a0\u00bbdefault\u00a0\u00bb global_colors_info=\u00a0\u00bb{}\u00a0\u00bb]<script src=\"https:\/\/api.tommybookingsupport.com\/widgets\/js\/widget.js\"<!-- [et_pb_line_break_holder] -->        type=\"application\/javascript\" language=\"javascript\"><\/script>[\/et_pb_code][\/et_pb_column][\/et_pb_row][\/et_pb_section]<\/p>\n","protected":false},"excerpt":{"rendered":"<p>Retrouvez ici les tarifs, p\u00e9riodes d&rsquo;ouverture et le calendrier saisonnier pour 2024. &nbsp;Horaires d&rsquo;ouverture du camping :Du 29 mars au 22 septembre G\u00eetes :Ouvert toute l&rsquo;ann\u00e9e pour les s\u00e9jours r\u00e9cr\u00e9atifsCamping &nbsp; Enfants de 0 \u00e0 12 ans 5,00 \u20ac* Personnes de 12 ans et plus 6,50 \u20ac* Juillet &#8211; Ao\u00fbt Enfants de 0 \u00e0 12 [&hellip;]<\/p>\n","protected":false},"author":1,"featured_media":0,"parent":0,"menu_order":0,"comment_status":"closed","ping_status":"closed","template":"","meta":{"_et_pb_use_builder":"on","_et_pb_old_content":"","_et_gb_content_width":"","_monsterinsights_skip_tracking":false,"_monsterinsights_sitenote_active":false,"_monsterinsights_sitenote_note":"","_monsterinsights_sitenote_category":0,"footnotes":""},"class_list":["post-235786","page","type-page","status-publish","hentry"],"_links":{"self":[{"href":"https:\/\/groenecampingindepolder.nl\/fr\/wp-json\/wp\/v2\/pages\/235786","targetHints":{"allow":["GET"]}}],"collection":[{"href":"https:\/\/groenecampingindepolder.nl\/fr\/wp-json\/wp\/v2\/pages"}],"about":[{"href":"https:\/\/groenecampingindepolder.nl\/fr\/wp-json\/wp\/v2\/types\/page"}],"author":[{"embeddable":true,"href":"https:\/\/groenecampingindepolder.nl\/fr\/wp-json\/wp\/v2\/users\/1"}],"replies":[{"embeddable":true,"href":"https:\/\/groenecampingindepolder.nl\/fr\/wp-json\/wp\/v2\/comments?post=235786"}],"version-history":[{"count":8,"href":"https:\/\/groenecampingindepolder.nl\/fr\/wp-json\/wp\/v2\/pages\/235786\/revisions"}],"predecessor-version":[{"id":236459,"href":"https:\/\/groenecampingindepolder.nl\/fr\/wp-json\/wp\/v2\/pages\/235786\/revisions\/236459"}],"wp:attachment":[{"href":"https:\/\/groenecampingindepolder.nl\/fr\/wp-json\/wp\/v2\/media?parent=235786"}],"curies":[{"name":"wp","href":"https:\/\/api.w.org\/{rel}","templated":true}]}}