{"id":235852,"date":"2023-10-02T14:11:02","date_gmt":"2023-10-02T14:11:02","guid":{"rendered":"https:\/\/groenecampingindepolder.nl\/nuestro-equipo\/"},"modified":"2024-11-19T12:36:32","modified_gmt":"2024-11-19T12:36:32","slug":"nuestro-equipo","status":"publish","type":"page","link":"https:\/\/groenecampingindepolder.nl\/es\/nuestro-equipo\/","title":{"rendered":"Nuestro equipo"},"content":{"rendered":"<p>[et_pb_section fb_built=\u00bb1&#8243; admin_label=\u00bbHeader\u00bb _builder_version=\u00bb4.22.2&#8243; _module_preset=\u00bbdefault\u00bb background_enable_color=\u00bboff\u00bb use_background_color_gradient=\u00bbon\u00bb background_color_gradient_direction=\u00bb90deg\u00bb background_color_gradient_stops=\u00bbrgba(33,64,28,0) 75%|#689b2f 75%\u00bb background_color_gradient_overlays_image=\u00bbon\u00bb background_color_gradient_start=\u00bb#21401c\u00bb background_color_gradient_start_position=\u00bb64%\u00bb background_color_gradient_end=\u00bbrgba(33,64,28,0)\u00bb background_color_gradient_end_position=\u00bb64%\u00bb background_image=\u00bbhttps:\/\/groenecampingindepolder.nl\/wp-content\/uploads\/2023\/10\/Groene_Camping_in_de_polder_zonsondergang.jpg\u00bb background_position=\u00bbbottom_center\u00bb background_vertical_offset=\u00bb37%\u00bb background_repeat=\u00bbrepeat\u00bb background_blend=\u00bbmultiply\u00bb overflow-y=\u00bbhidden\u00bb custom_margin=\u00bb||||false|false\u00bb custom_padding=\u00bb||100px||false|false\u00bb background_last_edited=\u00bbon|phone\u00bb use_background_color_gradient_tablet=\u00bbon\u00bb use_background_color_gradient_phone=\u00bbon\u00bb background_color_gradient_stops_tablet=\u00bb#21401c 26%|rgba(33,64,28,0) 26%\u00bb background_color_gradient_stops_phone=\u00bb#21401c 26%|rgba(255,255,255,0) 26%\u00bb background_color_gradient_start_position_tablet=\u00bb88%\u00bb background_color_gradient_end_position_tablet=\u00bb88%\u00bb collapsed=\u00bbon\u00bb global_colors_info=\u00bb{}\u00bb][et_pb_row _builder_version=\u00bb4.21.0&#8243; _module_preset=\u00bbdefault\u00bb custom_padding=\u00bb|||4px||\u00bb global_colors_info=\u00bb{}\u00bb][et_pb_column type=\u00bb4_4&#8243; _builder_version=\u00bb4.21.0&#8243; _module_preset=\u00bbdefault\u00bb global_colors_info=\u00bb{}\u00bb][et_pb_heading title=\u00bbNUESTRO EQUIPO\u00bb _builder_version=\u00bb4.22.2&#8243; _module_preset=\u00bbdefault\u00bb title_font=\u00bbMontserrat|800|||||||\u00bb title_text_color=\u00bb#21401C\u00bb title_font_size=\u00bb64px\u00bb locked=\u00bboff\u00bb global_colors_info=\u00bb{}\u00bb][\/et_pb_heading][\/et_pb_column][\/et_pb_row][et_pb_row column_structure=\u00bb1_2,1_2&#8243; use_custom_gutter=\u00bbon\u00bb gutter_width=\u00bb1&#8243; make_equal=\u00bbon\u00bb _builder_version=\u00bb4.23.1&#8243; _module_preset=\u00bbdefault\u00bb custom_margin=\u00bb0px|auto|0px|auto|false|false\u00bb border_radii=\u00bbon|15px|15px|15px|15px\u00bb global_colors_info=\u00bb{}\u00bb][et_pb_column type=\u00bb1_2&#8243; _builder_version=\u00bb4.23.1&#8243; _module_preset=\u00bbdefault\u00bb background_image=\u00bbhttps:\/\/groenecampingindepolder.nl\/wp-content\/uploads\/2023\/12\/Luchtfoto-boerderij-2023.jpg\u00bb border_radii=\u00bboff|15px|||15px\u00bb border_radii_tablet=\u00bboff|15px|15px||0px\u00bb border_radii_phone=\u00bboff|15px|15px||0px\u00bb border_radii_last_edited=\u00bbon|desktop\u00bb global_colors_info=\u00bb{}\u00bb][et_pb_divider show_divider=\u00bboff\u00bb _builder_version=\u00bb4.23.1&#8243; _module_preset=\u00bbdefault\u00bb height_tablet=\u00bb40vw\u00bb height_phone=\u00bb40vw\u00bb height_last_edited=\u00bbon|phone\u00bb locked=\u00bboff\u00bb global_colors_info=\u00bb{}\u00bb][\/et_pb_divider][\/et_pb_column][et_pb_column type=\u00bb1_2&#8243; _builder_version=\u00bb4.22.2&#8243; _module_preset=\u00bbdefault\u00bb background_color=\u00bb#689B2F\u00bb custom_padding=\u00bb80px|60px|80px|60px|true|true\u00bb custom_padding_tablet=\u00bb40px|30px|40px|30px|true|true\u00bb custom_padding_phone=\u00bb30px|20px|30px|20px|true|true\u00bb custom_padding_last_edited=\u00bbon|phone\u00bb border_radii=\u00bboff||15px|15px|\u00bb border_radii_tablet=\u00bboff||0px|15px|15px\u00bb border_radii_phone=\u00bboff||0px|15px|15px\u00bb border_radii_last_edited=\u00bbon|phone\u00bb global_colors_info=\u00bb{}\u00bb][et_pb_text _builder_version=\u00bb4.22.2&#8243; _module_preset=\u00bb0ff9dcc0-5c1e-47c9-b149-56ddf344ac42&#8243; text_text_color=\u00bb#FFFFFF\u00bb text_font_size=\u00bb28px\u00bb header_text_color=\u00bb#FFFFFF\u00bb header_font_size=\u00bb38px\u00bb background_layout=\u00bbdark\u00bb locked=\u00bboff\u00bb global_colors_info=\u00bb{}\u00bb]<\/p>\n<h3>NUESTRA HISTORIA<\/h3>\n<p>[\/et_pb_text][et_pb_text _builder_version=\u00bb4.21.0&#8243; _module_preset=\u00bbe850bc2c-6e2b-408f-80a2-fbe6fb2a5b09&#8243; text_text_color=\u00bb#FFFFFF\u00bb custom_margin=\u00bb||||false|false\u00bb locked=\u00bboff\u00bb global_colors_info=\u00bb{}\u00bb]<\/p>\n<p>Paul y Janine son la s\u00e9ptima generaci\u00f3n en Groeno camping In de Polder y BIO In de Polder desde el 1 de enero de 2018. Cora, la madre de Janine, puso en marcha en los a\u00f1os 90 un minicamping en el antiguo huerto de la granja. <br \/>Pronto qued\u00f3 claro que los hu\u00e9spedes sab\u00edan c\u00f3mo encontrar nuestro lugar en Groenendijk, en Lage Zwaluwe. En abril de 2004, Groene camping In de Polder dio la bienvenida a sus primeros hu\u00e9spedes. <br \/>Paul y Janine te dan la bienvenida.<\/p>\n<p>[\/et_pb_text][\/et_pb_column][\/et_pb_row][\/et_pb_section][et_pb_section fb_built=\u00bb1&#8243; admin_label=\u00bbProducts\u00bb _builder_version=\u00bb4.22.2&#8243; _module_preset=\u00bbdefault\u00bb background_color=\u00bb#F3EFEC\u00bb background_size=\u00bbcontain\u00bb background_position=\u00bbbottom_right\u00bb custom_margin=\u00bb||-3px|||\u00bb locked=\u00bboff\u00bb global_colors_info=\u00bb{}\u00bb][et_pb_row make_equal=\u00bbon\u00bb _builder_version=\u00bb4.22.2&#8243; _module_preset=\u00bbdefault\u00bb z_index=\u00bb9&#8243; min_height=\u00bb250px\u00bb custom_margin=\u00bb-120px||||false|false\u00bb custom_padding=\u00bb0px||||false|false\u00bb locked=\u00bboff\u00bb global_colors_info=\u00bb{}\u00bb][et_pb_column type=\u00bb4_4&#8243; _builder_version=\u00bb4.22.2&#8243; _module_preset=\u00bbdefault\u00bb background_color=\u00bb#FFFFFF\u00bb background_enable_image=\u00bboff\u00bb background_position=\u00bbcenter_left\u00bb background_horizontal_offset=\u00bb25%\u00bb custom_padding=\u00bb40px|30px|40px|30px|true|true\u00bb custom_padding_tablet=\u00bb|30px||30px|true|true\u00bb custom_padding_phone=\u00bb|30px||30px|true|true\u00bb custom_padding_last_edited=\u00bbon|phone\u00bb link_option_url=\u00bb#\u00bb border_radii=\u00bbon|20px|20px|20px|20px\u00bb box_shadow_style=\u00bbpreset2&#8243; box_shadow_horizontal=\u00bb0px\u00bb box_shadow_vertical=\u00bb25px\u00bb box_shadow_blur=\u00bb70px\u00bb global_colors_info=\u00bb{}\u00bb][et_pb_text _builder_version=\u00bb4.21.0&#8243; _module_preset=\u00bb0ff9dcc0-5c1e-47c9-b149-56ddf344ac42&#8243; locked=\u00bboff\u00bb global_colors_info=\u00bb{}\u00bb]<\/p>\n<h3>Nuestro equipo<\/h3>\n<p>[\/et_pb_text][et_pb_text _builder_version=\u00bb4.21.0&#8243; _module_preset=\u00bbe850bc2c-6e2b-408f-80a2-fbe6fb2a5b09&#8243; custom_margin=\u00bb||30px||false|false\u00bb custom_padding=\u00bb14px|||||\u00bb locked=\u00bboff\u00bb global_colors_info=\u00bb{}\u00bb]<\/p>\n<p>Paul y Janine dirigen juntos la explotaci\u00f3n agr\u00edcola y recreativa ecol\u00f3gica y le dan la bienvenida. En temporada baja, Paul o Janine en recepci\u00f3n le dar\u00e1n una c\u00e1lida bienvenida. Los fines de semana y en temporada alta, cuentan con el apoyo de Marit y Eline. Marit ha adquirido mucha experiencia laboral en los dos \u00faltimos a\u00f1os. Este a\u00f1o ha empezado sus estudios de horticultura y cultivos herb\u00e1ceos en HAS den Bosch. Eline, hija de Paul y Janine, se cri\u00f3 en ella. Ella tambi\u00e9n te acoger\u00e1 hospitalariamente. <\/p>\n<p>[\/et_pb_text][\/et_pb_column][\/et_pb_row][\/et_pb_section][et_pb_section fb_built=\u00bb1&#8243; admin_label=\u00bbTeam\u00bb _builder_version=\u00bb4.22.2&#8243; _module_preset=\u00bbdefault\u00bb background_color=\u00bb#689B2F\u00bb min_height=\u00bb924.9px\u00bb custom_padding=\u00bb5px|||||\u00bb collapsed=\u00bbon\u00bb global_colors_info=\u00bb{%22gcid-0dd65ac1-b501-41d8-8d6b-bb3a9daf5c2a%22:%91%22background_color%22%93}\u00bb][et_pb_row _builder_version=\u00bb4.21.0&#8243; _module_preset=\u00bbdefault\u00bb global_colors_info=\u00bb{}\u00bb][et_pb_column type=\u00bb4_4&#8243; _builder_version=\u00bb4.21.0&#8243; _module_preset=\u00bbdefault\u00bb global_colors_info=\u00bb{}\u00bb][et_pb_text _builder_version=\u00bb4.22.2&#8243; _module_preset=\u00bb0ff9dcc0-5c1e-47c9-b149-56ddf344ac42&#8243; text_text_color=\u00bb#FFFFFF\u00bb text_font_size=\u00bb28px\u00bb header_text_color=\u00bb#FFFFFF\u00bb header_font_size=\u00bb38px\u00bb background_layout=\u00bbdark\u00bb locked=\u00bboff\u00bb global_colors_info=\u00bb{}\u00bb]<\/p>\n<h3 style=\"text-align: center;\">CONOZCA AL EQUIPO<\/h3>\n<p>[\/et_pb_text][\/et_pb_column][\/et_pb_row][et_pb_row column_structure=\u00bb1_4,1_4,1_4,1_4&#8243; _builder_version=\u00bb4.23.1&#8243; _module_preset=\u00bbdefault\u00bb custom_margin=\u00bb0px||||false|false\u00bb custom_padding=\u00bb0px||||false|false\u00bb global_colors_info=\u00bb{}\u00bb][et_pb_column type=\u00bb1_4&#8243; _builder_version=\u00bb4.23.1&#8243; _module_preset=\u00bbdefault\u00bb background_color=\u00bb#FFFFFF\u00bb border_radii=\u00bbon|15px|15px|15px|15px\u00bb box_shadow_style=\u00bbpreset1&#8243; box_shadow_vertical=\u00bb25px\u00bb box_shadow_blur=\u00bb70px\u00bb global_colors_info=\u00bb{}\u00bb][et_pb_team_member name=\u00bbJanine Keller &#8211; den Dunnen\u00bb position=\u00bbFunci\u00f3n\u00bb image_url=\u00bbhttps:\/\/groenecampingindepolder.nl\/wp-content\/uploads\/2023\/10\/Janine.jpg\u00bb _builder_version=\u00bb4.23.1&#8243; _module_preset=\u00bbdefault\u00bb body_text_align=\u00bbcenter\u00bb body_font_size=\u00bb14px\u00bb body_line_height=\u00bb1.3em\u00bb position_text_color=\u00bbRGBA(255,255,255,0)\u00bb text_orientation=\u00bbcenter\u00bb width=\u00bb100%\u00bb border_width_all=\u00bb6px\u00bb border_color_all=\u00bb#FFFFFF\u00bb global_colors_info=\u00bb{}\u00bb]<\/p>\n<p>Desde el 1 de enero de 2018, la s\u00e9ptima generaci\u00f3n est\u00e1 al tim\u00f3n, algo de lo que nos sentimos orgullosos. Desde 2015, el camping y la granja (vacas nodrizas, toros, cultivos herb\u00e1ceos y huerto de frutos secos) se han reconvertido a la agricultura ecol\u00f3gica. Nuestro reto en la agricultura es cerrar los ciclos en la medida de lo posible. \u00bfTienes curiosidad? durante su estancia en nuestro camping, estamos abiertos a sus preguntas. Nos vemos en el Groene camping In de Polder<\/p>\n<p>[\/et_pb_team_member][\/et_pb_column][et_pb_column type=\u00bb1_4&#8243; _builder_version=\u00bb4.23.1&#8243; _module_preset=\u00bbdefault\u00bb background_color=\u00bb#FFFFFF\u00bb border_radii=\u00bbon|15px|15px|15px|15px\u00bb box_shadow_style=\u00bbpreset1&#8243; box_shadow_vertical=\u00bb25px\u00bb box_shadow_blur=\u00bb70px\u00bb global_colors_info=\u00bb{}\u00bb][et_pb_team_member name=\u00bbPaul den Dunnen\u00bb position=\u00bbFunci\u00f3n\u00bb image_url=\u00bbhttps:\/\/groenecampingindepolder.nl\/wp-content\/uploads\/2023\/10\/Paul-1.jpg\u00bb _builder_version=\u00bb4.23.1&#8243; _module_preset=\u00bbdefault\u00bb body_text_align=\u00bbcenter\u00bb body_font_size=\u00bb14px\u00bb body_line_height=\u00bb1.3em\u00bb position_text_color=\u00bbRGBA(255,255,255,0)\u00bb text_orientation=\u00bbcenter\u00bb width=\u00bb100%\u00bb border_width_all=\u00bb6px\u00bb border_color_all=\u00bb#FFFFFF\u00bb global_colors_info=\u00bb{}\u00bb]<\/p>\n<p>Mi pasi\u00f3n es la agricultura ecol\u00f3gica. Para m\u00ed, no se trata s\u00f3lo de que las hortalizas crezcan bien y de forma responsable, sino tambi\u00e9n de que los animales; toros, vacas nodrizas, ovejas y cabras se diviertan. Las vacas (vacas nodrizas con terneros y toros) pasean por los prados que rodean la granja. Me gusta hablar de los entresijos de la granja. Si me ves caminando por alg\u00fan sitio, no dudes en hacerme una pregunta. Nos vemos en el Groene camping In de Polder<\/p>\n<p>[\/et_pb_team_member][\/et_pb_column][et_pb_column type=\u00bb1_4&#8243; _builder_version=\u00bb4.23.1&#8243; _module_preset=\u00bbdefault\u00bb background_color=\u00bb#FFFFFF\u00bb border_radii=\u00bbon|15px|15px|15px|15px\u00bb box_shadow_style=\u00bbpreset1&#8243; box_shadow_vertical=\u00bb25px\u00bb box_shadow_blur=\u00bb70px\u00bb global_colors_info=\u00bb{}\u00bb][et_pb_team_member name=\u00bbEline den Dunnen\u00bb position=\u00bbFunci\u00f3n\u00bb image_url=\u00bbhttps:\/\/groenecampingindepolder.nl\/wp-content\/uploads\/2023\/10\/Eline.jpg\u00bb _builder_version=\u00bb4.23.1&#8243; _module_preset=\u00bbdefault\u00bb body_text_align=\u00bbcenter\u00bb body_font_size=\u00bb14px\u00bb body_line_height=\u00bb1.3em\u00bb position_text_color=\u00bbRGBA(255,255,255,0)\u00bb text_orientation=\u00bbcenter\u00bb width=\u00bb100%\u00bb border_width_all=\u00bb6px\u00bb border_color_all=\u00bb#FFFFFF\u00bb global_colors_info=\u00bb{}\u00bb]<\/p>\n<p><span>Tengo 12 a\u00f1os y ya estoy bastante familiarizado con los entresijos de la granja y el camping. Las ovejas de la granja son m\u00edas. Mis aficiones son patinar sobre hielo y patinar sobre ruedas.<\/span><br \/><span>Desde 2021, horneo deliciosos panecillos calientes para los hu\u00e9spedes del camping por la ma\u00f1ana, los fines de semana y las vacaciones escolares, excepto los mi\u00e9rcoles.<\/span><\/p>\n<p>[\/et_pb_team_member][\/et_pb_column][et_pb_column type=\u00bb1_4&#8243; _builder_version=\u00bb4.23.1&#8243; _module_preset=\u00bbdefault\u00bb background_color=\u00bb#FFFFFF\u00bb border_radii=\u00bbon|15px|15px|15px|15px\u00bb box_shadow_style=\u00bbpreset1&#8243; box_shadow_vertical=\u00bb25px\u00bb box_shadow_blur=\u00bb70px\u00bb global_colors_info=\u00bb{}\u00bb][et_pb_team_member name=\u00bbJochem den Dunnen\u00bb position=\u00bbFunci\u00f3n\u00bb image_url=\u00bbhttps:\/\/groenecampingindepolder.nl\/wp-content\/uploads\/2023\/10\/Jochem.jpg\u00bb _builder_version=\u00bb4.23.1&#8243; _module_preset=\u00bbdefault\u00bb body_text_align=\u00bbcenter\u00bb body_font_size=\u00bb14px\u00bb body_line_height=\u00bb1.3em\u00bb position_text_color=\u00bbRGBA(255,255,255,0)\u00bb text_orientation=\u00bbcenter\u00bb width=\u00bb100%\u00bb border_width_all=\u00bb6px\u00bb border_color_all=\u00bb#FFFFFF\u00bb global_colors_info=\u00bb{}\u00bb]<\/p>\n<p>In memoriam, El 30 de octubre de 2022, tuvimos que despedirnos con mucho amor, tristeza y llenos de orgullo. El d\u00eda de su noveno cumplea\u00f1os, tuvimos juntos una hermosa e impresionante despedida y fue enterrado junto al abuelo Henk. Agradecemos a nuestro novio todo lo que nos ha ense\u00f1ado. El lema vital de Jochem es: \u00ababraza la vida y disfruta\u00ab.<\/p>\n<p>[\/et_pb_team_member][\/et_pb_column][\/et_pb_row][et_pb_row column_structure=\u00bb1_4,1_4,1_4,1_4&#8243; _builder_version=\u00bb4.27.2&#8243; _module_preset=\u00bbdefault\u00bb custom_margin=\u00bb0px||||false|false\u00bb custom_padding=\u00bb0px||||false|false\u00bb hover_enabled=\u00bb0&#8243; global_colors_info=\u00bb{}\u00bb sticky_enabled=\u00bb0&#8243;][et_pb_column type=\u00bb1_4&#8243; _builder_version=\u00bb4.23.1&#8243; _module_preset=\u00bbdefault\u00bb background_color=\u00bb#FFFFFF\u00bb border_radii=\u00bbon|15px|15px|15px|15px\u00bb box_shadow_style=\u00bbpreset1&#8243; box_shadow_vertical=\u00bb25px\u00bb box_shadow_blur=\u00bb70px\u00bb global_colors_info=\u00bb{}\u00bb][et_pb_team_member name=\u00bbMarit\u00bb position=\u00bbFunci\u00f3n\u00bb image_url=\u00bbhttps:\/\/groenecampingindepolder.nl\/wp-content\/uploads\/2023\/10\/Marit.jpg\u00bb _builder_version=\u00bb4.27.2&#8243; _module_preset=\u00bbdefault\u00bb body_text_align=\u00bbcenter\u00bb body_font_size=\u00bb14px\u00bb body_line_height=\u00bb1.3em\u00bb position_text_color=\u00bbRGBA(255,255,255,0)\u00bb text_orientation=\u00bbcenter\u00bb width=\u00bb100%\u00bb hover_enabled=\u00bb0&#8243; border_width_all=\u00bb6px\u00bb border_color_all=\u00bb#FFFFFF\u00bb global_colors_info=\u00bb{}\u00bb sticky_enabled=\u00bb0&#8243;]<\/p>\n<p>He disfrutado trabajando en este equipo desde la primavera de 2022. En aquel entonces yo estaba en el \u00faltimo a\u00f1o de la educaci\u00f3n preuniversitaria, mientras tanto iba a la HAS en den Bosch y cursaba all\u00ed el curso de Horticultura y Agricultura.<br \/>La variaci\u00f3n en el trabajo en el campamento y en la granja hace que para m\u00ed sea muy divertido trabajar aqu\u00ed. Es muy probable que me encuentres durante las vacaciones.<\/p>\n<p>[\/et_pb_team_member][\/et_pb_column][et_pb_column type=\u00bb1_4&#8243; _builder_version=\u00bb4.27.2&#8243; _module_preset=\u00bbdefault\u00bb background_color=\u00bb#FFFFFF\u00bb hover_enabled=\u00bb0&#8243; border_radii=\u00bbon|15px|15px|15px|15px\u00bb global_colors_info=\u00bb{}\u00bb sticky_enabled=\u00bb0&#8243;][et_pb_team_member name=\u00bbCora Keller\u00bb position=\u00bbFunci\u00f3n\u00bb image_url=\u00bbhttps:\/\/groenecampingindepolder.nl\/wp-content\/uploads\/2023\/10\/Cora.jpg\u00bb _builder_version=\u00bb4.27.2&#8243; _module_preset=\u00bbdefault\u00bb body_text_align=\u00bbcenter\u00bb body_font_size=\u00bb14px\u00bb body_line_height=\u00bb1.3em\u00bb position_text_color=\u00bbRGBA(255,255,255,0)\u00bb text_orientation=\u00bbcenter\u00bb width=\u00bb100%\u00bb hover_enabled=\u00bb0&#8243; border_width_all=\u00bb6px\u00bb border_color_all=\u00bb#FFFFFF\u00bb global_colors_info=\u00bb{}\u00bb sticky_enabled=\u00bb0&#8243;]<\/p>\n<p><span>Hace 28 a\u00f1os tom\u00e9 la iniciativa de ampliar nuestra explotaci\u00f3n agr\u00edcola con un camping. Hace trece a\u00f1os, junto con mi marido Henk, cambi\u00e9 la casa de la granja por una nueva 150 m m\u00e1s all\u00e1, hacia el pueblo de Lage Zwaluwe. La planta superior de la casa est\u00e1 habilitada para B&amp;B, hay 2 habitaciones cada una con ba\u00f1o privado y una cocina americana de uso com\u00fan. \u00bfLe interesa? visite <a href=\"https:\/\/www.bnbindepolder.nl\" target=\"_blank\" rel=\"noopener\">bnbindepolder.nl<\/a><\/span><\/p>\n<p>[\/et_pb_team_member][\/et_pb_column][et_pb_column type=\u00bb1_4&#8243; _builder_version=\u00bb4.23.1&#8243; _module_preset=\u00bbdefault\u00bb background_color=\u00bb#FFFFFF\u00bb border_radii=\u00bbon|15px|15px|15px|15px\u00bb box_shadow_style=\u00bbpreset1&#8243; box_shadow_vertical=\u00bb25px\u00bb box_shadow_blur=\u00bb70px\u00bb global_colors_info=\u00bb{}\u00bb][et_pb_team_member name=\u00bbHenk Keller\u00bb position=\u00bbFunci\u00f3n\u00bb image_url=\u00bbhttps:\/\/groenecampingindepolder.nl\/wp-content\/uploads\/2023\/10\/Henk.jpg\u00bb _builder_version=\u00bb4.23.1&#8243; _module_preset=\u00bbdefault\u00bb body_text_align=\u00bbcenter\u00bb body_font_size=\u00bb14px\u00bb body_line_height=\u00bb1.3em\u00bb position_text_color=\u00bbRGBA(255,255,255,0)\u00bb text_orientation=\u00bbcenter\u00bb width=\u00bb100%\u00bb border_width_all=\u00bb6px\u00bb border_color_all=\u00bb#FFFFFF\u00bb global_colors_info=\u00bb{}\u00bb]<\/p>\n<p><span>In memoriam,<\/span><br \/><span>Al igual que nuestra hija Janine, nac\u00ed en la granja y continu\u00e9 con la explotaci\u00f3n agr\u00edcola de mis padres. Estoy orgulloso de Paul y Janine por c\u00f3mo contin\u00faan con la granja y el camping. Me encanta la naturaleza.<\/span><br \/><span>Henk nos dej\u00f3 en paz el 20 de julio de 2019 en medio de sus seres queridos<\/span><\/p>\n<p>[\/et_pb_team_member][\/et_pb_column][et_pb_column type=\u00bb1_4&#8243; _builder_version=\u00bb4.23.1&#8243; _module_preset=\u00bbdefault\u00bb background_color=\u00bb#FFFFFF\u00bb border_radii=\u00bbon|15px|15px|15px|15px\u00bb box_shadow_style=\u00bbpreset1&#8243; box_shadow_vertical=\u00bb25px\u00bb box_shadow_blur=\u00bb70px\u00bb global_colors_info=\u00bb{}\u00bb][\/et_pb_column][\/et_pb_row][\/et_pb_section][et_pb_section fb_built=\u00bb1&#8243; admin_label=\u00bbFooter\u00bb _builder_version=\u00bb4.22.2&#8243; _module_preset=\u00bbdefault\u00bb background_color=\u00bb#FF9900&#8243; background_image=\u00bbhttps:\/\/groenecampingindepolder.nl\/wp-content\/uploads\/2023\/10\/Groene-Camping_in-de-polder_reserveren_mussen.png\u00bb background_size=\u00bbcontain\u00bb background_position=\u00bbbottom_left\u00bb background_horizontal_offset=\u00bb81%\u00bb saved_tabs=\u00bball\u00bb locked=\u00bboff\u00bb collapsed=\u00bbon\u00bb global_colors_info=\u00bb{%22gcid-0dd65ac1-b501-41d8-8d6b-bb3a9daf5c2a%22:%91%22background_color%22%93}\u00bb][et_pb_row column_structure=\u00bb1_3,1_3,1_3&#8243; _builder_version=\u00bb4.21.0&#8243; _module_preset=\u00bbdefault\u00bb global_colors_info=\u00bb{}\u00bb][et_pb_column type=\u00bb1_3&#8243; _builder_version=\u00bb4.21.0&#8243; _module_preset=\u00bbdefault\u00bb global_colors_info=\u00bb{}\u00bb][et_pb_text _builder_version=\u00bb4.22.2&#8243; _module_preset=\u00bb62e3c3bb-c7fb-4d66-9a3e-bf60996900b5&#8243; header_6_text_color=\u00bb#FFFFFF\u00bb custom_margin=\u00bb||0px||false|false\u00bb custom_margin_last_edited=\u00bboff|tablet\u00bb global_colors_info=\u00bb{}\u00bb]<\/p>\n<h6>RECEPCI\u00d3N DE TEMPORADA<\/h6>\n<p>[\/et_pb_text][et_pb_text _builder_version=\u00bb4.22.2&#8243; _module_preset=\u00bbe850bc2c-6e2b-408f-80a2-fbe6fb2a5b09&#8243; text_text_color=\u00bb#FFFFFF\u00bb header_2_text_color=\u00bb#FFFFFF\u00bb header_3_text_color=\u00bb#FFFFFF\u00bb global_colors_info=\u00bb{}\u00bb]<\/p>\n<h3>ABIERTO TODOS LOS D\u00cdAS DE<\/h3>\n<ul>\n<li>9:00h. a 9:30h.<\/li>\n<li>15:00h. a 17:30h.<\/li>\n<li>19:30h. a 20:30h.<\/li>\n<\/ul>\n<p>[\/et_pb_text][\/et_pb_column][et_pb_column type=\u00bb1_3&#8243; _builder_version=\u00bb4.21.0&#8243; _module_preset=\u00bbdefault\u00bb global_colors_info=\u00bb{}\u00bb][et_pb_text _builder_version=\u00bb4.22.2&#8243; _module_preset=\u00bb62e3c3bb-c7fb-4d66-9a3e-bf60996900b5&#8243; header_6_text_color=\u00bb#FFFFFF\u00bb custom_margin=\u00bb||0px||false|false\u00bb locked=\u00bboff\u00bb global_colors_info=\u00bb{}\u00bb]<\/p>\n<h6>RESERVA<\/h6>\n<p>[\/et_pb_text][et_pb_text _builder_version=\u00bb4.22.2&#8243; _module_preset=\u00bbe850bc2c-6e2b-408f-80a2-fbe6fb2a5b09&#8243; text_text_color=\u00bb#FFFFFF\u00bb custom_margin=\u00bb||0px||false|false\u00bb custom_padding=\u00bb||0px|||\u00bb locked=\u00bboff\u00bb global_colors_info=\u00bb{}\u00bb]<\/p>\n<p><strong>Las reservas s\u00f3lo pueden hacerse por Internet<\/strong><br \/><em>Temporada alta del 1 de julio al 1 de septiembre<\/em><\/p>\n<p>[\/et_pb_text][\/et_pb_column][et_pb_column type=\u00bb1_3&#8243; _builder_version=\u00bb4.21.0&#8243; _module_preset=\u00bbdefault\u00bb global_colors_info=\u00bb{}\u00bb][et_pb_text _builder_version=\u00bb4.22.2&#8243; _module_preset=\u00bb62e3c3bb-c7fb-4d66-9a3e-bf60996900b5&#8243; header_6_text_color=\u00bb#FFFFFF\u00bb custom_margin=\u00bb||0px||false|false\u00bb locked=\u00bboff\u00bb global_colors_info=\u00bb{}\u00bb]<\/p>\n<h6>Contacto <\/h6>\n<p>[\/et_pb_text][et_pb_text _builder_version=\u00bb4.22.2&#8243; _module_preset=\u00bb529856fb-96dc-4c79-b6bd-448e18f82160&#8243; text_text_color=\u00bb#FFFFFF\u00bb header_text_color=\u00bb#FFFFFF\u00bb header_4_text_color=\u00bbgcid-73408ef3-8d7e-4e2c-a307-3f6f154d7ffc\u00bb custom_margin=\u00bb||0px||false|false\u00bb locked=\u00bboff\u00bb global_colors_info=\u00bb{%22gcid-73408ef3-8d7e-4e2c-a307-3f6f154d7ffc%22:%91%22header_4_text_color%22%93}\u00bb]<\/p>\n<h4><span style=\"color: #ffffff;\">+31 6 <strong>421 561 25<\/strong><\/span><\/h4>\n<p>[\/et_pb_text][et_pb_text _builder_version=\u00bb4.22.2&#8243; _module_preset=\u00bbe850bc2c-6e2b-408f-80a2-fbe6fb2a5b09&#8243; link_text_color=\u00bbgcid-f232757b-4d7a-4e78-b151-fb3b6b856f41&#8243; locked=\u00bboff\u00bb global_colors_info=\u00bb{%22gcid-f232757b-4d7a-4e78-b151-fb3b6b856f41%22:%91%22link_text_color%22%93}\u00bb link_text_color__hover_enabled=\u00bboff|desktop\u00bb]<\/p>\n<p><a href=\"mailto:info@groenecampingindepolder.nl\" target=\"_blank\" rel=\"noopener\">info@groenecampingindepolder.nl<\/a><\/p>\n<p>[\/et_pb_text][et_pb_text _builder_version=\u00bb4.22.2&#8243; _module_preset=\u00bbe850bc2c-6e2b-408f-80a2-fbe6fb2a5b09&#8243; text_text_color=\u00bb#FFFFFF\u00bb custom_padding=\u00bb||0px|||\u00bb locked=\u00bboff\u00bb global_colors_info=\u00bb{}\u00bb]<strong><span>Groenendijk 35, <\/span><\/strong><br \/>\n<strong><span>4926 RE Lage Zwaluwe<\/span><\/strong>[\/et_pb_text][\/et_pb_column][\/et_pb_row][\/et_pb_section]<\/p>\n","protected":false},"excerpt":{"rendered":"<p>NUESTRA HISTORIAPaul y Janine son la s\u00e9ptima generaci\u00f3n en Groeno camping In de Polder y BIO In de Polder desde el 1 de enero de 2018. Cora, la madre de Janine, puso en marcha en los a\u00f1os 90 un minicamping en el antiguo huerto de la granja. Pronto qued\u00f3 claro que los hu\u00e9spedes sab\u00edan c\u00f3mo [&hellip;]<\/p>\n","protected":false},"author":1,"featured_media":0,"parent":0,"menu_order":0,"comment_status":"closed","ping_status":"closed","template":"","meta":{"_et_pb_use_builder":"on","_et_pb_old_content":"","_et_gb_content_width":"","_monsterinsights_skip_tracking":false,"_monsterinsights_sitenote_active":false,"_monsterinsights_sitenote_note":"","_monsterinsights_sitenote_category":0,"footnotes":""},"class_list":["post-235852","page","type-page","status-publish","hentry"],"_links":{"self":[{"href":"https:\/\/groenecampingindepolder.nl\/es\/wp-json\/wp\/v2\/pages\/235852","targetHints":{"allow":["GET"]}}],"collection":[{"href":"https:\/\/groenecampingindepolder.nl\/es\/wp-json\/wp\/v2\/pages"}],"about":[{"href":"https:\/\/groenecampingindepolder.nl\/es\/wp-json\/wp\/v2\/types\/page"}],"author":[{"embeddable":true,"href":"https:\/\/groenecampingindepolder.nl\/es\/wp-json\/wp\/v2\/users\/1"}],"replies":[{"embeddable":true,"href":"https:\/\/groenecampingindepolder.nl\/es\/wp-json\/wp\/v2\/comments?post=235852"}],"version-history":[{"count":8,"href":"https:\/\/groenecampingindepolder.nl\/es\/wp-json\/wp\/v2\/pages\/235852\/revisions"}],"predecessor-version":[{"id":237351,"href":"https:\/\/groenecampingindepolder.nl\/es\/wp-json\/wp\/v2\/pages\/235852\/revisions\/237351"}],"wp:attachment":[{"href":"https:\/\/groenecampingindepolder.nl\/es\/wp-json\/wp\/v2\/media?parent=235852"}],"curies":[{"name":"wp","href":"https:\/\/api.w.org\/{rel}","templated":true}]}}