{"id":235843,"date":"2023-12-08T10:43:02","date_gmt":"2023-12-08T10:43:02","guid":{"rendered":"https:\/\/groenecampingindepolder.nl\/tarifas\/"},"modified":"2024-01-22T10:47:10","modified_gmt":"2024-01-22T10:47:10","slug":"tarifas","status":"publish","type":"page","link":"https:\/\/groenecampingindepolder.nl\/es\/tarifas\/","title":{"rendered":"Tarifas"},"content":{"rendered":"<p>[et_pb_section fb_built=\u00bb1&#8243; custom_padding_last_edited=\u00bbon|desktop\u00bb admin_label=\u00bbHeader\u00bb _builder_version=\u00bb4.23.1&#8243; _module_preset=\u00bbdefault\u00bb background_enable_color=\u00bboff\u00bb use_background_color_gradient=\u00bbon\u00bb background_color_gradient_direction=\u00bb90deg\u00bb background_color_gradient_stops=\u00bbrgba(33,64,28,0) 75%|#689b2f 75%\u00bb background_color_gradient_overlays_image=\u00bbon\u00bb background_color_gradient_start=\u00bb#21401c\u00bb background_color_gradient_start_position=\u00bb64%\u00bb background_color_gradient_end=\u00bbrgba(33,64,28,0)\u00bb background_color_gradient_end_position=\u00bb64%\u00bb background_image=\u00bbhttps:\/\/groenecampingindepolder.nl\/wp-content\/uploads\/2023\/06\/Groene-Camping-in-de-polder-Putter-.jpg\u00bb background_position=\u00bbbottom_center\u00bb background_vertical_offset=\u00bb66%\u00bb background_repeat=\u00bbrepeat\u00bb background_blend=\u00bbmultiply\u00bb overflow-y=\u00bbhidden\u00bb custom_margin=\u00bb||||false|false\u00bb custom_padding=\u00bb139px||211px||false|false\u00bb custom_padding_tablet=\u00bb139px||211px|0px|false|false\u00bb custom_padding_phone=\u00bb139px||211px||false|false\u00bb background_last_edited=\u00bbon|phone\u00bb use_background_color_gradient_tablet=\u00bbon\u00bb use_background_color_gradient_phone=\u00bbon\u00bb background_color_gradient_stops_tablet=\u00bb#21401c 26%|rgba(33,64,28,0) 26%\u00bb background_color_gradient_stops_phone=\u00bb#21401c 26%|rgba(255,255,255,0) 26%\u00bb background_color_gradient_start_position_tablet=\u00bb88%\u00bb background_color_gradient_end_position_tablet=\u00bb88%\u00bb parallax_phone=\u00bbon\u00bb background_position_phone=\u00bbbottom_right\u00bb background_horizontal_offset_tablet=\u00bb58%\u00bb background_horizontal_offset_phone=\u00bb41%\u00bb background_vertical_offset_tablet=\u00bb66%\u00bb background_vertical_offset_phone=\u00bb13%\u00bb locked=\u00bboff\u00bb global_colors_info=\u00bb{}\u00bb][et_pb_row column_structure=\u00bb3_5,2_5&#8243; _builder_version=\u00bb4.22.1&#8243; _module_preset=\u00bbdefault\u00bb background_color=\u00bbRGBA(255,255,255,0)\u00bb collapsed=\u00bboff\u00bb global_colors_info=\u00bb{}\u00bb][et_pb_column type=\u00bb3_5&#8243; _builder_version=\u00bb4.22.1&#8243; _module_preset=\u00bbdefault\u00bb background_enable_color=\u00bboff\u00bb custom_padding=\u00bb80px||||false|false\u00bb custom_padding_tablet=\u00bb0px||||false|false\u00bb custom_padding_phone=\u00bb\u00bb custom_padding_last_edited=\u00bbon|tablet\u00bb global_colors_info=\u00bb{}\u00bb][et_pb_heading title=\u00bbTARIFAS\u00bb _builder_version=\u00bb4.22.2&#8243; _module_preset=\u00bbdefault\u00bb title_font=\u00bbMontserrat|800|||||||\u00bb title_text_color=\u00bb#FFFFFF\u00bb title_font_size=\u00bb64px\u00bb global_colors_info=\u00bb{}\u00bb][\/et_pb_heading][et_pb_text _builder_version=\u00bb4.23.1&#8243; _module_preset=\u00bbdefault\u00bb header_3_text_color=\u00bb#FFFFFF\u00bb global_colors_info=\u00bb{}\u00bb]<\/p>\n<h3>Aqu\u00ed encontrar\u00e1 las tarifas, las fechas de apertura y el calendario de la temporada de acampada 2024.<\/h3>\n<p>&nbsp;<\/p>\n<p>[\/et_pb_text][\/et_pb_column][et_pb_column type=\u00bb2_5&#8243; _builder_version=\u00bb4.16&#8243; _module_preset=\u00bbdefault\u00bb global_colors_info=\u00bb{}\u00bb][et_pb_blurb image_icon_background_color=\u00bbRGBA(255,255,255,0)\u00bb _builder_version=\u00bb4.22.2&#8243; _module_preset=\u00bb225d0675-a2b0-4307-9039-8cffccd1968a\u00bb header_level=\u00bbh2&#8243; header_font=\u00bbMontserrat|700|||||||\u00bb header_text_color=\u00bb#FFFFFF\u00bb header_line_height=\u00bb1.6em\u00bb body_font=\u00bb|700|||||||\u00bb body_text_color=\u00bb#FFFFFF\u00bb body_font_size=\u00bb25px\u00bb body_line_height=\u00bb1.6em\u00bb background_color=\u00bb#689B2F\u00bb text_orientation=\u00bbcenter\u00bb custom_padding=\u00bb30px|20px|30px|20px|true|true\u00bb animation=\u00bboff\u00bb header_font_size_tablet=\u00bb16px\u00bb header_font_size_phone=\u00bb14px\u00bb header_font_size_last_edited=\u00bbon|phone\u00bb body_font_size_tablet=\u00bb15px\u00bb body_font_size_phone=\u00bb14px\u00bb body_font_size_last_edited=\u00bboff|desktop\u00bb border_radii=\u00bbon|20px|20px|20px|20px\u00bb border_color_all_image=\u00bbRGBA(255,255,255,0)\u00bb box_shadow_style=\u00bbpreset2&#8243; box_shadow_horizontal=\u00bb0px\u00bb box_shadow_vertical=\u00bb25px\u00bb box_shadow_blur=\u00bb70px\u00bb locked=\u00bboff\u00bb global_colors_info=\u00bb{}\u00bb]<\/p>\n<p>Horario de apertura del camping:<br \/>Del 29 de marzo al 22 de septiembre<\/p>\n<p>Casas de vacaciones:<br \/>Abierto todo el a\u00f1o para actividades recreativas<\/p>\n<p>[\/et_pb_blurb][\/et_pb_column][\/et_pb_row][\/et_pb_section][et_pb_section fb_built=\u00bb1&#8243; admin_label=\u00bbProducts\u00bb _builder_version=\u00bb4.22.2&#8243; _module_preset=\u00bbdefault\u00bb background_color=\u00bb#689B2F\u00bb background_size=\u00bbcontain\u00bb background_position=\u00bbbottom_right\u00bb custom_margin=\u00bb||-3px|||\u00bb locked=\u00bboff\u00bb global_colors_info=\u00bb{}\u00bb][et_pb_row disabled_on=\u00bboff|off|off\u00bb module_id=\u00bbga-naar-tarieven-camping\u00bb _builder_version=\u00bb4.23.1&#8243; _module_preset=\u00bbdefault\u00bb z_index=\u00bb9&#8243; width=\u00bb100%\u00bb max_width=\u00bb700px\u00bb module_alignment=\u00bbcenter\u00bb custom_margin=\u00bb-120px||||false|false\u00bb custom_padding=\u00bb0px||||false|false\u00bb module_alignment_tablet=\u00bbcenter\u00bb module_alignment_phone=\u00bbcenter\u00bb module_alignment_last_edited=\u00bbon|desktop\u00bb locked=\u00bboff\u00bb global_colors_info=\u00bb{}\u00bb][et_pb_column type=\u00bb4_4&#8243; _builder_version=\u00bb4.22.2&#8243; _module_preset=\u00bbdefault\u00bb background_color=\u00bb#FFFFFF\u00bb custom_padding=\u00bb40px|30px|40px|30px|true|true\u00bb link_option_url=\u00bb#\u00bb border_radii=\u00bbon|20px|20px|20px|20px\u00bb box_shadow_style=\u00bbpreset2&#8243; box_shadow_horizontal=\u00bb0px\u00bb box_shadow_vertical=\u00bb25px\u00bb box_shadow_blur=\u00bb70px\u00bb global_colors_info=\u00bb{}\u00bb][et_pb_text _builder_version=\u00bb4.23.1&#8243; _module_preset=\u00bbdefault\u00bb global_colors_info=\u00bb{}\u00bb]<\/p>\n<h1>Camping<\/h1>\n<p>&nbsp;<\/p>\n<table border=\"1\" style=\"border-collapse: collapse; width: 100%; height: 408px;\">\n<tbody>\n<tr style=\"height: 48px;\">\n<td style=\"width: 65%; height: 48px;\">Ni\u00f1os de 0 a 12 a\u00f1os<\/td>\n<td style=\"width: 35%; text-align: right; height: 48px;\">\u20ac 5,00*<\/td>\n<\/tr>\n<tr style=\"height: 24px;\">\n<td style=\"width: 65%; height: 24px;\">Mayores de 12 a\u00f1os<\/td>\n<td style=\"width: 35%; text-align: right; height: 24px;\">\u20ac 6,50*<\/td>\n<\/tr>\n<tr style=\"height: 24px;\">\n<td style=\"width: 65%; height: 24px;\"><strong>Julio &#8211; Agosto<\/strong><\/td>\n<td style=\"width: 35%; text-align: right; height: 24px;\"><\/td>\n<\/tr>\n<tr style=\"height: 24px;\">\n<td style=\"width: 65%; height: 24px;\">Ni\u00f1os de 0 a 12 a\u00f1os<\/td>\n<td style=\"width: 35%; text-align: right; height: 24px;\">\u20ac 5,50*<\/td>\n<\/tr>\n<tr style=\"height: 24px;\">\n<td style=\"width: 65%; height: 24px;\"><strong>Julio &#8211; Agosto<\/strong><\/td>\n<td style=\"width: 35%; text-align: right; height: 24px;\"><\/td>\n<\/tr>\n<tr style=\"height: 24px;\">\n<td style=\"width: 65%; height: 24px;\">Mayores de 12 a\u00f1os<\/td>\n<td style=\"width: 35%; text-align: right; height: 24px;\">\u20ac 7,00*<\/td>\n<\/tr>\n<tr style=\"height: 24px;\">\n<td style=\"width: 65%; height: 24px;\">Tienda<\/td>\n<td style=\"width: 35%; text-align: right; height: 24px;\">\u20ac 7,00<\/td>\n<\/tr>\n<tr style=\"height: 24px;\">\n<td style=\"width: 65%; height: 24px;\">Carpa adicional<\/td>\n<td style=\"width: 35%; text-align: right; height: 24px;\">\u20ac 5,25<\/td>\n<\/tr>\n<tr style=\"height: 24px;\">\n<td style=\"width: 65%; height: 24px;\">Caravana \/ Tienda remolque<\/td>\n<td style=\"width: 35%; text-align: right; height: 24px;\">\u20ac 7,00<\/td>\n<\/tr>\n<tr style=\"height: 24px;\">\n<td style=\"width: 65%; height: 24px;\">Autocaravana<\/td>\n<td style=\"width: 35%; text-align: right; height: 24px;\">\u20ac 7,00<\/td>\n<\/tr>\n<tr style=\"height: 24px;\">\n<td style=\"width: 65%; height: 24px;\">Perro<\/td>\n<td style=\"width: 35%; text-align: right; height: 24px;\">\u20ac 3,25<\/td>\n<\/tr>\n<tr style=\"height: 24px;\">\n<td style=\"width: 65%; height: 24px;\">Electricidad 16A<\/td>\n<td style=\"width: 35%; text-align: right; height: 24px;\">\u20ac 3,50<\/td>\n<\/tr>\n<tr style=\"height: 24px;\">\n<td style=\"width: 65%; height: 24px;\">Duchas<\/td>\n<td style=\"width: 35%; text-align: right; height: 24px;\">Gratis<\/td>\n<\/tr>\n<tr style=\"height: 24px;\">\n<td style=\"width: 65%; height: 24px;\">Tasa tur\u00edstica por persona<\/td>\n<td style=\"width: 35%; text-align: right; height: 24px;\">\u20ac 1,75<\/td>\n<\/tr>\n<tr style=\"height: 24px;\">\n<td style=\"width: 65%; height: 24px;\">Salida despu\u00e9s del mediod\u00eda, por persona<\/td>\n<td style=\"width: 35%; text-align: right; height: 24px;\">\u20ac 5,50<\/td>\n<\/tr>\n<tr style=\"height: 24px;\">\n<td style=\"width: 65%; height: 24px;\">* por persona y noche<\/td>\n<td style=\"width: 35%; text-align: right; height: 24px;\"><\/td>\n<\/tr>\n<\/tbody>\n<\/table>\n<p>&nbsp;<\/p>\n<p>[\/et_pb_text][\/et_pb_column][\/et_pb_row][\/et_pb_section][et_pb_section fb_built=\u00bb1&#8243; admin_label=\u00bbProducts\u00bb _builder_version=\u00bb4.22.1&#8243; _module_preset=\u00bbdefault\u00bb background_color=\u00bbRGBA(255,255,255,0)\u00bb background_size=\u00bbcontain\u00bb background_position=\u00bbbottom_right\u00bb custom_margin=\u00bb||-3px|||\u00bb locked=\u00bboff\u00bb global_colors_info=\u00bb{}\u00bb][et_pb_row make_equal=\u00bbon\u00bb module_id=\u00bbga-naar-tarieven-beverburcht\u00bb _builder_version=\u00bb4.23.1&#8243; _module_preset=\u00bbdefault\u00bb z_index=\u00bb9&#8243; width=\u00bb100%\u00bb max_width=\u00bb700px\u00bb min_height=\u00bb250px\u00bb custom_margin=\u00bb20px||||false|false\u00bb custom_padding=\u00bb0px||||false|false\u00bb locked=\u00bboff\u00bb global_colors_info=\u00bb{}\u00bb][et_pb_column type=\u00bb4_4&#8243; _builder_version=\u00bb4.22.2&#8243; _module_preset=\u00bbdefault\u00bb background_color=\u00bb#FFFFFF\u00bb background_enable_image=\u00bboff\u00bb parallax=\u00bbon\u00bb custom_padding=\u00bb40px|30px|40px|30px|true|true\u00bb link_option_url=\u00bb#\u00bb border_radii=\u00bbon|20px|20px|20px|20px\u00bb box_shadow_style=\u00bbpreset2&#8243; box_shadow_horizontal=\u00bb0px\u00bb box_shadow_vertical=\u00bb25px\u00bb box_shadow_blur=\u00bb70px\u00bb global_colors_info=\u00bb{}\u00bb][et_pb_text _builder_version=\u00bb4.23.1&#8243; _module_preset=\u00bbdefault\u00bb global_colors_info=\u00bb{}\u00bb]<\/p>\n<h1>El caba\u00f1a del castor<\/h1>\n<p>&nbsp;<\/p>\n<table border=\"1\" style=\"border-collapse: collapse; width: 100%; height: 100%px;\">\n<tbody>\n<tr style=\"height: 48px;\">\n<td style=\"width: 65%; height: 48px;\">Ni\u00f1os de 0 a 12 a\u00f1os<\/td>\n<td style=\"width: 35%; text-align: right; height: 48px;\">\u20ac 12,00*<\/td>\n<\/tr>\n<tr style=\"height: 24px;\">\n<td style=\"width: 65%; height: 24px;\">Mayores de 12 a\u00f1os<\/td>\n<td style=\"width: 35%; text-align: right; height: 24px;\">\u20ac 27,00*<\/td>\n<\/tr>\n<tr style=\"height: 24px;\">\n<td style=\"width: 65%; height: 24px;\"><span>Ropa de cama por persona<\/span><\/td>\n<td style=\"width: 35%; text-align: right; height: 24px;\">\u20ac12,50*\/**<\/td>\n<\/tr>\n<tr style=\"height: 24px;\">\n<td style=\"width: 65%; height: 24px;\">Tasa tur\u00edstica por persona<\/td>\n<td style=\"width: 35%; text-align: right; height: 24px;\">\u20ac 1,75*<\/td>\n<\/tr>\n<tr style=\"height: 24px;\">\n<td style=\"width: 65%; height: 24px;\">* por persona y noche<br \/>**Se requiere ropa de cama<br \/>Los perros no son bienvenidos en el caba\u00f1a del castor<\/td>\n<td style=\"width: 35%; text-align: right; height: 24px;\"><\/td>\n<\/tr>\n<\/tbody>\n<\/table>\n<p>&nbsp;<\/p>\n<p>[\/et_pb_text][\/et_pb_column][\/et_pb_row][\/et_pb_section][et_pb_section fb_built=\u00bb1&#8243; admin_label=\u00bbProducts\u00bb _builder_version=\u00bb4.23.1&#8243; _module_preset=\u00bbdefault\u00bb background_color=\u00bb#F3EFEC\u00bb background_size=\u00bbcontain\u00bb background_position=\u00bbbottom_right\u00bb custom_margin=\u00bb||-3px|||\u00bb locked=\u00bboff\u00bb global_colors_info=\u00bb{}\u00bb][et_pb_row column_structure=\u00bb1_2,1_2&#8243; make_equal=\u00bbon\u00bb _builder_version=\u00bb4.23.1&#8243; _module_preset=\u00bbdefault\u00bb z_index=\u00bb9&#8243; width=\u00bb90%\u00bb min_height=\u00bb250px\u00bb custom_margin=\u00bb20px||||false|false\u00bb custom_padding=\u00bb0px||||false|false\u00bb locked=\u00bboff\u00bb global_colors_info=\u00bb{}\u00bb][et_pb_column type=\u00bb1_2&#8243; module_id=\u00bbga-naar-tarieven-vakantiehuisjes\u00bb _builder_version=\u00bb4.23.1&#8243; _dynamic_attributes=\u00bblink_option_url\u00bb _module_preset=\u00bbdefault\u00bb background_color=\u00bb#FFFFFF\u00bb background_enable_image=\u00bboff\u00bb parallax=\u00bbon\u00bb custom_padding=\u00bb40px|30px|40px|30px|true|true\u00bb link_option_url=\u00bb@ET-DC@eyJkeW5hbWljIjp0cnVlLCJjb250ZW50IjoicG9zdF9saW5rX3VybF9wcm9qZWN0Iiwic2V0dGluZ3MiOnsicG9zdF9pZCI6IjMwNDIyIn19@\u00bb border_radii=\u00bbon|20px|20px|20px|20px\u00bb box_shadow_style=\u00bbpreset2&#8243; box_shadow_horizontal=\u00bb0px\u00bb box_shadow_vertical=\u00bb25px\u00bb box_shadow_blur=\u00bb70px\u00bb global_colors_info=\u00bb{}\u00bb][et_pb_text _builder_version=\u00bb4.23.1&#8243; _module_preset=\u00bbdefault\u00bb global_colors_info=\u00bb{}\u00bb]<\/p>\n<h1>Las casas de vacaciones<\/h1>\n<p>&nbsp;<\/p>\n<p>Tarifas casas de vacaciones ir a la p\u00e1gina:<\/p>\n<p><a href=\"https:\/\/groenecampingindepolder.nl\/project\/de-vakantiehuisjes\/\">Las casas de vacaciones<\/a> **<\/p>\n<p>**Las casas de vacaciones se alquilan en colaboraci\u00f3n con <a href=\"https:\/\/www.belvilla.nl\/nl\/100025757\/\" target=\"_blank\" rel=\"noopener\">Belvilla<\/a><\/p>\n<p>&nbsp;<\/p>\n<p>[\/et_pb_text][et_pb_image src=\u00bbhttps:\/\/groenecampingindepolder.nl\/wp-content\/uploads\/2023\/12\/Belvilla.png\u00bb title_text=\u00bbBelvilla\u00bb url=\u00bbhttps:\/\/www.belvilla.nl\/nl\/100025757\/\u00bb url_new_window=\u00bbon\u00bb align=\u00bbcenter\u00bb _builder_version=\u00bb4.23.1&#8243; _module_preset=\u00bbdefault\u00bb global_colors_info=\u00bb{}\u00bb][\/et_pb_image][\/et_pb_column][et_pb_column type=\u00bb1_2&#8243; module_id=\u00bbga-naar-tarieven-leavv\u00bb _builder_version=\u00bb4.23.1&#8243; _module_preset=\u00bbdefault\u00bb background_color=\u00bb#FFFFFF\u00bb background_enable_image=\u00bboff\u00bb parallax=\u00bbon\u00bb custom_padding=\u00bb40px|30px|40px|30px|true|true\u00bb link_option_url=\u00bbhttps:\/\/leavv.com\/elektrische-camper-huren-brabant-nl\/\u00bb link_option_url_new_window=\u00bbon\u00bb border_radii=\u00bbon|20px|20px|20px|20px\u00bb box_shadow_style=\u00bbpreset2&#8243; box_shadow_horizontal=\u00bb0px\u00bb box_shadow_vertical=\u00bb25px\u00bb box_shadow_blur=\u00bb70px\u00bb global_colors_info=\u00bb{}\u00bb][et_pb_text _builder_version=\u00bb4.23.1&#8243; _module_preset=\u00bbdefault\u00bb global_colors_info=\u00bb{}\u00bb]<\/p>\n<h1>Autocaravana el\u00e9ctrica<\/h1>\n<p>&nbsp;<\/p>\n<p>Estamos orgullosos de ser el lugar de recogida del LEAVV. Alquile su autocaravana totalmente el\u00e9ctrica en LEAVV y rec\u00f3jala en nuestro camping.<\/p>\n<p>Tarifas autocaravana el\u00e9ctrica haga clic en <a href=\"https:\/\/leavv.com\/elektrische-camper-huren-brabant-nl\/\" target=\"_blank\" rel=\"noopener\">LEAVV<\/a><\/p>\n<p>&nbsp;<\/p>\n<p>[\/et_pb_text][et_pb_image src=\u00bbhttps:\/\/groenecampingindepolder.nl\/wp-content\/uploads\/2023\/12\/electrische-camper-huren-brabant-lage-zwaluwe-lets-leavv.png\u00bb title_text=\u00bbelectric-camper-rentals-brabant-lage-Zwaluwe-lets-leavv\u00bb url=\u00bbhttps:\/\/leavv.com\/elektrische-camper-huren-brabant-nl\/\u00bb url_new_window=\u00bbon\u00bb align=\u00bbcenter\u00bb _builder_version=\u00bb4.23.1&#8243; _module_preset=\u00bbdefault\u00bb global_colors_info=\u00bb{}\u00bb][\/et_pb_image][\/et_pb_column][\/et_pb_row][\/et_pb_section][et_pb_section fb_built=\u00bb1&#8243; admin_label=\u00bbProducts\u00bb _builder_version=\u00bb4.22.1&#8243; _module_preset=\u00bbdefault\u00bb background_color=\u00bb#FF9900&#8243; background_size=\u00bbcontain\u00bb background_position=\u00bbbottom_right\u00bb custom_margin=\u00bb||-3px|||\u00bb locked=\u00bboff\u00bb global_colors_info=\u00bb{}\u00bb][et_pb_row column_structure=\u00bb1_2,1_2&#8243; make_equal=\u00bbon\u00bb module_id=\u00bbga-naar-op-de-fiets\u00bb _builder_version=\u00bb4.22.2&#8243; _module_preset=\u00bbdefault\u00bb z_index=\u00bb9&#8243; width=\u00bb90%\u00bb min_height=\u00bb250px\u00bb custom_margin=\u00bb20px||||false|false\u00bb custom_padding=\u00bb0px||||false|false\u00bb locked=\u00bboff\u00bb global_colors_info=\u00bb{}\u00bb][et_pb_column type=\u00bb1_2&#8243; _builder_version=\u00bb4.22.2&#8243; _module_preset=\u00bbdefault\u00bb background_color=\u00bb#FFFFFF\u00bb background_enable_image=\u00bboff\u00bb background_position=\u00bbcenter_left\u00bb background_horizontal_offset=\u00bb0%\u00bb custom_padding=\u00bb40px|30px|40px|30px|true|true\u00bb link_option_url=\u00bb#\u00bb border_radii=\u00bbon|20px|20px|20px|20px\u00bb box_shadow_style=\u00bbpreset2&#8243; box_shadow_horizontal=\u00bb0px\u00bb box_shadow_vertical=\u00bb25px\u00bb box_shadow_blur=\u00bb70px\u00bb global_colors_info=\u00bb{}\u00bb][et_pb_code _builder_version=\u00bb4.22.2&#8243; _module_preset=\u00bbdefault\u00bb global_colors_info=\u00bb{}\u00bb]<iframe loading=\"lazy\" src=\"https:\/\/www.google.com\/maps\/embed?pb=!1m18!1m12!1m3!1d19782.324585130882!2d4.6901781401367195!3d51.70027745527649!2m3!1f0!2f0!3f0!3m2!1i1024!2i768!4f13.1!3m3!1m2!1s0x47c4271fde286e23%3A0xef4565c20ce194db!2sGroenendijk+35%2C+4926+RE+Lage+Zwaluwe!5e0!3m2!1sen!2snl!4v1421176938306\" width=\"100%\" height=\"400PX\" frameborder=\"0\" style=\"border:0\"><\/iframe>[\/et_pb_code][\/et_pb_column][et_pb_column type=\u00bb1_2&#8243; _builder_version=\u00bb4.22.2&#8243; _module_preset=\u00bbdefault\u00bb background_color=\u00bb#FFFFFF\u00bb custom_padding=\u00bb40px|30px|40px|30px|true|true\u00bb link_option_url=\u00bb#\u00bb border_radii=\u00bbon|20px|20px|20px|20px\u00bb box_shadow_style=\u00bbpreset2&#8243; box_shadow_horizontal=\u00bb0px\u00bb box_shadow_vertical=\u00bb25px\u00bb box_shadow_blur=\u00bb70px\u00bb global_colors_info=\u00bb{}\u00bb][et_pb_heading title=\u00bbCONTACTO\u00bb _builder_version=\u00bb4.23.1&#8243; _module_preset=\u00bbdefault\u00bb title_font=\u00bbMontserrat|800|||||||\u00bb title_text_color=\u00bb#689B2F\u00bb title_font_size=\u00bb64px\u00bb hover_enabled=\u00bb0&#8243; global_colors_info=\u00bb{}\u00bb title_font_size_last_edited=\u00bbon|phone\u00bb sticky_enabled=\u00bb0&#8243; title_font_size_tablet=\u00bb40px\u00bb title_font_size_phone=\u00bb40px\u00bb][\/et_pb_heading][et_pb_text _builder_version=\u00bb4.23.1&#8243; _module_preset=\u00bbdefault\u00bb hover_enabled=\u00bb0&#8243; global_colors_info=\u00bb{}\u00bb sticky_enabled=\u00bb0&#8243;]<\/p>\n<p><strong><span style=\"font-size: 18.72px;\">E-<\/span><span style=\"font-size: 16px;\">mail: <\/span><a href=\"mailto:info@groenecampingindepolder.nl\" target=\"_blank\" rel=\"noopener\" style=\"font-size: 16px;\">info@groenecampingindepolder.nl<\/a><\/strong><\/p>\n<p><strong>Tel\u00e9fono:<a href=\"tel:+31642156125\" target=\"_blank\" rel=\"noopener\"> +31 6 421 561 25<\/a><\/strong><\/p>\n<h4>DIRECCI\u00d3N | GROENE CAMPING IN DE POLDER<\/h4>\n<p>Groenendijk <strong>35<\/strong><br \/>4926 RE Lage Zwaluwe<br \/>Pa\u00edses Bajos<\/p>\n<h4>DIRECCI\u00d3N | B &amp; B<\/h4>\n<p>Groenendijk <strong>33A<\/strong><br \/>4926 RE Lage Zwaluwe<br \/>Tel\u00e9fono: +31 6 488 559 86<a href=\"tel:+31642156125\" target=\"_blank\" rel=\"noopener\"><strong><\/strong><\/a><br \/>Ver: <strong><a href=\"https:\/\/www.bnbindepolder.nl\/\" target=\"_blank\" rel=\"noopener\" title=\"ALOJAMIENTO Y DESAYUNO\">B&amp;B <\/a><\/strong> <\/p>\n<p>[\/et_pb_text][et_pb_code admin_label=\u00bbC\u00f3digo tommy\u00bb _builder_version=\u00bb4.22.2&#8243; _module_preset=\u00bbdefault\u00bb global_colors_info=\u00bb{}\u00bb]<script src=\"https:\/\/api.tommybookingsupport.com\/widgets\/js\/widget.js\"<!-- [et_pb_line_break_holder] -->        type=\"application\/javascript\" language=\"javascript\"><\/script>[\/et_pb_code][\/et_pb_column][\/et_pb_row][\/et_pb_section]<\/p>\n","protected":false},"excerpt":{"rendered":"<p>Aqu\u00ed encontrar\u00e1 las tarifas, las fechas de apertura y el calendario de la temporada de acampada 2024. &nbsp;Horario de apertura del camping:Del 29 de marzo al 22 de septiembre Casas de vacaciones:Abierto todo el a\u00f1o para actividades recreativasCamping &nbsp; Ni\u00f1os de 0 a 12 a\u00f1os \u20ac 5,00* Mayores de 12 a\u00f1os \u20ac 6,50* Julio &#8211; [&hellip;]<\/p>\n","protected":false},"author":1,"featured_media":0,"parent":0,"menu_order":0,"comment_status":"closed","ping_status":"closed","template":"","meta":{"_et_pb_use_builder":"on","_et_pb_old_content":"","_et_gb_content_width":"","_monsterinsights_skip_tracking":false,"_monsterinsights_sitenote_active":false,"_monsterinsights_sitenote_note":"","_monsterinsights_sitenote_category":0,"footnotes":""},"class_list":["post-235843","page","type-page","status-publish","hentry"],"_links":{"self":[{"href":"https:\/\/groenecampingindepolder.nl\/es\/wp-json\/wp\/v2\/pages\/235843","targetHints":{"allow":["GET"]}}],"collection":[{"href":"https:\/\/groenecampingindepolder.nl\/es\/wp-json\/wp\/v2\/pages"}],"about":[{"href":"https:\/\/groenecampingindepolder.nl\/es\/wp-json\/wp\/v2\/types\/page"}],"author":[{"embeddable":true,"href":"https:\/\/groenecampingindepolder.nl\/es\/wp-json\/wp\/v2\/users\/1"}],"replies":[{"embeddable":true,"href":"https:\/\/groenecampingindepolder.nl\/es\/wp-json\/wp\/v2\/comments?post=235843"}],"version-history":[{"count":8,"href":"https:\/\/groenecampingindepolder.nl\/es\/wp-json\/wp\/v2\/pages\/235843\/revisions"}],"predecessor-version":[{"id":235851,"href":"https:\/\/groenecampingindepolder.nl\/es\/wp-json\/wp\/v2\/pages\/235843\/revisions\/235851"}],"wp:attachment":[{"href":"https:\/\/groenecampingindepolder.nl\/es\/wp-json\/wp\/v2\/media?parent=235843"}],"curies":[{"name":"wp","href":"https:\/\/api.w.org\/{rel}","templated":true}]}}