{"id":235724,"date":"2023-12-21T13:16:14","date_gmt":"2023-12-21T13:16:14","guid":{"rendered":"https:\/\/groenecampingindepolder.nl\/reservas\/"},"modified":"2025-06-18T09:51:21","modified_gmt":"2025-06-18T09:51:21","slug":"reservas","status":"publish","type":"page","link":"https:\/\/groenecampingindepolder.nl\/es\/reservas\/","title":{"rendered":"Reservas"},"content":{"rendered":"<p>[et_pb_section fb_built=\u00bb1&#8243; custom_padding_last_edited=\u00bbon|desktop\u00bb disabled_on=\u00bboff|off|on\u00bb admin_label=\u00bbHeader\u00bb _builder_version=\u00bb4.27.2&#8243; _module_preset=\u00bbdefault\u00bb background_enable_color=\u00bboff\u00bb use_background_color_gradient=\u00bbon\u00bb background_color_gradient_direction=\u00bb90deg\u00bb background_color_gradient_stops=\u00bbrgba(33,64,28,0) 75%|#689b2f 75%\u00bb background_color_gradient_overlays_image=\u00bbon\u00bb background_color_gradient_start=\u00bb#21401c\u00bb background_color_gradient_start_position=\u00bb64%\u00bb background_color_gradient_end=\u00bbrgba(33,64,28,0)\u00bb background_color_gradient_end_position=\u00bb64%\u00bb background_image=\u00bbhttps:\/\/groenecampingindepolder.nl\/wp-content\/uploads\/2024\/11\/Ontvangst-en-een-ijsje-Groene-Camping-in-de-Polder.jpg\u00bb background_position=\u00bbbottom_right\u00bb background_horizontal_offset=\u00bb16%\u00bb background_vertical_offset=\u00bb-1%\u00bb background_repeat=\u00bbrepeat\u00bb background_blend=\u00bbmultiply\u00bb max_height=\u00bb547px\u00bb max_height_tablet=\u00bb428px\u00bb max_height_phone=\u00bb661px\u00bb max_height_last_edited=\u00bbon|phone\u00bb overflow-y=\u00bbhidden\u00bb custom_margin=\u00bb||-26px||false|false\u00bb custom_padding=\u00bb139px||211px||false|false\u00bb custom_padding_tablet=\u00bb4px||204px|0px|false|false\u00bb custom_padding_phone=\u00bb49px||3px|0px|false|false\u00bb background_last_edited=\u00bbon|desktop\u00bb use_background_color_gradient_tablet=\u00bbon\u00bb use_background_color_gradient_phone=\u00bbon\u00bb background_color_gradient_stops_tablet=\u00bb#21401c 26%|rgba(33,64,28,0) 26%\u00bb background_color_gradient_stops_phone=\u00bb#21401c 26%|rgba(255,255,255,0) 26%\u00bb background_color_gradient_start_position_tablet=\u00bb88%\u00bb background_color_gradient_end_position_tablet=\u00bb88%\u00bb background_image_tablet=\u00bbhttps:\/\/groenecampingindepolder.nl\/wp-content\/uploads\/2024\/11\/Ontvangst-en-een-ijsje-Groene-Camping-in-de-Polder.jpg\u00bb background_enable_image_tablet=\u00bbon\u00bb background_size_phone=\u00bbcover\u00bb background_position_phone=\u00bbbottom_left\u00bb background_horizontal_offset_tablet=\u00bb58%\u00bb background_horizontal_offset_phone=\u00bb-35%\u00bb background_vertical_offset_tablet=\u00bb3%\u00bb background_vertical_offset_phone=\u00bb-1%\u00bb locked=\u00bboff\u00bb global_colors_info=\u00bb{}\u00bb][et_pb_row _builder_version=\u00bb4.23.1&#8243; _module_preset=\u00bbdefault\u00bb background_color=\u00bbRGBA(255,255,255,0)\u00bb custom_padding=\u00bb0px||||false|false\u00bb collapsed=\u00bboff\u00bb global_colors_info=\u00bb{}\u00bb][et_pb_column type=\u00bb4_4&#8243; _builder_version=\u00bb4.23.1&#8243; _module_preset=\u00bbdefault\u00bb background_enable_color=\u00bboff\u00bb custom_padding=\u00bb||||false|false\u00bb custom_padding_tablet=\u00bb0px||||false|false\u00bb custom_padding_phone=\u00bb\u00bb custom_padding_last_edited=\u00bbon|phone\u00bb global_colors_info=\u00bb{}\u00bb][et_pb_heading title=\u00bbRESERVA ONLINE\u00bb _builder_version=\u00bb4.23.1&#8243; _module_preset=\u00bbdefault\u00bb title_font=\u00bbMontserrat|800|||||||\u00bb title_text_color=\u00bb#FFFFFF\u00bb title_font_size=\u00bb64px\u00bb max_width_tablet=\u00bb\u00bb max_width_phone=\u00bb100%\u00bb max_width_last_edited=\u00bbon|phone\u00bb title_font_size_tablet=\u00bb64px\u00bb title_font_size_phone=\u00bb24px\u00bb title_font_size_last_edited=\u00bbon|phone\u00bb global_colors_info=\u00bb{}\u00bb][\/et_pb_heading][et_pb_text _builder_version=\u00bb4.23.1&#8243; _module_preset=\u00bbdefault\u00bb header_3_text_color=\u00bb#FFFFFF\u00bb global_colors_info=\u00bb{}\u00bb]<\/p>\n<h3>Elija la comodidad y reserve en l\u00ednea<\/h3>\n<p>[\/et_pb_text][et_pb_blurb image_icon_background_color=\u00bbRGBA(255,255,255,0)\u00bb admin_label=\u00bbBlurb\u00bb _builder_version=\u00bb4.27.4&#8243; _module_preset=\u00bb225d0675-a2b0-4307-9039-8cffccd1968a\u00bb header_level=\u00bbh2&#8243; header_font=\u00bbMontserrat|700|||||||\u00bb header_text_color=\u00bb#FFFFFF\u00bb header_line_height=\u00bb1.6em\u00bb body_font=\u00bb|700|||||||\u00bb body_text_color=\u00bb#FFFFFF\u00bb body_font_size=\u00bb13px\u00bb body_line_height=\u00bb1.6em\u00bb background_color=\u00bb#689B2F\u00bb text_orientation=\u00bbcenter\u00bb custom_margin=\u00bb||11px|||\u00bb custom_padding=\u00bb10px|10px|10px|10px|true|true\u00bb animation=\u00bboff\u00bb header_font_size_tablet=\u00bb16px\u00bb header_font_size_phone=\u00bb14px\u00bb header_font_size_last_edited=\u00bbon|phone\u00bb body_font_size_tablet=\u00bb15px\u00bb body_font_size_phone=\u00bb14px\u00bb body_font_size_last_edited=\u00bboff|desktop\u00bb border_radii=\u00bbon|20px|20px|20px|20px\u00bb border_color_all_image=\u00bbRGBA(255,255,255,0)\u00bb box_shadow_style=\u00bbpreset2&#8243; box_shadow_horizontal=\u00bb0px\u00bb box_shadow_vertical=\u00bb25px\u00bb box_shadow_blur=\u00bb70px\u00bb locked=\u00bboff\u00bb global_colors_info=\u00bb{}\u00bb]<\/p>\n<p>Horario de apertura del camping 2025:<br \/>Del 28 de marzo al 22 de septiembre<\/p>\n<p>Casas de vacaciones:<br \/>Abierto todo el a\u00f1o para actividades recreativas<\/p>\n<p>[\/et_pb_blurb][\/et_pb_column][\/et_pb_row][\/et_pb_section][et_pb_section fb_built=\u00bb1&#8243; custom_padding_last_edited=\u00bbon|desktop\u00bb disabled_on=\u00bbon|on|off\u00bb admin_label=\u00bbHeader\u00bb _builder_version=\u00bb4.27.2&#8243; _module_preset=\u00bbdefault\u00bb background_enable_color=\u00bboff\u00bb use_background_color_gradient=\u00bbon\u00bb background_color_gradient_direction=\u00bb90deg\u00bb background_color_gradient_stops=\u00bbrgba(33,64,28,0) 75%|#689b2f 75%\u00bb background_color_gradient_overlays_image=\u00bbon\u00bb background_color_gradient_start=\u00bb#21401c\u00bb background_color_gradient_start_position=\u00bb64%\u00bb background_color_gradient_end=\u00bbrgba(33,64,28,0)\u00bb background_color_gradient_end_position=\u00bb64%\u00bb background_image=\u00bbhttps:\/\/groenecampingindepolder.nl\/wp-content\/uploads\/2024\/11\/Ontvangst-en-een-ijsje-Groene-Camping-in-de-Polder.jpg\u00bb background_position=\u00bbbottom_right\u00bb background_horizontal_offset=\u00bb16%\u00bb background_vertical_offset=\u00bb13%\u00bb background_repeat=\u00bbrepeat\u00bb background_blend=\u00bbmultiply\u00bb overflow-y=\u00bbhidden\u00bb custom_margin=\u00bb-83px||||false|false\u00bb custom_padding=\u00bb139px||211px||false|false\u00bb custom_padding_tablet=\u00bb139px||211px|0px|false|false\u00bb custom_padding_phone=\u00bb139px||211px||false|false\u00bb background_last_edited=\u00bbon|tablet\u00bb use_background_color_gradient_tablet=\u00bbon\u00bb use_background_color_gradient_phone=\u00bbon\u00bb background_color_gradient_stops_tablet=\u00bb#21401c 26%|rgba(33,64,28,0) 26%\u00bb background_color_gradient_stops_phone=\u00bb#21401c 26%|rgba(255,255,255,0) 26%\u00bb background_color_gradient_start_position_tablet=\u00bb88%\u00bb background_color_gradient_end_position_tablet=\u00bb88%\u00bb background_horizontal_offset_tablet=\u00bb58%\u00bb background_horizontal_offset_phone=\u00bb34%\u00bb background_vertical_offset_tablet=\u00bb66%\u00bb locked=\u00bboff\u00bb global_colors_info=\u00bb{}\u00bb][et_pb_row column_structure=\u00bb3_5,2_5&#8243; _builder_version=\u00bb4.22.1&#8243; _module_preset=\u00bbdefault\u00bb background_color=\u00bbRGBA(255,255,255,0)\u00bb collapsed=\u00bboff\u00bb global_colors_info=\u00bb{}\u00bb][et_pb_column type=\u00bb3_5&#8243; _builder_version=\u00bb4.22.1&#8243; _module_preset=\u00bbdefault\u00bb background_enable_color=\u00bboff\u00bb custom_padding=\u00bb80px||||false|false\u00bb custom_padding_tablet=\u00bb0px||||false|false\u00bb custom_padding_phone=\u00bb\u00bb custom_padding_last_edited=\u00bbon|tablet\u00bb global_colors_info=\u00bb{}\u00bb][et_pb_heading title=\u00bbRESERVA ONLINE\u00bb _builder_version=\u00bb4.23.1&#8243; _module_preset=\u00bbdefault\u00bb title_font=\u00bbMontserrat|800|||||||\u00bb title_text_color=\u00bb#FFFFFF\u00bb title_font_size=\u00bb64px\u00bb max_width_tablet=\u00bb\u00bb max_width_phone=\u00bb100%\u00bb max_width_last_edited=\u00bbon|phone\u00bb title_font_size_tablet=\u00bb64px\u00bb title_font_size_phone=\u00bb43px\u00bb title_font_size_last_edited=\u00bbon|phone\u00bb global_colors_info=\u00bb{}\u00bb][\/et_pb_heading][et_pb_text _builder_version=\u00bb4.23.1&#8243; _module_preset=\u00bbdefault\u00bb header_3_text_color=\u00bb#FFFFFF\u00bb global_colors_info=\u00bb{}\u00bb]<\/p>\n<h3>Elija la comodidad y reserve en l\u00ednea<\/h3>\n<p>[\/et_pb_text][\/et_pb_column][et_pb_column type=\u00bb2_5&#8243; admin_label=\u00bbColumna\u00bb _builder_version=\u00bb4.16&#8243; _module_preset=\u00bbdefault\u00bb global_colors_info=\u00bb{}\u00bb][et_pb_blurb image_icon_background_color=\u00bbRGBA(255,255,255,0)\u00bb admin_label=\u00bbBlurb\u00bb _builder_version=\u00bb4.23.1&#8243; _module_preset=\u00bb225d0675-a2b0-4307-9039-8cffccd1968a\u00bb header_level=\u00bbh2&#8243; header_font=\u00bbMontserrat|700|||||||\u00bb header_text_color=\u00bb#FFFFFF\u00bb header_line_height=\u00bb1.6em\u00bb body_font=\u00bb|700|||||||\u00bb body_text_color=\u00bb#FFFFFF\u00bb body_font_size=\u00bb25px\u00bb body_line_height=\u00bb1.6em\u00bb background_color=\u00bb#689B2F\u00bb text_orientation=\u00bbcenter\u00bb custom_padding=\u00bb30px|20px|30px|20px|true|true\u00bb animation=\u00bboff\u00bb header_font_size_tablet=\u00bb16px\u00bb header_font_size_phone=\u00bb14px\u00bb header_font_size_last_edited=\u00bbon|phone\u00bb body_font_size_tablet=\u00bb15px\u00bb body_font_size_phone=\u00bb14px\u00bb body_font_size_last_edited=\u00bboff|desktop\u00bb border_radii=\u00bbon|20px|20px|20px|20px\u00bb border_color_all_image=\u00bbRGBA(255,255,255,0)\u00bb box_shadow_style=\u00bbpreset2&#8243; box_shadow_horizontal=\u00bb0px\u00bb box_shadow_vertical=\u00bb25px\u00bb box_shadow_blur=\u00bb70px\u00bb locked=\u00bboff\u00bb global_colors_info=\u00bb{}\u00bb]<\/p>\n<p>Horario de apertura del camping 2025:<br \/>Del 28 de marzo al 22 de septiembre<\/p>\n<p>Casas de vacaciones:<br \/>Abierto todo el a\u00f1o para actividades recreativas<\/p>\n<p>[\/et_pb_blurb][\/et_pb_column][\/et_pb_row][\/et_pb_section][et_pb_section fb_built=\u00bb1&#8243; admin_label=\u00bbProducts\u00bb module_id=\u00bbelija su estancia\u00bb _builder_version=\u00bb4.23.1&#8243; _module_preset=\u00bbdefault\u00bb background_color=\u00bb#689B2F\u00bb background_size=\u00bbcontain\u00bb background_position=\u00bbbottom_right\u00bb custom_margin=\u00bb||-3px|||\u00bb hover_transition_duration=\u00bb0ms\u00bb locked=\u00bboff\u00bb global_colors_info=\u00bb{}\u00bb][et_pb_row _builder_version=\u00bb4.23.1&#8243; _module_preset=\u00bbdefault\u00bb background_color=\u00bb#FFFFFF\u00bb custom_margin=\u00bb||||false|false\u00bb border_radii=\u00bbon|20px|20px|20px|20px\u00bb global_colors_info=\u00bb{}\u00bb][et_pb_column type=\u00bb4_4&#8243; _builder_version=\u00bb4.23.1&#8243; _module_preset=\u00bbdefault\u00bb global_colors_info=\u00bb{}\u00bb][et_pb_code admin_label=\u00bbC\u00f3digo\u00bb _builder_version=\u00bb4.24.0&#8243; _module_preset=\u00bbdefault\u00bb hover_transition_duration=\u00bb0ms\u00bb locked=\u00bboff\u00bb global_colors_info=\u00bb{}\u00bb]<\/p>\n<div id=\"TommyBookingSupport\"<!-- [et_pb_line_break_holder] -->    data-widget=\u00bbboeken\u00bb<!-- [et_pb_line_break_holder] -->    data-apikey=\u00bb0f152670cb49ba15131d115d54f5ebff316d9adfeec7e44c66eb860b343786e1&#8243;<!-- [et_pb_line_break_holder] -->    data-account=\u00bbgroenepolder\u00bb<!-- [et_pb_line_break_holder] -->    data-language=&#8217;es&#8217;<!-- [et_pb_line_break_holder] -->    data-country=&#8217;es&#8217;<!-- [et_pb_line_break_holder] -->    data-locatie-keuze=&#8217;true&#8217;<!-- [et_pb_line_break_holder] -->    data-boeken-per-dag=&#8217;true&#8217;<!-- [et_pb_line_break_holder] -->    data-kalenderdatum=&#8217;2024-04-01&#8242;<!-- [et_pb_line_break_holder] -->     data-algemene-voorwaarden=&#8217;https:\/\/groenecampingindepolder.nl\/algemene-voorwaarden\/&#8217;<!-- [et_pb_line_break_holder] -->    data-url-privacy=&#8217;https:\/\/groenecampingindepolder.nl\/privacy\/&#8217;><!-- [et_pb_line_break_holder] --><\/div>\n<p><!-- [et_pb_line_break_holder] -->[\/et_pb_code][\/et_pb_column][\/et_pb_row][et_pb_row _builder_version=\u00bb4.23.1&#8243; _module_preset=\u00bbdefault\u00bb global_colors_info=\u00bb{}\u00bb][et_pb_column type=\u00bb4_4&#8243; _builder_version=\u00bb4.23.1&#8243; _module_preset=\u00bbdefault\u00bb global_colors_info=\u00bb{}\u00bb][et_pb_text admin_label=\u00bbTekst\u00bb _builder_version=\u00bb4.23.1&#8243; _module_preset=\u00bbdefault\u00bb text_text_color=\u00bb#FFFFFF\u00bb locked=\u00bboff\u00bb global_colors_info=\u00bb{}\u00bb]<\/p>\n<p><em>Las reservas se realizan a trav\u00e9s de nuestro sistema externo de reservas. Si \u00abinesperadamente\u00bb no estuviera visible, p\u00f3ngase en contacto con nosotros por correo electr\u00f3nico; <span style=\"color: #ffffff;\"><a href=\"mailto:info@groenecampingindepolder.nl\" target=\"_blank\" rel=\"noopener\" style=\"color: #ffffff;\">info@groenecampingindepolder.nl<\/a><\/span> o por tel\u00e9fono:<span style=\"color: #ffffff;\"><a href=\"tel:+31642156125\" target=\"_blank\" rel=\"noopener\" style=\"color: #ffffff;\">+31 6 421 561 25<\/a>.<\/span><\/em><\/p>\n<p>[\/et_pb_text][\/et_pb_column][\/et_pb_row][\/et_pb_section][et_pb_section fb_built=\u00bb1&#8243; admin_label=\u00bbProducts\u00bb _builder_version=\u00bb4.23.1&#8243; _module_preset=\u00bbdefault\u00bb background_color=\u00bb#F3EFEC\u00bb background_size=\u00bbcontain\u00bb background_position=\u00bbbottom_right\u00bb custom_margin=\u00bb||-3px|||\u00bb locked=\u00bboff\u00bb global_colors_info=\u00bb{}\u00bb][et_pb_row make_equal=\u00bbon\u00bb admin_label=\u00bbConducir\u00bb _builder_version=\u00bb4.23.1&#8243; _module_preset=\u00bbdefault\u00bb z_index=\u00bb9&#8243; width=\u00bb90%\u00bb min_height=\u00bb250px\u00bb custom_margin=\u00bb20px||||false|false\u00bb custom_padding=\u00bb0px||||false|false\u00bb locked=\u00bboff\u00bb global_colors_info=\u00bb{}\u00bb][et_pb_column type=\u00bb4_4&#8243; _builder_version=\u00bb4.22.2&#8243; _module_preset=\u00bbdefault\u00bb background_color=\u00bb#FFFFFF\u00bb background_enable_image=\u00bboff\u00bb parallax=\u00bbon\u00bb custom_padding=\u00bb40px|30px|40px|30px|true|true\u00bb link_option_url=\u00bb#\u00bb border_radii=\u00bbon|20px|20px|20px|20px\u00bb box_shadow_style=\u00bbpreset2&#8243; box_shadow_horizontal=\u00bb0px\u00bb box_shadow_vertical=\u00bb25px\u00bb box_shadow_blur=\u00bb70px\u00bb global_colors_info=\u00bb{}\u00bb][et_pb_heading title=\u00bbPlan\u00bb _builder_version=\u00bb4.23.1&#8243; _module_preset=\u00bbdefault\u00bb global_colors_info=\u00bb{}\u00bb][\/et_pb_heading][et_pb_image src=\u00bbhttps:\/\/groenecampingindepolder.nl\/wp-content\/uploads\/2024\/03\/Plattegrond_Groene_Camping_in_de_Polder_met-locaties-1.jpg\u00bb title_text=\u00bbPlattegrond_Groene_Camping_in_de_Polder_met-locaties\u00bb show_in_lightbox=\u00bbon\u00bb _builder_version=\u00bb4.24.2&#8243; _module_preset=\u00bbdefault\u00bb border_radii=\u00bbon|15px|15px|15px|15px\u00bb global_colors_info=\u00bb{}\u00bb][\/et_pb_image][\/et_pb_column][\/et_pb_row][\/et_pb_section][et_pb_section fb_built=\u00bb1&#8243; admin_label=\u00bbProducts\u00bb _builder_version=\u00bb4.27.4&#8243; _module_preset=\u00bbdefault\u00bb background_color=\u00bb#FF9900&#8243; background_size=\u00bbcontain\u00bb background_position=\u00bbbottom_right\u00bb custom_margin=\u00bb||-3px|||\u00bb hover_enabled=\u00bb0&#8243; locked=\u00bboff\u00bb global_colors_info=\u00bb{}\u00bb sticky_enabled=\u00bb0&#8243; module_id=\u00bbllegada-salida\u00bb][et_pb_row make_equal=\u00bbon\u00bb admin_label=\u00bbRij\u00bb _builder_version=\u00bb4.23.1&#8243; _module_preset=\u00bbdefault\u00bb z_index=\u00bb9&#8243; width=\u00bb90%\u00bb min_height=\u00bb250px\u00bb custom_margin=\u00bb20px||||false|false\u00bb custom_padding=\u00bb0px||||false|false\u00bb locked=\u00bboff\u00bb global_colors_info=\u00bb{}\u00bb][et_pb_column type=\u00bb4_4&#8243; _builder_version=\u00bb4.22.2&#8243; _module_preset=\u00bbdefault\u00bb background_color=\u00bb#FFFFFF\u00bb background_enable_image=\u00bboff\u00bb parallax=\u00bbon\u00bb custom_padding=\u00bb40px|30px|40px|30px|true|true\u00bb link_option_url=\u00bb#\u00bb border_radii=\u00bbon|20px|20px|20px|20px\u00bb box_shadow_style=\u00bbpreset2&#8243; box_shadow_horizontal=\u00bb0px\u00bb box_shadow_vertical=\u00bb25px\u00bb box_shadow_blur=\u00bb70px\u00bb global_colors_info=\u00bb{}\u00bb][et_pb_heading title=\u00bbLLEGADA Y SALIDA\u00bb _builder_version=\u00bb4.27.4&#8243; _module_preset=\u00bbdefault\u00bb hover_enabled=\u00bb0&#8243; global_colors_info=\u00bb{}\u00bb sticky_enabled=\u00bb0&#8243;][\/et_pb_heading][et_pb_text _builder_version=\u00bb4.27.4&#8243; _module_preset=\u00bbdefault\u00bb hover_enabled=\u00bb0&#8243; sticky_enabled=\u00bb0&#8243;]<\/p>\n<div class=\"et_pb_module et_pb_text et_pb_text_9  et_pb_text_align_center et_pb_bg_layout_light\">\n<div class=\"et_pb_text_inner\">\n<div class=\"et_pb_module et_pb_text et_pb_text_7  et_pb_text_align_center et_pb_bg_layout_light\">\n<div class=\"et_pb_text_inner\"><\/div>\n<\/div>\n<div class=\"et_pb_module et_pb_text et_pb_text_8  et_pb_text_align_center et_pb_bg_layout_light\">\n<div class=\"et_pb_text_inner\">\n<p style=\"text-align: left;\"><strong>El d\u00eda de llegada, podr\u00e1 entrar en nuestro camping\u00a0a partir de\u00a0las 15.00 horas. Le rogamos que se atenga a ese horario debido a nuestras otras actividades relacionadas con el camping y la granja. Si desea llegar antes, se cobrar\u00e1 un suplemento de 5 euros por persona.<\/strong><\/p>\n<p style=\"text-align: left;\">El d\u00eda de salida, abandone el campo<span>\u00a0<\/span><strong>antes de las 12.00 horas<\/strong>.<\/p>\n<p style=\"text-align: left;\">\u00bfDejar el camping despu\u00e9s del mediod\u00eda? Puede hacerlo, cobramos 5 euros por persona.<\/p>\n<\/div>\n<\/div>\n<\/div>\n<\/div>\n<p>[\/et_pb_text][\/et_pb_column][\/et_pb_row][\/et_pb_section][et_pb_section fb_built=\u00bb1&#8243; admin_label=\u00bbProducts\u00bb _builder_version=\u00bb4.23.1&#8243; _module_preset=\u00bbdefault\u00bb background_color=\u00bb#689B2F\u00bb background_size=\u00bbcontain\u00bb background_position=\u00bbbottom_right\u00bb custom_margin=\u00bb||-3px|||\u00bb locked=\u00bboff\u00bb global_colors_info=\u00bb{}\u00bb][et_pb_row column_structure=\u00bb1_2,1_2&#8243; make_equal=\u00bbon\u00bb module_id=\u00bbga-naar-contact\u00bb _builder_version=\u00bb4.23.1&#8243; _module_preset=\u00bbdefault\u00bb z_index=\u00bb9&#8243; width=\u00bb90%\u00bb min_height=\u00bb250px\u00bb custom_margin=\u00bb20px||||false|false\u00bb custom_padding=\u00bb0px||||false|false\u00bb locked=\u00bboff\u00bb global_colors_info=\u00bb{}\u00bb][et_pb_column type=\u00bb1_2&#8243; _builder_version=\u00bb4.22.2&#8243; _module_preset=\u00bbdefault\u00bb background_color=\u00bb#FFFFFF\u00bb custom_padding=\u00bb40px|30px|40px|30px|true|true\u00bb link_option_url=\u00bb#\u00bb border_radii=\u00bbon|20px|20px|20px|20px\u00bb box_shadow_style=\u00bbpreset2&#8243; box_shadow_horizontal=\u00bb0px\u00bb box_shadow_vertical=\u00bb25px\u00bb box_shadow_blur=\u00bb70px\u00bb global_colors_info=\u00bb{}\u00bb][et_pb_heading title=\u00bbCONTACTO\u00bb _builder_version=\u00bb4.23.1&#8243; _module_preset=\u00bbdefault\u00bb title_font=\u00bbMontserrat|800|||||||\u00bb title_text_color=\u00bb#689B2F\u00bb title_font_size=\u00bb64px\u00bb title_font_size_tablet=\u00bb64px\u00bb title_font_size_phone=\u00bb40px\u00bb title_font_size_last_edited=\u00bbon|phone\u00bb global_colors_info=\u00bb{}\u00bb][\/et_pb_heading][et_pb_text _builder_version=\u00bb4.23.1&#8243; _module_preset=\u00bbdefault\u00bb text_font_size_tablet=\u00bb\u00bb text_font_size_phone=\u00bb18px\u00bb text_font_size_last_edited=\u00bbon|phone\u00bb global_colors_info=\u00bb{}\u00bb]<\/p>\n<p><strong><span style=\"font-size: 18.72px;\">E-<\/span><span style=\"font-size: 16px;\">mail: <\/span><a href=\"mailto:info@groenecampingindepolder.nl\" target=\"_blank\" rel=\"noopener\" style=\"font-size: 16px;\">info@groenecampingindepolder.nl<\/a><\/strong><\/p>\n<p><strong>Tel\u00e9fono:<a href=\"tel:+31642156125\" target=\"_blank\" rel=\"noopener\"> +31 6 421 561 25<\/a><\/strong><\/p>\n<h4>DIRECCI\u00d3N | GROENE CAMPING IN DE POLDER<\/h4>\n<p>Groenendijk <strong>35<\/strong><br \/>4926 RE Lage Zwaluwe<br \/>Pa\u00edses Bajos<\/p>\n<h4>DIRECCI\u00d3N | B &amp; B<\/h4>\n<p>Groenendijk <strong>33A<\/strong><br \/>4926 RE Lage Zwaluwe<br \/>Ver: <strong><a href=\"https:\/\/www.bnbindepolder.nl\/\" target=\"_blank\" rel=\"noopener\" title=\"ALOJAMIENTO Y DESAYUNO\">B&amp;B <\/a><\/strong> <\/p>\n<p>[\/et_pb_text][et_pb_code admin_label=\u00bbC\u00f3digo tommy\u00bb _builder_version=\u00bb4.22.2&#8243; _module_preset=\u00bbdefault\u00bb global_colors_info=\u00bb{}\u00bb]<script src=\"https:\/\/api.tommybookingsupport.com\/widgets\/js\/widget.js\"<!-- [et_pb_line_break_holder] -->        type=\"application\/javascript\" language=\"javascript\"><\/script>[\/et_pb_code][\/et_pb_column][et_pb_column type=\u00bb1_2&#8243; _builder_version=\u00bb4.22.2&#8243; _module_preset=\u00bbdefault\u00bb background_color=\u00bb#FFFFFF\u00bb background_enable_image=\u00bboff\u00bb background_position=\u00bbcenter_left\u00bb background_horizontal_offset=\u00bb0%\u00bb custom_padding=\u00bb40px|30px|40px|30px|true|true\u00bb link_option_url=\u00bb#\u00bb border_radii=\u00bbon|20px|20px|20px|20px\u00bb box_shadow_style=\u00bbpreset2&#8243; box_shadow_horizontal=\u00bb0px\u00bb box_shadow_vertical=\u00bb25px\u00bb box_shadow_blur=\u00bb70px\u00bb global_colors_info=\u00bb{}\u00bb][et_pb_code _builder_version=\u00bb4.22.2&#8243; _module_preset=\u00bbdefault\u00bb global_colors_info=\u00bb{}\u00bb]<iframe loading=\"lazy\" src=\"https:\/\/www.google.com\/maps\/embed?pb=!1m18!1m12!1m3!1d19782.324585130882!2d4.6901781401367195!3d51.70027745527649!2m3!1f0!2f0!3f0!3m2!1i1024!2i768!4f13.1!3m3!1m2!1s0x47c4271fde286e23%3A0xef4565c20ce194db!2sGroenendijk+35%2C+4926+RE+Lage+Zwaluwe!5e0!3m2!1sen!2snl!4v1421176938306\" width=\"100%\" height=\"400PX\" frameborder=\"0\" style=\"border:0\"><\/iframe>[\/et_pb_code][\/et_pb_column][\/et_pb_row][\/et_pb_section][et_pb_section fb_built=\u00bb1&#8243; admin_label=\u00bbCall to Action\u00bb _builder_version=\u00bb4.23.1&#8243; _module_preset=\u00bbdefault\u00bb background_color=\u00bb#FF9900&#8243; background_image=\u00bbhttps:\/\/groenecampingindepolder.nl\/wp-content\/uploads\/2023\/12\/Groene-Camping_in-de-polder_reserveren_wijze-uil.png\u00bb background_size=\u00bbcontain\u00bb background_position=\u00bbbottom_right\u00bb background_horizontal_offset=\u00bb16%\u00bb background_vertical_offset=\u00bb0%\u00bb background_last_edited=\u00bbon|phone\u00bb background_size_tablet=\u00bbinitial\u00bb background_size_phone=\u00bbcover\u00bb background_position_tablet=\u00bbtop_right\u00bb background_position_phone=\u00bbbottom_left\u00bb background_horizontal_offset_tablet=\u00bb54%\u00bb background_horizontal_offset_phone=\u00bb74%\u00bb background_vertical_offset_tablet=\u00bb0%\u00bb background_vertical_offset_phone=\u00bb0%\u00bb locked=\u00bboff\u00bb collapsed=\u00bbon\u00bb global_colors_info=\u00bb{}\u00bb][et_pb_row _builder_version=\u00bb4.17.6&#8243; _module_preset=\u00bbdefault\u00bb max_width=\u00bb860px\u00bb global_colors_info=\u00bb{}\u00bb][et_pb_column type=\u00bb4_4&#8243; _builder_version=\u00bb4.17.6&#8243; _module_preset=\u00bbdefault\u00bb global_colors_info=\u00bb{}\u00bb][et_pb_text _builder_version=\u00bb4.23.1&#8243; _module_preset=\u00bbe6504a1b-67eb-4b3d-b023-bcab277610b6&#8243; header_4_font=\u00bbManrope|700||on|||||\u00bb header_4_text_color=\u00bb#FFFFFF\u00bb header_4_font_size=\u00bb14px\u00bb header_4_letter_spacing=\u00bb1px\u00bb header_4_line_height=\u00bb1.4em\u00bb text_orientation=\u00bbcenter\u00bb custom_margin=\u00bb||0px||false|false\u00bb global_colors_info=\u00bb{}\u00bb]<\/p>\n<h4>ESTAMOS DESEANDO CONOCERLE<\/h4>\n<p>[\/et_pb_text][et_pb_text _builder_version=\u00bb4.17.6&#8243; _module_preset=\u00bbb327cbe4-b1d5-4b66-ad37-40c8f2f061ba\u00bb header_2_font=\u00bbManrope|700|||||||\u00bb header_2_text_color=\u00bb#FFFFFF\u00bb header_2_font_size=\u00bb48px\u00bb header_2_line_height=\u00bb1.2em\u00bb text_orientation=\u00bbcenter\u00bb header_2_font_size_tablet=\u00bb32px\u00bb header_2_font_size_phone=\u00bb20px\u00bb header_2_font_size_last_edited=\u00bbon|desktop\u00bb global_colors_info=\u00bb{}\u00bb]<\/p>\n<h2>Reserve hoy mismo en l\u00ednea y disfrute de una relajante estancia con nosotros.<\/h2>\n<p>[\/et_pb_text][\/et_pb_column][\/et_pb_row][\/et_pb_section]<\/p>\n","protected":false},"excerpt":{"rendered":"<p>Elija la comodidad y reserve en l\u00edneaHorario de apertura del camping 2025:Del 28 de marzo al 22 de septiembre Casas de vacaciones:Abierto todo el a\u00f1o para actividades recreativasElija la comodidad y reserve en l\u00edneaHorario de apertura del camping 2025:Del 28 de marzo al 22 de septiembre Casas de vacaciones:Abierto todo el a\u00f1o para actividades recreativasLas [&hellip;]<\/p>\n","protected":false},"author":1,"featured_media":0,"parent":0,"menu_order":0,"comment_status":"closed","ping_status":"closed","template":"","meta":{"_et_pb_use_builder":"on","_et_pb_old_content":"","_et_gb_content_width":"","_monsterinsights_skip_tracking":false,"_monsterinsights_sitenote_active":false,"_monsterinsights_sitenote_note":"","_monsterinsights_sitenote_category":0,"footnotes":""},"class_list":["post-235724","page","type-page","status-publish","hentry"],"_links":{"self":[{"href":"https:\/\/groenecampingindepolder.nl\/es\/wp-json\/wp\/v2\/pages\/235724","targetHints":{"allow":["GET"]}}],"collection":[{"href":"https:\/\/groenecampingindepolder.nl\/es\/wp-json\/wp\/v2\/pages"}],"about":[{"href":"https:\/\/groenecampingindepolder.nl\/es\/wp-json\/wp\/v2\/types\/page"}],"author":[{"embeddable":true,"href":"https:\/\/groenecampingindepolder.nl\/es\/wp-json\/wp\/v2\/users\/1"}],"replies":[{"embeddable":true,"href":"https:\/\/groenecampingindepolder.nl\/es\/wp-json\/wp\/v2\/comments?post=235724"}],"version-history":[{"count":15,"href":"https:\/\/groenecampingindepolder.nl\/es\/wp-json\/wp\/v2\/pages\/235724\/revisions"}],"predecessor-version":[{"id":237635,"href":"https:\/\/groenecampingindepolder.nl\/es\/wp-json\/wp\/v2\/pages\/235724\/revisions\/237635"}],"wp:attachment":[{"href":"https:\/\/groenecampingindepolder.nl\/es\/wp-json\/wp\/v2\/media?parent=235724"}],"curies":[{"name":"wp","href":"https:\/\/api.w.org\/{rel}","templated":true}]}}