{"id":236236,"date":"2023-10-02T14:11:02","date_gmt":"2023-10-02T14:11:02","guid":{"rendered":"https:\/\/groenecampingindepolder.nl\/unser-team\/"},"modified":"2024-12-13T11:51:22","modified_gmt":"2024-12-13T11:51:22","slug":"unser-team","status":"publish","type":"page","link":"https:\/\/groenecampingindepolder.nl\/de\/unser-team\/","title":{"rendered":"Unser Team"},"content":{"rendered":"<p>[et_pb_section fb_built=&#8220;1&#8243; admin_label=&#8220;Header&#8220; _builder_version=&#8220;4.22.2&#8243; _module_preset=&#8220;default&#8220; background_enable_color=&#8220;off&#8220; use_background_color_gradient=&#8220;on&#8220; background_color_gradient_direction=&#8220;90deg&#8220; background_color_gradient_stops=&#8220;rgba(33,64,28,0) 75%|#689b2f 75%&#8220; background_color_gradient_overlays_image=&#8220;on&#8220; background_color_gradient_start=&#8220;#21401c&#8220; background_color_gradient_start_position=&#8220;64%&#8220; background_color_gradient_end=&#8220;rgba(33,64,28,0)&#8220; background_color_gradient_end_position=&#8220;64%&#8220; background_image=&#8220;https:\/\/groenecampingindepolder.nl\/wp-content\/uploads\/2023\/10\/Groene_Camping_in_de_polder_zonsondergang.jpg&#8220; background_position=&#8220;bottom_center&#8220; background_vertical_offset=&#8220;37%&#8220; background_repeat=&#8220;repeat&#8220; background_blend=&#8220;multiply&#8220; overflow-y=&#8220;hidden&#8220; custom_margin=&#8220;||||false|false&#8220; custom_padding=&#8220;||100px||false|false&#8220; background_last_edited=&#8220;on|phone&#8220; use_background_color_gradient_tablet=&#8220;on&#8220; use_background_color_gradient_phone=&#8220;on&#8220; background_color_gradient_stops_tablet=&#8220;#21401c 26%|rgba(33,64,28,0) 26%&#8220; background_color_gradient_stops_phone=&#8220;#21401c 26%|rgba(255,255,255,0) 26%&#8220; background_color_gradient_start_position_tablet=&#8220;88%&#8220; background_color_gradient_end_position_tablet=&#8220;88%&#8220; collapsed=&#8220;on&#8220; global_colors_info=&#8220;{}&#8220;][et_pb_row _builder_version=&#8220;4.21.0&#8243; _module_preset=&#8220;default&#8220; custom_padding=&#8220;|||4px||&#8220; global_colors_info=&#8220;{}&#8220;][et_pb_column type=&#8220;4_4&#8243; _builder_version=&#8220;4.21.0&#8243; _module_preset=&#8220;default&#8220; global_colors_info=&#8220;{}&#8220;][et_pb_heading title=&#8220;UNSER TEAM&#8220; _builder_version=&#8220;4.22.2&#8243; _module_preset=&#8220;default&#8220; title_font=&#8220;Montserrat|800|||||||&#8220; title_text_color=&#8220;#21401C&#8220; title_font_size=&#8220;64px&#8220; locked=&#8220;off&#8220; global_colors_info=&#8220;{}&#8220;][\/et_pb_heading][\/et_pb_column][\/et_pb_row][et_pb_row column_structure=&#8220;1_2,1_2&#8243; use_custom_gutter=&#8220;on&#8220; gutter_width=&#8220;1&#8243; make_equal=&#8220;on&#8220; _builder_version=&#8220;4.23.1&#8243; _module_preset=&#8220;default&#8220; custom_margin=&#8220;0px|auto|0px|auto|false|false&#8220; border_radii=&#8220;on|15px|15px|15px|15px&#8220; global_colors_info=&#8220;{}&#8220;][et_pb_column type=&#8220;1_2&#8243; _builder_version=&#8220;4.23.1&#8243; _module_preset=&#8220;default&#8220; background_image=&#8220;https:\/\/groenecampingindepolder.nl\/wp-content\/uploads\/2023\/12\/Luchtfoto-boerderij-2023.jpg&#8220; border_radii=&#8220;off|15px|||15px&#8220; border_radii_tablet=&#8220;off|15px|15px||0px&#8220; border_radii_phone=&#8220;off|15px|15px||0px&#8220; border_radii_last_edited=&#8220;on|desktop&#8220; global_colors_info=&#8220;{}&#8220;][et_pb_divider show_divider=&#8220;off&#8220; _builder_version=&#8220;4.23.1&#8243; _module_preset=&#8220;default&#8220; height_tablet=&#8220;40vw&#8220; height_phone=&#8220;40vw&#8220; height_last_edited=&#8220;on|phone&#8220; locked=&#8220;off&#8220; global_colors_info=&#8220;{}&#8220;][\/et_pb_divider][\/et_pb_column][et_pb_column type=&#8220;1_2&#8243; _builder_version=&#8220;4.22.2&#8243; _module_preset=&#8220;default&#8220; background_color=&#8220;#689B2F&#8220; custom_padding=&#8220;80px|60px|80px|60px|true|true&#8220; custom_padding_tablet=&#8220;40px|30px|40px|30px|true|true&#8220; custom_padding_phone=&#8220;30px|20px|30px|20px|true|true&#8220; custom_padding_last_edited=&#8220;on|phone&#8220; border_radii=&#8220;off||15px|15px|&#8220; border_radii_tablet=&#8220;off||0px|15px|15px&#8220; border_radii_phone=&#8220;off||0px|15px|15px&#8220; border_radii_last_edited=&#8220;on|phone&#8220; global_colors_info=&#8220;{}&#8220;][et_pb_text _builder_version=&#8220;4.22.2&#8243; _module_preset=&#8220;0ff9dcc0-5c1e-47c9-b149-56ddf344ac42&#8243; text_text_color=&#8220;#FFFFFF&#8220; text_font_size=&#8220;28px&#8220; header_text_color=&#8220;#FFFFFF&#8220; header_font_size=&#8220;38px&#8220; background_layout=&#8220;dark&#8220; locked=&#8220;off&#8220; global_colors_info=&#8220;{}&#8220;]<\/p>\n<h3>UNSERE GESCHICHTE<\/h3>\n<p>[\/et_pb_text][et_pb_text _builder_version=&#8220;4.21.0&#8243; _module_preset=&#8220;e850bc2c-6e2b-408f-80a2-fbe6fb2a5b09&#8243; text_text_color=&#8220;#FFFFFF&#8220; custom_margin=&#8220;||||false|false&#8220; locked=&#8220;off&#8220; global_colors_info=&#8220;{}&#8220;]<\/p>\n<p>Paul und Janine sind seit dem 1. Januar 2018 die 7. Generation auf Groene camping In de Polder und BIO In de Polder. Cora, die Mutter von Janine, hat in den 1990er Jahren im alten Obstgarten des Bauernhofs einen Mini-Campingplatz er\u00f6ffnet. <br \/>Es war schnell klar, dass die G\u00e4ste wussten, wie sie unseren Platz am Groenendijk in Lage Zwaluwe finden w\u00fcrden. Im April 2004 empfing Groene camping In de Polder seine ersten G\u00e4ste. <br \/>Paul und Janine hei\u00dfen Sie willkommen!<\/p>\n<p>[\/et_pb_text][\/et_pb_column][\/et_pb_row][\/et_pb_section][et_pb_section fb_built=&#8220;1&#8243; admin_label=&#8220;Products&#8220; _builder_version=&#8220;4.22.2&#8243; _module_preset=&#8220;default&#8220; background_color=&#8220;#F3EFEC&#8220; background_size=&#8220;contain&#8220; background_position=&#8220;bottom_right&#8220; custom_margin=&#8220;||-3px|||&#8220; locked=&#8220;off&#8220; global_colors_info=&#8220;{}&#8220;][et_pb_row make_equal=&#8220;on&#8220; _builder_version=&#8220;4.22.2&#8243; _module_preset=&#8220;default&#8220; z_index=&#8220;9&#8243; min_height=&#8220;250px&#8220; custom_margin=&#8220;-120px||||false|false&#8220; custom_padding=&#8220;0px||||false|false&#8220; locked=&#8220;off&#8220; global_colors_info=&#8220;{}&#8220;][et_pb_column type=&#8220;4_4&#8243; _builder_version=&#8220;4.22.2&#8243; _module_preset=&#8220;default&#8220; background_color=&#8220;#FFFFFF&#8220; background_enable_image=&#8220;off&#8220; background_position=&#8220;center_left&#8220; background_horizontal_offset=&#8220;25%&#8220; custom_padding=&#8220;40px|30px|40px|30px|true|true&#8220; custom_padding_tablet=&#8220;|30px||30px|true|true&#8220; custom_padding_phone=&#8220;|30px||30px|true|true&#8220; custom_padding_last_edited=&#8220;on|phone&#8220; link_option_url=&#8220;#&#8220; border_radii=&#8220;on|20px|20px|20px|20px&#8220; box_shadow_style=&#8220;preset2&#8243; box_shadow_horizontal=&#8220;0px&#8220; box_shadow_vertical=&#8220;25px&#8220; box_shadow_blur=&#8220;70px&#8220; global_colors_info=&#8220;{}&#8220;][et_pb_text _builder_version=&#8220;4.21.0&#8243; _module_preset=&#8220;0ff9dcc0-5c1e-47c9-b149-56ddf344ac42&#8243; locked=&#8220;off&#8220; global_colors_info=&#8220;{}&#8220;]<\/p>\n<h3>Unser Team<\/h3>\n<p>[\/et_pb_text][et_pb_text _builder_version=&#8220;4.21.0&#8243; _module_preset=&#8220;e850bc2c-6e2b-408f-80a2-fbe6fb2a5b09&#8243; custom_margin=&#8220;||30px||false|false&#8220; custom_padding=&#8220;14px|||||&#8220; locked=&#8220;off&#8220; global_colors_info=&#8220;{}&#8220;]<\/p>\n<p>Paul und Janine leiten gemeinsam den biologischen Landwirtschafts- und Erholungsbetrieb und hei\u00dfen Sie herzlich willkommen! In der Nebensaison werden Sie von Paul oder Janine an der Rezeption herzlich willkommen gehei\u00dfen. An den Wochenenden und in der Hochsaison werden sie von Marit und Eline unterst\u00fctzt. Marit hat in den letzten zwei Jahren eine Menge Berufserfahrung gesammelt. In diesem Schuljahr hat sie ihr Studium des Garten- und Ackerbaus an der HAS den Bosch begonnen. Eline, die Tochter von Paul und Janine, ist damit aufgewachsen. Auch sie wird Sie gastfreundlich empfangen. <\/p>\n<p>[\/et_pb_text][\/et_pb_column][\/et_pb_row][\/et_pb_section][et_pb_section fb_built=&#8220;1&#8243; admin_label=&#8220;Team&#8220; _builder_version=&#8220;4.22.2&#8243; _module_preset=&#8220;default&#8220; background_color=&#8220;#689B2F&#8220; min_height=&#8220;924.9px&#8220; custom_padding=&#8220;5px|||||&#8220; collapsed=&#8220;on&#8220; global_colors_info=&#8220;{%22gcid-0dd65ac1-b501-41d8-8d6b-bb3a9daf5c2a%22:%91%22background_color%22%93}&#8220;][et_pb_row _builder_version=&#8220;4.21.0&#8243; _module_preset=&#8220;default&#8220; global_colors_info=&#8220;{}&#8220;][et_pb_column type=&#8220;4_4&#8243; _builder_version=&#8220;4.21.0&#8243; _module_preset=&#8220;default&#8220; global_colors_info=&#8220;{}&#8220;][et_pb_text _builder_version=&#8220;4.22.2&#8243; _module_preset=&#8220;0ff9dcc0-5c1e-47c9-b149-56ddf344ac42&#8243; text_text_color=&#8220;#FFFFFF&#8220; text_font_size=&#8220;28px&#8220; header_text_color=&#8220;#FFFFFF&#8220; header_font_size=&#8220;38px&#8220; background_layout=&#8220;dark&#8220; locked=&#8220;off&#8220; global_colors_info=&#8220;{}&#8220;]<\/p>\n<h3 style=\"text-align: center;\">MEET THE TEAM<\/h3>\n<p>[\/et_pb_text][\/et_pb_column][\/et_pb_row][et_pb_row column_structure=&#8220;1_4,1_4,1_4,1_4&#8243; _builder_version=&#8220;4.23.1&#8243; _module_preset=&#8220;default&#8220; custom_margin=&#8220;0px||||false|false&#8220; custom_padding=&#8220;0px||||false|false&#8220; global_colors_info=&#8220;{}&#8220;][et_pb_column type=&#8220;1_4&#8243; _builder_version=&#8220;4.23.1&#8243; _module_preset=&#8220;default&#8220; background_color=&#8220;#FFFFFF&#8220; border_radii=&#8220;on|15px|15px|15px|15px&#8220; box_shadow_style=&#8220;preset1&#8243; box_shadow_vertical=&#8220;25px&#8220; box_shadow_blur=&#8220;70px&#8220; global_colors_info=&#8220;{}&#8220;][et_pb_team_member name=&#8220;Janine Keller &#8211; den Dunnen&#8220; position=&#8220;Funktion&#8220; image_url=&#8220;https:\/\/groenecampingindepolder.nl\/wp-content\/uploads\/2023\/10\/Janine.jpg&#8220; _builder_version=&#8220;4.23.1&#8243; _module_preset=&#8220;default&#8220; body_text_align=&#8220;center&#8220; body_font_size=&#8220;14px&#8220; body_line_height=&#8220;1.3em&#8220; position_text_color=&#8220;RGBA(255,255,255,0)&#8220; text_orientation=&#8220;center&#8220; width=&#8220;100%&#8220; border_width_all=&#8220;6px&#8220; border_color_all=&#8220;#FFFFFF&#8220; global_colors_info=&#8220;{}&#8220;]<\/p>\n<p>Seit dem 1. Januar 2018 ist die 7. Generation am Ruder, worauf wir sehr stolz sind. Seit 2015 sind der Campingplatz und der Bauernhof (Mutterk\u00fche, Stiere, Ackerbau und Nussbaumgarten) auf biologische Landwirtschaft umgestellt. Unsere Herausforderung in der Landwirtschaft besteht darin, die Kreisl\u00e4ufe so weit wie m\u00f6glich zu hermetisieren. Neugierig? w\u00e4hrend Ihres Aufenthalts auf unserem Campingplatz stehen wir Ihnen f\u00fcr Fragen zur Verf\u00fcgung. Wir sehen uns auf dem Groene camping &#8218;In de Polder<\/p>\n<p>[\/et_pb_team_member][\/et_pb_column][et_pb_column type=&#8220;1_4&#8243; _builder_version=&#8220;4.23.1&#8243; _module_preset=&#8220;default&#8220; background_color=&#8220;#FFFFFF&#8220; border_radii=&#8220;on|15px|15px|15px|15px&#8220; box_shadow_style=&#8220;preset1&#8243; box_shadow_vertical=&#8220;25px&#8220; box_shadow_blur=&#8220;70px&#8220; global_colors_info=&#8220;{}&#8220;][et_pb_team_member name=&#8220;Paul den Dunnen&#8220; position=&#8220;Funktion&#8220; image_url=&#8220;https:\/\/groenecampingindepolder.nl\/wp-content\/uploads\/2023\/10\/Paul-1.jpg&#8220; _builder_version=&#8220;4.23.1&#8243; _module_preset=&#8220;default&#8220; body_text_align=&#8220;center&#8220; body_font_size=&#8220;14px&#8220; body_line_height=&#8220;1.3em&#8220; position_text_color=&#8220;RGBA(255,255,255,0)&#8220; text_orientation=&#8220;center&#8220; width=&#8220;100%&#8220; border_width_all=&#8220;6px&#8220; border_color_all=&#8220;#FFFFFF&#8220; global_colors_info=&#8220;{}&#8220;]<\/p>\n<p>Meine Leidenschaft ist die \u00f6kologische Landwirtschaft. Ich sorge nicht nur daf\u00fcr, dass das Gem\u00fcse gut und verantwortungsvoll w\u00e4chst, sondern auch daf\u00fcr, dass es den Tieren &#8211; Stieren, Mutterk\u00fchen, Schafen und Ziegen &#8211; gut geht. Die K\u00fche (Mutterk\u00fche mit K\u00e4lbern und Bullen) laufen auf den Wiesen rund um den Hof. Ich spreche gerne dar\u00fcber, was so auf dem Bauernhof passiert. Wenn Sie mich irgendwo laufen sehen, k\u00f6nnen Sie mir gerne eine Frage stellen. Wir sehen uns auf dem Groene camping &#8218;In de Polder&#8216;.<\/p>\n<p>[\/et_pb_team_member][\/et_pb_column][et_pb_column type=&#8220;1_4&#8243; _builder_version=&#8220;4.23.1&#8243; _module_preset=&#8220;default&#8220; background_color=&#8220;#FFFFFF&#8220; border_radii=&#8220;on|15px|15px|15px|15px&#8220; box_shadow_style=&#8220;preset1&#8243; box_shadow_vertical=&#8220;25px&#8220; box_shadow_blur=&#8220;70px&#8220; global_colors_info=&#8220;{}&#8220;][et_pb_team_member name=&#8220;Eline den Dunnen&#8220; position=&#8220;Funktion&#8220; image_url=&#8220;https:\/\/groenecampingindepolder.nl\/wp-content\/uploads\/2023\/10\/Eline.jpg&#8220; _builder_version=&#8220;4.23.1&#8243; _module_preset=&#8220;default&#8220; body_text_align=&#8220;center&#8220; body_font_size=&#8220;14px&#8220; body_line_height=&#8220;1.3em&#8220; position_text_color=&#8220;RGBA(255,255,255,0)&#8220; text_orientation=&#8220;center&#8220; width=&#8220;100%&#8220; border_width_all=&#8220;6px&#8220; border_color_all=&#8220;#FFFFFF&#8220; global_colors_info=&#8220;{}&#8220;]<\/p>\n<p><span>Ich bin 12 Jahre alt und kenne mich schon ganz gut auf dem Bauernhof und auf dem Campingplatz aus. Die Schafe auf dem Hof geh\u00f6ren mir. Meine Hobbys sind Schlittschuhlaufen und Inlineskaten.<\/span><br \/><span>Seit 2021 backe ich morgens, an Wochenenden und in den Schulferien, au\u00dfer Mittwochs, leckere warme Br\u00f6tchen f\u00fcr die G\u00e4ste des Campingplatzes.<\/span><\/p>\n<p>[\/et_pb_team_member][\/et_pb_column][et_pb_column type=&#8220;1_4&#8243; _builder_version=&#8220;4.23.1&#8243; _module_preset=&#8220;default&#8220; background_color=&#8220;#FFFFFF&#8220; border_radii=&#8220;on|15px|15px|15px|15px&#8220; box_shadow_style=&#8220;preset1&#8243; box_shadow_vertical=&#8220;25px&#8220; box_shadow_blur=&#8220;70px&#8220; global_colors_info=&#8220;{}&#8220;][et_pb_team_member name=&#8220;Jochem den Dunnen&#8220; position=&#8220;Funktion&#8220; image_url=&#8220;https:\/\/groenecampingindepolder.nl\/wp-content\/uploads\/2023\/10\/Jochem.jpg&#8220; _builder_version=&#8220;4.23.1&#8243; _module_preset=&#8220;default&#8220; body_text_align=&#8220;center&#8220; body_font_size=&#8220;14px&#8220; body_line_height=&#8220;1.3em&#8220; position_text_color=&#8220;RGBA(255,255,255,0)&#8220; text_orientation=&#8220;center&#8220; width=&#8220;100%&#8220; border_width_all=&#8220;6px&#8220; border_color_all=&#8220;#FFFFFF&#8220; global_colors_info=&#8220;{}&#8220;]<\/p>\n<p>In memoriam, Am 30. Oktober 2022 mussten wir uns mit viel Liebe, Traurigkeit und voller Stolz voneinander verabschieden. An seinem neunten Geburtstag hatten wir gemeinsam einen sch\u00f6nen, eindrucksvollen Abschied und er wurde neben Opa Henk beerdigt. Wir sind unserem Freund dankbar f\u00fcr alles, was er uns beigebracht hat. Jochems Lebensmotto lautet: &#8222;Das Leben annehmen und genie\u00dfen&#8222;.<\/p>\n<p>[\/et_pb_team_member][\/et_pb_column][\/et_pb_row][et_pb_row column_structure=&#8220;1_4,1_4,1_4,1_4&#8243; _builder_version=&#8220;4.23.1&#8243; _module_preset=&#8220;default&#8220; custom_margin=&#8220;0px||||false|false&#8220; custom_padding=&#8220;0px||||false|false&#8220; global_colors_info=&#8220;{}&#8220;][et_pb_column type=&#8220;1_4&#8243; _builder_version=&#8220;4.23.1&#8243; _module_preset=&#8220;default&#8220; background_color=&#8220;#FFFFFF&#8220; border_radii=&#8220;on|15px|15px|15px|15px&#8220; box_shadow_style=&#8220;preset1&#8243; box_shadow_vertical=&#8220;25px&#8220; box_shadow_blur=&#8220;70px&#8220; global_colors_info=&#8220;{}&#8220;][et_pb_team_member name=&#8220;Marit&#8220; position=&#8220;Funktion&#8220; image_url=&#8220;https:\/\/groenecampingindepolder.nl\/wp-content\/uploads\/2023\/10\/Marit.jpg&#8220; _builder_version=&#8220;4.27.2&#8243; _module_preset=&#8220;default&#8220; body_text_align=&#8220;center&#8220; body_font_size=&#8220;14px&#8220; body_line_height=&#8220;1.3em&#8220; position_text_color=&#8220;RGBA(255,255,255,0)&#8220; text_orientation=&#8220;center&#8220; width=&#8220;100%&#8220; border_width_all=&#8220;6px&#8220; border_color_all=&#8220;#FFFFFF&#8220; global_colors_info=&#8220;{}&#8220;]<\/p>\n<p>Seit Fr\u00fchjahr 2022 arbeite ich gerne in diesem Team. Ich war damals im letzten Jahr meiner voruniversit\u00e4ren Ausbildung, mittlerweile bin ich an die HAS in den Bosch gegangen und habe dort den Studiengang Gartenbau und Ackerbau belegt.<br \/>Durch die Abwechslung in der Arbeit auf dem Campingplatz und auf dem Bauernhof macht mir die Arbeit hier besonders viel Spa\u00df. Es besteht eine gute Chance, dass Sie mich in den Ferien treffen.<\/p>\n<p>[\/et_pb_team_member][\/et_pb_column][et_pb_column type=&#8220;1_4&#8243; _builder_version=&#8220;4.23.1&#8243; _module_preset=&#8220;default&#8220; background_color=&#8220;#FFFFFF&#8220; border_radii=&#8220;on|15px|15px|15px|15px&#8220; box_shadow_style=&#8220;preset1&#8243; box_shadow_vertical=&#8220;25px&#8220; box_shadow_blur=&#8220;70px&#8220; global_colors_info=&#8220;{}&#8220;][et_pb_team_member name=&#8220;Cora Keller&#8220; position=&#8220;Funktion&#8220; image_url=&#8220;https:\/\/groenecampingindepolder.nl\/wp-content\/uploads\/2023\/10\/Cora.jpg&#8220; _builder_version=&#8220;4.23.1&#8243; _module_preset=&#8220;default&#8220; body_text_align=&#8220;center&#8220; body_font_size=&#8220;14px&#8220; body_line_height=&#8220;1.3em&#8220; position_text_color=&#8220;RGBA(255,255,255,0)&#8220; text_orientation=&#8220;center&#8220; width=&#8220;100%&#8220; border_width_all=&#8220;6px&#8220; border_color_all=&#8220;#FFFFFF&#8220; global_colors_info=&#8220;{}&#8220;]<\/p>\n<p><span>Vor 28 Jahren habe ich die Initiative ergriffen, unseren Ackerbaubetrieb um einen Campingplatz zu erweitern. Vor dreizehn Jahren tauschte ich zusammen mit meinem Mann Henk das Haus auf dem Bauernhof gegen ein neues Haus 150 m weiter in Richtung des Dorfes Lage Zwaluwe. Das Obergeschoss des Hauses ist als B&amp;B eingerichtet, es gibt 2 Zimmer mit jeweils eigenem Bad und eine Kochnische zur gemeinsamen Nutzung. Interessiert? besuchen Sie <a href=\"https:\/\/www.bnbindepolder.nl\" target=\"_blank\" rel=\"noopener\">bnbindepolder.nl<\/a><\/span><\/p>\n<p>[\/et_pb_team_member][\/et_pb_column][et_pb_column type=&#8220;1_4&#8243; _builder_version=&#8220;4.23.1&#8243; _module_preset=&#8220;default&#8220; background_color=&#8220;#FFFFFF&#8220; border_radii=&#8220;on|15px|15px|15px|15px&#8220; box_shadow_style=&#8220;preset1&#8243; box_shadow_vertical=&#8220;25px&#8220; box_shadow_blur=&#8220;70px&#8220; global_colors_info=&#8220;{}&#8220;][et_pb_team_member name=&#8220;Henk Keller&#8220; position=&#8220;Funktion&#8220; image_url=&#8220;https:\/\/groenecampingindepolder.nl\/wp-content\/uploads\/2023\/10\/Henk.jpg&#8220; _builder_version=&#8220;4.23.1&#8243; _module_preset=&#8220;default&#8220; body_text_align=&#8220;center&#8220; body_font_size=&#8220;14px&#8220; body_line_height=&#8220;1.3em&#8220; position_text_color=&#8220;RGBA(255,255,255,0)&#8220; text_orientation=&#8220;center&#8220; width=&#8220;100%&#8220; border_width_all=&#8220;6px&#8220; border_color_all=&#8220;#FFFFFF&#8220; global_colors_info=&#8220;{}&#8220;]<\/p>\n<p><span>In memoriam,<\/span><br \/><span>Wie unsere Tochter Janine wurde ich auf dem Bauernhof geboren und f\u00fchrte den Ackerbau meiner Eltern weiter. Ich bin stolz auf Paul und Janine, wie sie die Farm und den Campingplatz weiterf\u00fchren. Ich liebe die freie Natur.<\/span><br \/><span>Henk ist am 20. Juli 2019 friedlich im Kreise seiner Lieben von uns gegangen.<\/span><\/p>\n<p>[\/et_pb_team_member][\/et_pb_column][et_pb_column type=&#8220;1_4&#8243; _builder_version=&#8220;4.23.1&#8243; _module_preset=&#8220;default&#8220; background_color=&#8220;RGBA(255,255,255,0)&#8220; border_radii=&#8220;on|15px|15px|15px|15px&#8220; global_colors_info=&#8220;{}&#8220;][\/et_pb_column][\/et_pb_row][\/et_pb_section][et_pb_section fb_built=&#8220;1&#8243; admin_label=&#8220;Footer&#8220; _builder_version=&#8220;4.22.2&#8243; _module_preset=&#8220;default&#8220; background_color=&#8220;#FF9900&#8243; background_image=&#8220;https:\/\/groenecampingindepolder.nl\/wp-content\/uploads\/2023\/10\/Groene-Camping_in-de-polder_reserveren_mussen.png&#8220; background_size=&#8220;contain&#8220; background_position=&#8220;bottom_left&#8220; background_horizontal_offset=&#8220;81%&#8220; saved_tabs=&#8220;all&#8220; locked=&#8220;off&#8220; collapsed=&#8220;on&#8220; global_colors_info=&#8220;{%22gcid-0dd65ac1-b501-41d8-8d6b-bb3a9daf5c2a%22:%91%22background_color%22%93}&#8220;][et_pb_row column_structure=&#8220;1_3,1_3,1_3&#8243; _builder_version=&#8220;4.21.0&#8243; _module_preset=&#8220;default&#8220; global_colors_info=&#8220;{}&#8220;][et_pb_column type=&#8220;1_3&#8243; _builder_version=&#8220;4.21.0&#8243; _module_preset=&#8220;default&#8220; global_colors_info=&#8220;{}&#8220;][et_pb_text _builder_version=&#8220;4.22.2&#8243; _module_preset=&#8220;62e3c3bb-c7fb-4d66-9a3e-bf60996900b5&#8243; header_6_text_color=&#8220;#FFFFFF&#8220; custom_margin=&#8220;||0px||false|false&#8220; custom_margin_last_edited=&#8220;off|tablet&#8220; global_colors_info=&#8220;{}&#8220;]<\/p>\n<h6>SAISONALER EMPFANG<\/h6>\n<p>[\/et_pb_text][et_pb_text _builder_version=&#8220;4.22.2&#8243; _module_preset=&#8220;e850bc2c-6e2b-408f-80a2-fbe6fb2a5b09&#8243; text_text_color=&#8220;#FFFFFF&#8220; header_2_text_color=&#8220;#FFFFFF&#8220; header_3_text_color=&#8220;#FFFFFF&#8220; global_colors_info=&#8220;{}&#8220;]<\/p>\n<h3>T\u00c4GLICH GE\u00d6FFNET VON<\/h3>\n<ul>\n<li>9.00 Uhr bis 9.30 Uhr.<\/li>\n<li>15.00 bis 17.30 Uhr<\/li>\n<li>19.30 Uhr bis 20.30 Uhr<\/li>\n<\/ul>\n<p>[\/et_pb_text][\/et_pb_column][et_pb_column type=&#8220;1_3&#8243; _builder_version=&#8220;4.21.0&#8243; _module_preset=&#8220;default&#8220; global_colors_info=&#8220;{}&#8220;][et_pb_text _builder_version=&#8220;4.22.2&#8243; _module_preset=&#8220;62e3c3bb-c7fb-4d66-9a3e-bf60996900b5&#8243; header_6_text_color=&#8220;#FFFFFF&#8220; custom_margin=&#8220;||0px||false|false&#8220; locked=&#8220;off&#8220; global_colors_info=&#8220;{}&#8220;]<\/p>\n<h6>RESERVIEREN<\/h6>\n<p>[\/et_pb_text][et_pb_text _builder_version=&#8220;4.22.2&#8243; _module_preset=&#8220;e850bc2c-6e2b-408f-80a2-fbe6fb2a5b09&#8243; text_text_color=&#8220;#FFFFFF&#8220; custom_margin=&#8220;||0px||false|false&#8220; custom_padding=&#8220;||0px|||&#8220; locked=&#8220;off&#8220; global_colors_info=&#8220;{}&#8220;]<\/p>\n<p><strong>Reservierungen k\u00f6nnen nur online vorgenommen werden<\/strong><br \/><em>Hochsaison vom 1. Juli bis 1. September<\/em><\/p>\n<p>[\/et_pb_text][\/et_pb_column][et_pb_column type=&#8220;1_3&#8243; _builder_version=&#8220;4.21.0&#8243; _module_preset=&#8220;default&#8220; global_colors_info=&#8220;{}&#8220;][et_pb_text _builder_version=&#8220;4.22.2&#8243; _module_preset=&#8220;62e3c3bb-c7fb-4d66-9a3e-bf60996900b5&#8243; header_6_text_color=&#8220;#FFFFFF&#8220; custom_margin=&#8220;||0px||false|false&#8220; locked=&#8220;off&#8220; global_colors_info=&#8220;{}&#8220;]<\/p>\n<h6>Kontakt <\/h6>\n<p>[\/et_pb_text][et_pb_text _builder_version=&#8220;4.22.2&#8243; _module_preset=&#8220;529856fb-96dc-4c79-b6bd-448e18f82160&#8243; text_text_color=&#8220;#FFFFFF&#8220; header_text_color=&#8220;#FFFFFF&#8220; header_4_text_color=&#8220;gcid-73408ef3-8d7e-4e2c-a307-3f6f154d7ffc&#8220; custom_margin=&#8220;||0px||false|false&#8220; locked=&#8220;off&#8220; global_colors_info=&#8220;{%22gcid-73408ef3-8d7e-4e2c-a307-3f6f154d7ffc%22:%91%22header_4_text_color%22%93}&#8220;]<\/p>\n<h4><span style=\"color: #ffffff;\">(+31) 6 <strong>421 561 25<\/strong><\/span><\/h4>\n<p>[\/et_pb_text][et_pb_text _builder_version=&#8220;4.22.2&#8243; _module_preset=&#8220;e850bc2c-6e2b-408f-80a2-fbe6fb2a5b09&#8243; link_text_color=&#8220;gcid-f232757b-4d7a-4e78-b151-fb3b6b856f41&#8243; locked=&#8220;off&#8220; global_colors_info=&#8220;{%22gcid-f232757b-4d7a-4e78-b151-fb3b6b856f41%22:%91%22link_text_color%22%93}&#8220; link_text_color__hover_enabled=&#8220;off|desktop&#8220;]<\/p>\n<p><a href=\"mailto:info@groenecampingindepolder.nl\" target=\"_blank\" rel=\"noopener\">info@groenecampingindepolder.nl<\/a><\/p>\n<p>[\/et_pb_text][et_pb_text _builder_version=&#8220;4.22.2&#8243; _module_preset=&#8220;e850bc2c-6e2b-408f-80a2-fbe6fb2a5b09&#8243; text_text_color=&#8220;#FFFFFF&#8220; custom_padding=&#8220;||0px|||&#8220; locked=&#8220;off&#8220; global_colors_info=&#8220;{}&#8220;]<strong><span>Groenendijk 35, <\/span><\/strong><br \/>\n<strong><span>4926 RE Lage Zwaluwe<\/span><\/strong>[\/et_pb_text][\/et_pb_column][\/et_pb_row][\/et_pb_section]<\/p>\n","protected":false},"excerpt":{"rendered":"<p>UNSERE GESCHICHTEPaul und Janine sind seit dem 1. Januar 2018 die 7. Generation auf Groene camping In de Polder und BIO In de Polder. Cora, die Mutter von Janine, hat in den 1990er Jahren im alten Obstgarten des Bauernhofs einen Mini-Campingplatz er\u00f6ffnet. Es war schnell klar, dass die G\u00e4ste wussten, wie sie unseren Platz am [&hellip;]<\/p>\n","protected":false},"author":1,"featured_media":0,"parent":0,"menu_order":0,"comment_status":"closed","ping_status":"closed","template":"","meta":{"_et_pb_use_builder":"on","_et_pb_old_content":"","_et_gb_content_width":"","_monsterinsights_skip_tracking":false,"_monsterinsights_sitenote_active":false,"_monsterinsights_sitenote_note":"","_monsterinsights_sitenote_category":0,"footnotes":""},"class_list":["post-236236","page","type-page","status-publish","hentry"],"_links":{"self":[{"href":"https:\/\/groenecampingindepolder.nl\/de\/wp-json\/wp\/v2\/pages\/236236","targetHints":{"allow":["GET"]}}],"collection":[{"href":"https:\/\/groenecampingindepolder.nl\/de\/wp-json\/wp\/v2\/pages"}],"about":[{"href":"https:\/\/groenecampingindepolder.nl\/de\/wp-json\/wp\/v2\/types\/page"}],"author":[{"embeddable":true,"href":"https:\/\/groenecampingindepolder.nl\/de\/wp-json\/wp\/v2\/users\/1"}],"replies":[{"embeddable":true,"href":"https:\/\/groenecampingindepolder.nl\/de\/wp-json\/wp\/v2\/comments?post=236236"}],"version-history":[{"count":13,"href":"https:\/\/groenecampingindepolder.nl\/de\/wp-json\/wp\/v2\/pages\/236236\/revisions"}],"predecessor-version":[{"id":237395,"href":"https:\/\/groenecampingindepolder.nl\/de\/wp-json\/wp\/v2\/pages\/236236\/revisions\/237395"}],"wp:attachment":[{"href":"https:\/\/groenecampingindepolder.nl\/de\/wp-json\/wp\/v2\/media?parent=236236"}],"curies":[{"name":"wp","href":"https:\/\/api.w.org\/{rel}","templated":true}]}}