{"id":235742,"date":"2023-12-08T10:43:02","date_gmt":"2023-12-08T10:43:02","guid":{"rendered":"https:\/\/groenecampingindepolder.nl\/preise\/"},"modified":"2024-02-26T20:45:13","modified_gmt":"2024-02-26T20:45:13","slug":"preise","status":"publish","type":"page","link":"https:\/\/groenecampingindepolder.nl\/de\/preise\/","title":{"rendered":"Preise und Infos"},"content":{"rendered":"<p>[et_pb_section fb_built=&#8220;1&#8243; custom_padding_last_edited=&#8220;on|desktop&#8220; admin_label=&#8220;Header&#8220; _builder_version=&#8220;4.23.1&#8243; _module_preset=&#8220;default&#8220; background_enable_color=&#8220;off&#8220; use_background_color_gradient=&#8220;on&#8220; background_color_gradient_direction=&#8220;90deg&#8220; background_color_gradient_stops=&#8220;rgba(33,64,28,0) 75%|#689b2f 75%&#8220; background_color_gradient_overlays_image=&#8220;on&#8220; background_color_gradient_start=&#8220;#21401c&#8220; background_color_gradient_start_position=&#8220;64%&#8220; background_color_gradient_end=&#8220;rgba(33,64,28,0)&#8220; background_color_gradient_end_position=&#8220;64%&#8220; background_image=&#8220;https:\/\/groenecampingindepolder.nl\/wp-content\/uploads\/2023\/06\/Groene-Camping-in-de-polder-Putter-.jpg&#8220; background_position=&#8220;bottom_center&#8220; background_vertical_offset=&#8220;66%&#8220; background_repeat=&#8220;repeat&#8220; background_blend=&#8220;multiply&#8220; overflow-y=&#8220;hidden&#8220; custom_margin=&#8220;||||false|false&#8220; custom_padding=&#8220;139px||211px||false|false&#8220; custom_padding_tablet=&#8220;139px||211px|0px|false|false&#8220; custom_padding_phone=&#8220;139px||211px||false|false&#8220; background_last_edited=&#8220;on|phone&#8220; use_background_color_gradient_tablet=&#8220;on&#8220; use_background_color_gradient_phone=&#8220;on&#8220; background_color_gradient_stops_tablet=&#8220;#21401c 26%|rgba(33,64,28,0) 26%&#8220; background_color_gradient_stops_phone=&#8220;#21401c 26%|rgba(255,255,255,0) 26%&#8220; background_color_gradient_start_position_tablet=&#8220;88%&#8220; background_color_gradient_end_position_tablet=&#8220;88%&#8220; parallax_phone=&#8220;on&#8220; background_position_phone=&#8220;bottom_right&#8220; background_horizontal_offset_tablet=&#8220;58%&#8220; background_horizontal_offset_phone=&#8220;41%&#8220; background_vertical_offset_tablet=&#8220;66%&#8220; background_vertical_offset_phone=&#8220;13%&#8220; locked=&#8220;off&#8220; global_colors_info=&#8220;{}&#8220;][et_pb_row column_structure=&#8220;3_5,2_5&#8243; _builder_version=&#8220;4.22.1&#8243; _module_preset=&#8220;default&#8220; background_color=&#8220;RGBA(255,255,255,0)&#8220; collapsed=&#8220;off&#8220; global_colors_info=&#8220;{}&#8220;][et_pb_column type=&#8220;3_5&#8243; _builder_version=&#8220;4.22.1&#8243; _module_preset=&#8220;default&#8220; background_enable_color=&#8220;off&#8220; custom_padding=&#8220;80px||||false|false&#8220; custom_padding_tablet=&#8220;0px||||false|false&#8220; custom_padding_phone=&#8220;&#8220; custom_padding_last_edited=&#8220;on|tablet&#8220; global_colors_info=&#8220;{}&#8220;][et_pb_heading title=&#8220;PREISE UND INFOS&#8220; _builder_version=&#8220;4.22.2&#8243; _module_preset=&#8220;default&#8220; title_font=&#8220;Montserrat|800|||||||&#8220; title_text_color=&#8220;#FFFFFF&#8220; title_font_size=&#8220;64px&#8220; global_colors_info=&#8220;{}&#8220;][\/et_pb_heading][et_pb_text _builder_version=&#8220;4.23.1&#8243; _module_preset=&#8220;default&#8220; header_3_text_color=&#8220;#FFFFFF&#8220; global_colors_info=&#8220;{}&#8220;]<\/p>\n<h3>Hier finden Sie die Preise, \u00d6ffnungszeiten und den Saisonplan f\u00fcr die Campingsaison 2024<\/h3>\n<p>&nbsp;<\/p>\n<p>[\/et_pb_text][\/et_pb_column][et_pb_column type=&#8220;2_5&#8243; _builder_version=&#8220;4.16&#8243; _module_preset=&#8220;default&#8220; global_colors_info=&#8220;{}&#8220;][et_pb_blurb image_icon_background_color=&#8220;RGBA(255,255,255,0)&#8220; _builder_version=&#8220;4.22.2&#8243; _module_preset=&#8220;225d0675-a2b0-4307-9039-8cffccd1968a&#8220; header_level=&#8220;h2&#8243; header_font=&#8220;Montserrat|700|||||||&#8220; header_text_color=&#8220;#FFFFFF&#8220; header_line_height=&#8220;1.6em&#8220; body_font=&#8220;|700|||||||&#8220; body_text_color=&#8220;#FFFFFF&#8220; body_font_size=&#8220;25px&#8220; body_line_height=&#8220;1.6em&#8220; background_color=&#8220;#689B2F&#8220; text_orientation=&#8220;center&#8220; custom_padding=&#8220;30px|20px|30px|20px|true|true&#8220; animation=&#8220;off&#8220; header_font_size_tablet=&#8220;16px&#8220; header_font_size_phone=&#8220;14px&#8220; header_font_size_last_edited=&#8220;on|phone&#8220; body_font_size_tablet=&#8220;15px&#8220; body_font_size_phone=&#8220;14px&#8220; body_font_size_last_edited=&#8220;off|desktop&#8220; border_radii=&#8220;on|20px|20px|20px|20px&#8220; border_color_all_image=&#8220;RGBA(255,255,255,0)&#8220; box_shadow_style=&#8220;preset2&#8243; box_shadow_horizontal=&#8220;0px&#8220; box_shadow_vertical=&#8220;25px&#8220; box_shadow_blur=&#8220;70px&#8220; locked=&#8220;off&#8220; global_colors_info=&#8220;{}&#8220;]<\/p>\n<p>\u00d6ffnungszeiten des Camping:<br \/>29. M\u00e4rz bis 22. September<\/p>\n<p>Ferienh\u00e4user:<br \/>Das ganze Jahr \u00fcber zur Erholung ge\u00f6ffnet<\/p>\n<p>[\/et_pb_blurb][\/et_pb_column][\/et_pb_row][\/et_pb_section][et_pb_section fb_built=&#8220;1&#8243; admin_label=&#8220;Products&#8220; _builder_version=&#8220;4.22.2&#8243; _module_preset=&#8220;default&#8220; background_color=&#8220;#689B2F&#8220; background_size=&#8220;contain&#8220; background_position=&#8220;bottom_right&#8220; custom_margin=&#8220;||-3px|||&#8220; locked=&#8220;off&#8220; global_colors_info=&#8220;{}&#8220;][et_pb_row disabled_on=&#8220;off|off|off&#8220; module_id=&#8220;ga-naar-tarieven-camping&#8220; _builder_version=&#8220;4.23.1&#8243; _module_preset=&#8220;default&#8220; z_index=&#8220;9&#8243; width=&#8220;100%&#8220; max_width=&#8220;700px&#8220; module_alignment=&#8220;center&#8220; custom_margin=&#8220;-120px||||false|false&#8220; custom_padding=&#8220;0px||||false|false&#8220; module_alignment_tablet=&#8220;center&#8220; module_alignment_phone=&#8220;center&#8220; module_alignment_last_edited=&#8220;on|desktop&#8220; locked=&#8220;off&#8220; global_colors_info=&#8220;{}&#8220;][et_pb_column type=&#8220;4_4&#8243; _builder_version=&#8220;4.22.2&#8243; _module_preset=&#8220;default&#8220; background_color=&#8220;#FFFFFF&#8220; custom_padding=&#8220;40px|30px|40px|30px|true|true&#8220; link_option_url=&#8220;#&#8220; border_radii=&#8220;on|20px|20px|20px|20px&#8220; box_shadow_style=&#8220;preset2&#8243; box_shadow_horizontal=&#8220;0px&#8220; box_shadow_vertical=&#8220;25px&#8220; box_shadow_blur=&#8220;70px&#8220; global_colors_info=&#8220;{}&#8220;][et_pb_text _builder_version=&#8220;4.23.1&#8243; _module_preset=&#8220;default&#8220; global_colors_info=&#8220;{}&#8220;]<\/p>\n<h1>Camping<\/h1>\n<p>&nbsp;<\/p>\n<table border=\"1\" style=\"border-collapse: collapse; width: 100%; height: 408px;\">\n<tbody>\n<tr style=\"height: 48px;\">\n<td style=\"width: 65%; height: 48px;\">Kinder von 0 bis 12 Jahren<\/td>\n<td style=\"width: 35%; text-align: right; height: 48px;\">\u20ac 5,00*<\/td>\n<\/tr>\n<tr style=\"height: 24px;\">\n<td style=\"width: 65%; height: 24px;\">Personen im Alter von 12 Jahren und \u00e4lter<\/td>\n<td style=\"width: 35%; text-align: right; height: 24px;\">\u20ac 6,50*<\/td>\n<\/tr>\n<tr style=\"height: 24px;\">\n<td style=\"width: 65%; height: 24px;\"><strong>Juli &#8211; August<\/strong><\/td>\n<td style=\"width: 35%; text-align: right; height: 24px;\"><\/td>\n<\/tr>\n<tr style=\"height: 24px;\">\n<td style=\"width: 65%; height: 24px;\">Kinder o bis 12 Jahre<\/td>\n<td style=\"width: 35%; text-align: right; height: 24px;\">\u20ac 5,50*<\/td>\n<\/tr>\n<tr style=\"height: 24px;\">\n<td style=\"width: 65%; height: 24px;\"><strong>Juli &#8211; August<\/strong><\/td>\n<td style=\"width: 35%; text-align: right; height: 24px;\"><\/td>\n<\/tr>\n<tr style=\"height: 24px;\">\n<td style=\"width: 65%; height: 24px;\">Personen ab 12 Jahren<\/td>\n<td style=\"width: 35%; text-align: right; height: 24px;\">\u20ac 7,00*<\/td>\n<\/tr>\n<tr style=\"height: 24px;\">\n<td style=\"width: 65%; height: 24px;\">Zelt<\/td>\n<td style=\"width: 35%; text-align: right; height: 24px;\">\u20ac 7,00<\/td>\n<\/tr>\n<tr style=\"height: 24px;\">\n<td style=\"width: 65%; height: 24px;\">Extra Zelt \/ Partyzelt<\/td>\n<td style=\"width: 35%; text-align: right; height: 24px;\">\u20ac 5,25<\/td>\n<\/tr>\n<tr style=\"height: 24px;\">\n<td style=\"width: 65%; height: 24px;\">Wohnwagen\/Anh\u00e4ngerzelt<\/td>\n<td style=\"width: 35%; text-align: right; height: 24px;\">\u20ac 7,00<\/td>\n<\/tr>\n<tr style=\"height: 24px;\">\n<td style=\"width: 65%; height: 24px;\">Wohnmobil<\/td>\n<td style=\"width: 35%; text-align: right; height: 24px;\">\u20ac 7,00<\/td>\n<\/tr>\n<tr style=\"height: 24px;\">\n<td style=\"width: 65%; height: 24px;\">Hund<\/td>\n<td style=\"width: 35%; text-align: right; height: 24px;\">\u20ac 3,25<\/td>\n<\/tr>\n<tr style=\"height: 24px;\">\n<td style=\"width: 65%; height: 24px;\">Elektrizit\u00e4t 16A<\/td>\n<td style=\"width: 35%; text-align: right; height: 24px;\">\u20ac 3,50<\/td>\n<\/tr>\n<tr style=\"height: 24px;\">\n<td style=\"width: 65%; height: 24px;\">Duschen<\/td>\n<td style=\"width: 35%; text-align: right; height: 24px;\">Kostenlos<\/td>\n<\/tr>\n<tr style=\"height: 24px;\">\n<td style=\"width: 65%; height: 24px;\">Kurtaxe pro Person<\/td>\n<td style=\"width: 35%; text-align: right; height: 24px;\">\u20ac 1,75<\/td>\n<\/tr>\n<tr style=\"height: 24px;\">\n<td style=\"width: 65%; height: 24px;\">Abreise nach Mittag, pro Person<\/td>\n<td style=\"width: 35%; text-align: right; height: 24px;\">\u20ac 5,50<\/td>\n<\/tr>\n<tr style=\"height: 24px;\">\n<td style=\"width: 65%; height: 24px;\">* pro Person und Nacht<\/td>\n<td style=\"width: 35%; text-align: right; height: 24px;\"><\/td>\n<\/tr>\n<\/tbody>\n<\/table>\n<p>&nbsp;<\/p>\n<p>[\/et_pb_text][\/et_pb_column][\/et_pb_row][\/et_pb_section][et_pb_section fb_built=&#8220;1&#8243; admin_label=&#8220;Products&#8220; _builder_version=&#8220;4.22.1&#8243; _module_preset=&#8220;default&#8220; background_color=&#8220;RGBA(255,255,255,0)&#8220; background_size=&#8220;contain&#8220; background_position=&#8220;bottom_right&#8220; custom_margin=&#8220;||-3px|||&#8220; locked=&#8220;off&#8220; global_colors_info=&#8220;{}&#8220;][et_pb_row make_equal=&#8220;on&#8220; module_id=&#8220;ga-naar-tarieven-beverburcht&#8220; _builder_version=&#8220;4.23.1&#8243; _module_preset=&#8220;default&#8220; z_index=&#8220;9&#8243; width=&#8220;100%&#8220; max_width=&#8220;700px&#8220; min_height=&#8220;250px&#8220; custom_margin=&#8220;20px||||false|false&#8220; custom_padding=&#8220;0px||||false|false&#8220; locked=&#8220;off&#8220; global_colors_info=&#8220;{}&#8220;][et_pb_column type=&#8220;4_4&#8243; _builder_version=&#8220;4.22.2&#8243; _module_preset=&#8220;default&#8220; background_color=&#8220;#FFFFFF&#8220; background_enable_image=&#8220;off&#8220; parallax=&#8220;on&#8220; custom_padding=&#8220;40px|30px|40px|30px|true|true&#8220; link_option_url=&#8220;#&#8220; border_radii=&#8220;on|20px|20px|20px|20px&#8220; box_shadow_style=&#8220;preset2&#8243; box_shadow_horizontal=&#8220;0px&#8220; box_shadow_vertical=&#8220;25px&#8220; box_shadow_blur=&#8220;70px&#8220; global_colors_info=&#8220;{}&#8220;][et_pb_text _builder_version=&#8220;4.23.1&#8243; _module_preset=&#8220;default&#8220; global_colors_info=&#8220;{}&#8220;]<\/p>\n<h1>Die Biberh\u00fctte<\/h1>\n<p>&nbsp;<\/p>\n<table border=\"1\" style=\"border-collapse: collapse; width: 100%; height: 100%px;\">\n<tbody>\n<tr style=\"height: 48px;\">\n<td style=\"width: 65%; height: 48px;\">Kinder von o bis 12 Jahren<\/td>\n<td style=\"width: 35%; text-align: right; height: 48px;\">\u20ac 12,00*<\/td>\n<\/tr>\n<tr style=\"height: 24px;\">\n<td style=\"width: 65%; height: 24px;\">Personen im Alter von 12 Jahren und \u00e4lter<\/td>\n<td style=\"width: 35%; text-align: right; height: 24px;\">\u20ac 27,00*<\/td>\n<\/tr>\n<tr style=\"height: 24px;\">\n<td style=\"width: 65%; height: 24px;\"><span>Bettw\u00e4sche pro Person<\/span><\/td>\n<td style=\"width: 35%; text-align: right; height: 24px;\">\u20ac12,50*\/**<\/td>\n<\/tr>\n<tr style=\"height: 24px;\">\n<td style=\"width: 65%; height: 24px;\">Kurtaxe pro Person<\/td>\n<td style=\"width: 35%; text-align: right; height: 24px;\">\u20ac 1,75*<\/td>\n<\/tr>\n<tr style=\"height: 24px;\">\n<td style=\"width: 65%; height: 24px;\">* pro Person und Nacht<br \/>**Bettzeug erforderlich<br \/>Hunde sind in der Biberh\u00fctte nicht willkommen<\/td>\n<td style=\"width: 35%; text-align: right; height: 24px;\"><\/td>\n<\/tr>\n<\/tbody>\n<\/table>\n<p>&nbsp;<\/p>\n<p>[\/et_pb_text][\/et_pb_column][\/et_pb_row][\/et_pb_section][et_pb_section fb_built=&#8220;1&#8243; admin_label=&#8220;Products&#8220; _builder_version=&#8220;4.23.1&#8243; _module_preset=&#8220;default&#8220; background_color=&#8220;#F3EFEC&#8220; background_size=&#8220;contain&#8220; background_position=&#8220;bottom_right&#8220; custom_margin=&#8220;||-3px|||&#8220; locked=&#8220;off&#8220; global_colors_info=&#8220;{}&#8220;][et_pb_row column_structure=&#8220;1_2,1_2&#8243; make_equal=&#8220;on&#8220; _builder_version=&#8220;4.23.1&#8243; _module_preset=&#8220;default&#8220; z_index=&#8220;9&#8243; width=&#8220;90%&#8220; min_height=&#8220;250px&#8220; custom_margin=&#8220;20px||||false|false&#8220; custom_padding=&#8220;0px||||false|false&#8220; locked=&#8220;off&#8220; global_colors_info=&#8220;{}&#8220;][et_pb_column type=&#8220;1_2&#8243; module_id=&#8220;ga-naar-tarieven-vakantiehuisjes&#8220; _builder_version=&#8220;4.23.1&#8243; _dynamic_attributes=&#8220;link_option_url&#8220; _module_preset=&#8220;default&#8220; background_color=&#8220;#FFFFFF&#8220; background_enable_image=&#8220;off&#8220; parallax=&#8220;on&#8220; custom_padding=&#8220;40px|30px|40px|30px|true|true&#8220; link_option_url=&#8220;@ET-DC@eyJkeW5hbWljIjp0cnVlLCJjb250ZW50IjoicG9zdF9saW5rX3VybF9wcm9qZWN0Iiwic2V0dGluZ3MiOnsicG9zdF9pZCI6IjMwNDIyIn19@&#8220; border_radii=&#8220;on|20px|20px|20px|20px&#8220; box_shadow_style=&#8220;preset2&#8243; box_shadow_horizontal=&#8220;0px&#8220; box_shadow_vertical=&#8220;25px&#8220; box_shadow_blur=&#8220;70px&#8220; global_colors_info=&#8220;{}&#8220;][et_pb_text _builder_version=&#8220;4.23.1&#8243; _module_preset=&#8220;default&#8220; global_colors_info=&#8220;{}&#8220;]<\/p>\n<h1>Die Ferienh\u00e4user<\/h1>\n<p>&nbsp;<\/p>\n<p>F\u00fcr die Preise der Ferienh\u00e4user klicken sie hier:<\/p>\n<p><a href=\"https:\/\/groenecampingindepolder.nl\/de\/project\/die-ferienhauser\/\">Die Ferienh\u00e4user<\/a> **<\/p>\n<p>**Die Ferienh\u00e4user werden in Zusammenarbeit mit <a href=\"https:\/\/www.belvilla.nl\/nl\/100025757\/\" target=\"_blank\" rel=\"noopener\">Belvilla<\/a> vermietet<\/p>\n<p>&nbsp;<\/p>\n<p>[\/et_pb_text][et_pb_image src=&#8220;https:\/\/groenecampingindepolder.nl\/wp-content\/uploads\/2023\/12\/Belvilla.png&#8220; title_text=&#8220;Belvilla&#8220; url=&#8220;https:\/\/www.belvilla.nl\/nl\/100025757\/&#8220; url_new_window=&#8220;on&#8220; align=&#8220;center&#8220; _builder_version=&#8220;4.23.1&#8243; _module_preset=&#8220;default&#8220; global_colors_info=&#8220;{}&#8220;][\/et_pb_image][\/et_pb_column][et_pb_column type=&#8220;1_2&#8243; module_id=&#8220;ga-naar-tarieven-leavv&#8220; _builder_version=&#8220;4.23.1&#8243; _module_preset=&#8220;default&#8220; background_color=&#8220;#FFFFFF&#8220; background_enable_image=&#8220;off&#8220; parallax=&#8220;on&#8220; custom_padding=&#8220;40px|30px|40px|30px|true|true&#8220; link_option_url=&#8220;https:\/\/leavv.com\/elektrische-camper-huren-brabant-nl\/&#8220; link_option_url_new_window=&#8220;on&#8220; border_radii=&#8220;on|20px|20px|20px|20px&#8220; box_shadow_style=&#8220;preset2&#8243; box_shadow_horizontal=&#8220;0px&#8220; box_shadow_vertical=&#8220;25px&#8220; box_shadow_blur=&#8220;70px&#8220; global_colors_info=&#8220;{}&#8220;][et_pb_text _builder_version=&#8220;4.23.1&#8243; _module_preset=&#8220;default&#8220; global_colors_info=&#8220;{}&#8220;]<\/p>\n<h1>Elektrisches Wohnmobil<\/h1>\n<p>&nbsp;<\/p>\n<p>Wir sind stolz darauf, der Abholort f\u00fcr LEAVV zu sein. Mieten Sie Ihr vollelektrisches Wohnmobil bei LEAVV und holen Sie es auf unserem Campingplatz ab.<\/p>\n<p>Tarife Elektro-Wohnmobil Klick auf <a href=\"https:\/\/leavv.com\/elektrische-camper-huren-brabant-nl\/\" target=\"_blank\" rel=\"noopener\">LEAVV<\/a><\/p>\n<p>&nbsp;<\/p>\n<p>[\/et_pb_text][et_pb_image src=&#8220;https:\/\/groenecampingindepolder.nl\/wp-content\/uploads\/2023\/12\/electrische-camper-huren-brabant-lage-zwaluwe-lets-leavv.png&#8220; title_text=&#8220;elektro-mobil-vermietung-brabant-niedrig-zwaluwe-vermietung-abreisen&#8220; url=&#8220;https:\/\/leavv.com\/elektrische-camper-huren-brabant-nl\/&#8220; url_new_window=&#8220;on&#8220; align=&#8220;center&#8220; _builder_version=&#8220;4.23.1&#8243; _module_preset=&#8220;default&#8220; global_colors_info=&#8220;{}&#8220;][\/et_pb_image][\/et_pb_column][\/et_pb_row][\/et_pb_section][et_pb_section fb_built=&#8220;1&#8243; admin_label=&#8220;Products&#8220; _builder_version=&#8220;4.22.1&#8243; _module_preset=&#8220;default&#8220; background_color=&#8220;#FF9900&#8243; background_size=&#8220;contain&#8220; background_position=&#8220;bottom_right&#8220; custom_margin=&#8220;||-3px|||&#8220; locked=&#8220;off&#8220; global_colors_info=&#8220;{}&#8220;][et_pb_row column_structure=&#8220;1_2,1_2&#8243; make_equal=&#8220;on&#8220; module_id=&#8220;ga-naar-op-de-fiets&#8220; _builder_version=&#8220;4.22.2&#8243; _module_preset=&#8220;default&#8220; z_index=&#8220;9&#8243; width=&#8220;90%&#8220; min_height=&#8220;250px&#8220; custom_margin=&#8220;20px||||false|false&#8220; custom_padding=&#8220;0px||||false|false&#8220; locked=&#8220;off&#8220; global_colors_info=&#8220;{}&#8220;][et_pb_column type=&#8220;1_2&#8243; _builder_version=&#8220;4.22.2&#8243; _module_preset=&#8220;default&#8220; background_color=&#8220;#FFFFFF&#8220; background_enable_image=&#8220;off&#8220; background_position=&#8220;center_left&#8220; background_horizontal_offset=&#8220;0%&#8220; custom_padding=&#8220;40px|30px|40px|30px|true|true&#8220; link_option_url=&#8220;#&#8220; border_radii=&#8220;on|20px|20px|20px|20px&#8220; box_shadow_style=&#8220;preset2&#8243; box_shadow_horizontal=&#8220;0px&#8220; box_shadow_vertical=&#8220;25px&#8220; box_shadow_blur=&#8220;70px&#8220; global_colors_info=&#8220;{}&#8220;][et_pb_code _builder_version=&#8220;4.22.2&#8243; _module_preset=&#8220;default&#8220; global_colors_info=&#8220;{}&#8220;]<iframe loading=\"lazy\" src=\"https:\/\/www.google.com\/maps\/embed?pb=!1m18!1m12!1m3!1d19782.324585130882!2d4.6901781401367195!3d51.70027745527649!2m3!1f0!2f0!3f0!3m2!1i1024!2i768!4f13.1!3m3!1m2!1s0x47c4271fde286e23%3A0xef4565c20ce194db!2sGroenendijk+35%2C+4926+RE+Lage+Zwaluwe!5e0!3m2!1sen!2snl!4v1421176938306\" width=\"100%\" height=\"400PX\" frameborder=\"0\" style=\"border:0\"><\/iframe>[\/et_pb_code][\/et_pb_column][et_pb_column type=&#8220;1_2&#8243; _builder_version=&#8220;4.22.2&#8243; _module_preset=&#8220;default&#8220; background_color=&#8220;#FFFFFF&#8220; custom_padding=&#8220;40px|30px|40px|30px|true|true&#8220; link_option_url=&#8220;#&#8220; border_radii=&#8220;on|20px|20px|20px|20px&#8220; box_shadow_style=&#8220;preset2&#8243; box_shadow_horizontal=&#8220;0px&#8220; box_shadow_vertical=&#8220;25px&#8220; box_shadow_blur=&#8220;70px&#8220; global_colors_info=&#8220;{}&#8220;][et_pb_heading title=&#8220;KONTAKT&#8220; _builder_version=&#8220;4.23.1&#8243; _module_preset=&#8220;default&#8220; title_font=&#8220;Montserrat|800|||||||&#8220; title_text_color=&#8220;#689B2F&#8220; title_font_size=&#8220;64px&#8220; hover_enabled=&#8220;0&#8243; global_colors_info=&#8220;{}&#8220; title_font_size_last_edited=&#8220;on|phone&#8220; sticky_enabled=&#8220;0&#8243; title_font_size_tablet=&#8220;40px&#8220; title_font_size_phone=&#8220;40px&#8220;][\/et_pb_heading][et_pb_text _builder_version=&#8220;4.23.1&#8243; _module_preset=&#8220;default&#8220; hover_enabled=&#8220;0&#8243; global_colors_info=&#8220;{}&#8220; sticky_enabled=&#8220;0&#8243;]<\/p>\n<p><strong><span style=\"font-size: 18.72px;\">E-<\/span><span style=\"font-size: 16px;\">Mail: <\/span><a href=\"mailto:info@groenecampingindepolder.nl\" target=\"_blank\" rel=\"noopener\" style=\"font-size: 16px;\">info@groenecampingindepolder.nl<\/a><\/strong><\/p>\n<p><strong>Telefon:<a href=\"tel:+31642156125\" target=\"_blank\" rel=\"noopener\"> +31 6 421 561 25<\/a><\/strong><\/p>\n<h4>ADRESSE | GROENE CAMPING IN DE POLDER<\/h4>\n<p>Groenendijk <strong>35<\/strong><br \/>4926 RE Lage Zwaluwe<br \/>Niederlande<\/p>\n<h4>ADRESSE | B &amp; B<\/h4>\n<p>Groenendijk <strong>33A<\/strong><br \/>4926 RE Lage Zwaluwe<br \/>Telefon:<a href=\"tel:+31642156125\" target=\"_blank\" rel=\"noopener\"><strong> +31 6 488 559 86<\/strong><\/a><br \/>Siehe: <strong><a href=\"https:\/\/www.bnbindepolder.nl\/\" target=\"_blank\" rel=\"noopener\" title=\"\u00dcBERNACHTUNG MIT FR\u00dcHST\u00dcCK\">B&amp;B <\/a><\/strong> <\/p>\n<p>[\/et_pb_text][et_pb_code admin_label=&#8220;Code tommy&#8220; _builder_version=&#8220;4.22.2&#8243; _module_preset=&#8220;default&#8220; global_colors_info=&#8220;{}&#8220;]<script src=\"https:\/\/api.tommybookingsupport.com\/widgets\/js\/widget.js\"<!-- [et_pb_line_break_holder] -->        type=\"application\/javascript\" language=\"javascript\"><\/script>[\/et_pb_code][\/et_pb_column][\/et_pb_row][\/et_pb_section]<\/p>\n","protected":false},"excerpt":{"rendered":"<p>Hier finden Sie die Preise, \u00d6ffnungszeiten und den Saisonplan f\u00fcr die Campingsaison 2024 &nbsp;\u00d6ffnungszeiten des Camping:29. M\u00e4rz bis 22. September Ferienh\u00e4user:Das ganze Jahr \u00fcber zur Erholung ge\u00f6ffnetCamping &nbsp; Kinder von 0 bis 12 Jahren \u20ac 5,00* Personen im Alter von 12 Jahren und \u00e4lter \u20ac 6,50* Juli &#8211; August Kinder o bis 12 Jahre \u20ac [&hellip;]<\/p>\n","protected":false},"author":1,"featured_media":0,"parent":0,"menu_order":0,"comment_status":"closed","ping_status":"closed","template":"","meta":{"_et_pb_use_builder":"on","_et_pb_old_content":"","_et_gb_content_width":"","_monsterinsights_skip_tracking":false,"_monsterinsights_sitenote_active":false,"_monsterinsights_sitenote_note":"","_monsterinsights_sitenote_category":0,"footnotes":""},"class_list":["post-235742","page","type-page","status-publish","hentry"],"_links":{"self":[{"href":"https:\/\/groenecampingindepolder.nl\/de\/wp-json\/wp\/v2\/pages\/235742","targetHints":{"allow":["GET"]}}],"collection":[{"href":"https:\/\/groenecampingindepolder.nl\/de\/wp-json\/wp\/v2\/pages"}],"about":[{"href":"https:\/\/groenecampingindepolder.nl\/de\/wp-json\/wp\/v2\/types\/page"}],"author":[{"embeddable":true,"href":"https:\/\/groenecampingindepolder.nl\/de\/wp-json\/wp\/v2\/users\/1"}],"replies":[{"embeddable":true,"href":"https:\/\/groenecampingindepolder.nl\/de\/wp-json\/wp\/v2\/comments?post=235742"}],"version-history":[{"count":11,"href":"https:\/\/groenecampingindepolder.nl\/de\/wp-json\/wp\/v2\/pages\/235742\/revisions"}],"predecessor-version":[{"id":236349,"href":"https:\/\/groenecampingindepolder.nl\/de\/wp-json\/wp\/v2\/pages\/235742\/revisions\/236349"}],"wp:attachment":[{"href":"https:\/\/groenecampingindepolder.nl\/de\/wp-json\/wp\/v2\/media?parent=235742"}],"curies":[{"name":"wp","href":"https:\/\/api.w.org\/{rel}","templated":true}]}}